{"id":28913,"date":"2025-11-11T13:16:13","date_gmt":"2025-11-11T12:16:13","guid":{"rendered":"https:\/\/csma.es\/?page_id=28913"},"modified":"2025-11-11T13:17:56","modified_gmt":"2025-11-11T12:17:56","slug":"pensamiento-cultura-y-tecnicas-corporales","status":"publish","type":"page","link":"https:\/\/csma.es\/en\/pensamiento-cultura-y-tecnicas-corporales\/","title":{"rendered":"Pensamiento, Cultura y T\u00e9cnicas Corporales"},"content":{"rendered":"[vc_row css_animation=&#8221;&#8221; row_type=&#8221;row&#8221; use_row_as_full_screen_section=&#8221;no&#8221; type=&#8221;full_width&#8221; angled_section=&#8221;no&#8221; text_align=&#8221;left&#8221; background_image_as_pattern=&#8221;without_pattern&#8221;][vc_column][vc_separator type=&#8221;transparent&#8221;][\/vc_column][\/vc_row][vc_row css_animation=&#8221;&#8221; row_type=&#8221;row&#8221; use_row_as_full_screen_section=&#8221;no&#8221; type=&#8221;full_width&#8221; angled_section=&#8221;no&#8221; text_align=&#8221;left&#8221; background_image_as_pattern=&#8221;without_pattern&#8221;][vc_column width=&#8221;2\/3&#8243;][vc_column_text]\n<table style=\"width: 100%;\">\n<tbody>\n<tr>\n<td style=\"text-align: justify; width: 33%;\">\n<h3 style=\"text-align: start;\">JEFE DE DEPARTAMENTO<\/h3>\n<p>&nbsp;<\/td>\n<td style=\"text-align: justify;\"><\/td>\n<\/tr>\n<tr>\n<td style=\"text-align: justify; width: 33%;\">LLEIDA LANAU, ENRIQUE<\/td>\n<td style=\"text-align: justify;\">Contacto: <a href=\"mailto:dpto.pensamiento@csmaragon.es\" target=\"_blank\" rel=\"noopener\">dpto.pensamiento@csmaragon.es<\/a><\/td>\n<\/tr>\n<\/tbody>\n<\/table>\n<p>&nbsp;<\/p>\n<table style=\"width: 100%; height: 204px;\">\n<tbody>\n<tr style=\"height: 15px;\">\n<td style=\"text-align: justify; width: 43.9361%; height: 15px;\">\n<h3 style=\"text-align: start;\">PROFESORADO<\/h3>\n<p>&nbsp;<\/td>\n<td style=\"text-align: justify; width: 55.643%; height: 15px;\"><\/td>\n<\/tr>\n<tr style=\"height: 24px;\">\n<td style=\"text-align: justify; width: 43.9361%; height: 23px;\">BAQUER SAH\u00daN, LUC\u00cdA<\/td>\n<td style=\"text-align: justify; width: 55.643%; height: 23px;\">Ingl\u00e9s<\/td>\n<\/tr>\n<tr style=\"height: 24px;\">\n<td style=\"text-align: justify; width: 43.9361%; height: 23px;\">BLANCO MAYOR, ANA MAR\u00cdA<\/td>\n<td style=\"text-align: justify; width: 55.643%; height: 23px;\">Alem\u00e1n<\/td>\n<\/tr>\n<tr style=\"height: 24px;\">\n<td style=\"text-align: justify; width: 43.9361%; height: 24px;\">DEL BURGO DUPL\u00c1, ENRIQUE<\/td>\n<td style=\"text-align: justify; height: 24px; width: 55.643%;\">Educaci\u00f3n auditiva<\/td>\n<\/tr>\n<tr style=\"height: 24px;\">\n<td style=\"text-align: justify; height: 24px; width: 43.9361%;\">GARC\u00cdA MART\u00cdNEZ, RAFAEL<\/td>\n<td style=\"text-align: justify; height: 24px; width: 55.643%;\">T\u00e9cnica Alexander, T\u00e9cnicas de Relajaci\u00f3n, PFG<\/td>\n<\/tr>\n<tr style=\"height: 24px;\">\n<td style=\"text-align: justify; height: 24px; width: 43.9361%;\">LLEIDA LANAU, ENRIQUE<\/td>\n<td style=\"text-align: justify; height: 24px; width: 55.643%;\">Improvisaci\u00f3n, Taller de M\u00fasica Moderna y Jazz<\/td>\n<\/tr>\n<tr style=\"height: 24px;\">\n<td style=\"text-align: justify; height: 24px; width: 43.9361%;\">S\u00c1NCHEZ UNGR\u00cdA, M\u00aa JOS\u00c9<\/td>\n<td style=\"text-align: justify; height: 24px; width: 55.643%;\">Historia de la M\u00fasica<\/td>\n<\/tr>\n<tr style=\"height: 24px;\">\n<td style=\"text-align: justify; width: 43.9361%; height: 23px;\"><a href=\"https:\/\/csma.es\/profesorado\/teresa-vilaplana\/\" target=\"_blank\" rel=\"noopener\">VILAPLANA MAZA<\/a><a href=\"https:\/\/csma.es\/profesorado\/teresa-vilaplana\/\" target=\"_blank\" rel=\"noopener\">, TERESA<\/a><\/td>\n<td style=\"text-align: justify; width: 55.643%; height: 23px;\">Improvisaci\u00f3n, Repertorio con pianista<\/td>\n<\/tr>\n<tr style=\"height: 24px;\">\n<td style=\"text-align: justify; height: 24px; width: 43.9361%;\">VILLANUEVA HERRERO, ISMAEL<\/td>\n<td style=\"text-align: justify; height: 24px; width: 55.643%;\">Te\u00f3rica y pr\u00e1ctica del Canto Gregoriano, PFG<\/td>\n<\/tr>\n<\/tbody>\n<\/table>\n[\/vc_column_text][\/vc_column][vc_column width=&#8221;1\/3&#8243;]<div class=\"qode-news-holder qode-post-carousel1 qode-nl-normal-space\"  data-post-status=publish data-category-name=profesorado-materias data-ignore-sticky-posts=1 data-paged=1 data-max-num-pages=1 data-next-page=2 data-title-tag=h4 data-image-size=full data-display-categories=yes data-display-excerpt=no data-display-date=no data-display-author=no data-display-share=no data-display-hot-trending-icons=no data-layout=qode_post_carousel1><div class=\"qode-news-list-inner-holder qode-owl-slider\" data-enable-navigation=\"no\" data-number-of-items=\"1\"><div class=\"qode-news-item qode-layout1-item\">\n\t\t<div class=\"qode-news-item-image-holder\">\n\t\t\t<div class=\"qode-post-image\">\n\t    <a itemprop=\"url\" href=\"https:\/\/csma.es\/en\/profesorado-materias\/luis-manuel-cuartero-oliveros\/\" title=\"LUIS MANUEL CUARTERO OLIVEROS\">\n                        <img loading=\"lazy\" decoding=\"async\" width=\"1960\" height=\"1307\" src=\"https:\/\/csma.es\/wp-content\/uploads\/2024\/11\/FOTO-LMCO-1.jpg\" class=\"attachment-full size-full wp-post-image\" alt=\"\" srcset=\"https:\/\/csma.es\/wp-content\/uploads\/2024\/11\/FOTO-LMCO-1.jpg 1960w, https:\/\/csma.es\/wp-content\/uploads\/2024\/11\/FOTO-LMCO-1-300x200.jpg 300w, https:\/\/csma.es\/wp-content\/uploads\/2024\/11\/FOTO-LMCO-1-1024x683.jpg 1024w, https:\/\/csma.es\/wp-content\/uploads\/2024\/11\/FOTO-LMCO-1-768x512.jpg 768w, https:\/\/csma.es\/wp-content\/uploads\/2024\/11\/FOTO-LMCO-1-1536x1024.jpg 1536w, https:\/\/csma.es\/wp-content\/uploads\/2024\/11\/FOTO-LMCO-1-1200x800.jpg 1200w, https:\/\/csma.es\/wp-content\/uploads\/2024\/11\/FOTO-LMCO-1-700x467.jpg 700w, https:\/\/csma.es\/wp-content\/uploads\/2024\/11\/FOTO-LMCO-1-1320x880.jpg 1320w\" sizes=\"auto, (max-width: 1960px) 100vw, 1960px\" \/>            \t    <\/a>\n\t<\/div>\n        <div class=\"qode-news-image-info-holder-left\">\n\t\t\t        <\/div>\n        <div class=\"qode-news-image-info-holder-right\">\n\t\t\t\t\t<\/div>\n\t<\/div>\n    \t<div class=\"qode-ni-content\">\n        \t<div class=\"qode-post-info-category\">\n\t\t<a href=\"https:\/\/csma.es\/en\/category\/profesorado-materias\/\"><span class=\"qode-category-name\" >Profesorado materias b\u00e1sicas <\/span><\/a>\t<\/div>\n\t\t\n<h4 itemprop=\"name\" class=\"entry-title qode-post-title\">\n    <a itemprop=\"url\" href=\"https:\/\/csma.es\/en\/profesorado-materias\/luis-manuel-cuartero-oliveros\/\" title=\"LUIS MANUEL CUARTERO OLIVEROS\">\n        LUIS MANUEL CUARTERO OLIVEROS    <\/a>\n<\/h4>\t\t\t\t        \t<\/div>\n<\/div><div class=\"qode-news-item qode-layout1-item\">\n\t\t<div class=\"qode-news-item-image-holder\">\n\t\t\t<div class=\"qode-post-image\">\n\t    <a itemprop=\"url\" href=\"https:\/\/csma.es\/en\/profesorado-materias\/teresa-vilaplana\/\" title=\"TERESA VILAPLANA MAZA\">\n                        <img loading=\"lazy\" decoding=\"async\" width=\"213\" height=\"320\" src=\"https:\/\/csma.es\/wp-content\/uploads\/2023\/09\/TERESA-VILAPLANA.jpg\" class=\"attachment-full size-full wp-post-image\" alt=\"\" srcset=\"https:\/\/csma.es\/wp-content\/uploads\/2023\/09\/TERESA-VILAPLANA.jpg 213w, https:\/\/csma.es\/wp-content\/uploads\/2023\/09\/TERESA-VILAPLANA-200x300.jpg 200w\" sizes=\"auto, (max-width: 213px) 100vw, 213px\" \/>            \t    <\/a>\n\t<\/div>\n        <div class=\"qode-news-image-info-holder-left\">\n\t\t\t        <\/div>\n        <div class=\"qode-news-image-info-holder-right\">\n\t\t\t\t\t<\/div>\n\t<\/div>\n    \t<div class=\"qode-ni-content\">\n        \t<div class=\"qode-post-info-category\">\n\t\t<a href=\"https:\/\/csma.es\/en\/category\/profesorado-materias\/\"><span class=\"qode-category-name\" >Profesorado materias b\u00e1sicas <\/span><\/a>\t<\/div>\n\t\t\n<h4 itemprop=\"name\" class=\"entry-title qode-post-title\">\n    <a itemprop=\"url\" href=\"https:\/\/csma.es\/en\/profesorado-materias\/teresa-vilaplana\/\" title=\"TERESA VILAPLANA MAZA\">\n        TERESA VILAPLANA MAZA    <\/a>\n<\/h4>\t\t\t\t        \t<\/div>\n<\/div><\/div><\/div>[\/vc_column][\/vc_row][vc_row css_animation=&#8221;&#8221; row_type=&#8221;row&#8221; use_row_as_full_screen_section=&#8221;no&#8221; type=&#8221;full_width&#8221; angled_section=&#8221;no&#8221; text_align=&#8221;left&#8221; background_image_as_pattern=&#8221;without_pattern&#8221;][vc_column][vc_separator type=&#8221;transparent&#8221;][vc_separator type=&#8221;transparent&#8221;][vc_separator type=&#8221;transparent&#8221;][\/vc_column][\/vc_row][vc_row css_animation=&#8221;&#8221; row_type=&#8221;row&#8221; use_row_as_full_screen_section=&#8221;no&#8221; type=&#8221;full_width&#8221; angled_section=&#8221;no&#8221; text_align=&#8221;left&#8221; background_image_as_pattern=&#8221;without_pattern&#8221;][vc_column][vc_separator type=&#8221;transparent&#8221;][vc_separator type=&#8221;transparent&#8221;][vc_separator type=&#8221;transparent&#8221;][vc_separator type=&#8221;transparent&#8221;][vc_separator type=&#8221;transparent&#8221;][vc_separator type=&#8221;transparent&#8221;][vc_separator type=&#8221;transparent&#8221;][\/vc_column][\/vc_row]\n","protected":false},"excerpt":{"rendered":"<p>[vc_row css_animation=&#8221;&#8221; row_type=&#8221;row&#8221; use_row_as_full_screen_section=&#8221;no&#8221; type=&#8221;full_width&#8221; angled_section=&#8221;no&#8221; text_align=&#8221;left&#8221; background_image_as_pattern=&#8221;without_pattern&#8221;][vc_column][vc_separator type=&#8221;transparent&#8221;][\/vc_column][\/vc_row][vc_row css_animation=&#8221;&#8221; row_type=&#8221;row&#8221; use_row_as_full_screen_section=&#8221;no&#8221; type=&#8221;full_width&#8221; angled_section=&#8221;no&#8221; text_align=&#8221;left&#8221; background_image_as_pattern=&#8221;without_pattern&#8221;][vc_column width=&#8221;2\/3&#8243;][vc_column_text] JEFE DE DEPARTAMENTO &nbsp; LLEIDA LANAU, ENRIQUE Contacto:&#8230;<\/p>\n","protected":false},"author":3,"featured_media":0,"parent":0,"menu_order":0,"comment_status":"closed","ping_status":"closed","template":"","meta":{"_acf_changed":false,"footnotes":""},"class_list":["post-28913","page","type-page","status-publish","hentry"],"acf":[],"yoast_head":"<!-- This site is optimized with the Yoast SEO plugin v27.4 - https:\/\/yoast.com\/product\/yoast-seo-wordpress\/ -->\n<title>Pensamiento, Cultura y T\u00e9cnicas Corporales - CSMA<\/title>\n<meta name=\"robots\" content=\"index, follow, max-snippet:-1, max-image-preview:large, max-video-preview:-1\" \/>\n<link rel=\"canonical\" href=\"https:\/\/csma.es\/pensamiento-cultura-y-tecnicas-corporales\/\" \/>\n<meta property=\"og:locale\" content=\"en_US\" \/>\n<meta property=\"og:type\" content=\"article\" \/>\n<meta property=\"og:title\" content=\"Pensamiento, Cultura y T\u00e9cnicas Corporales - CSMA\" \/>\n<meta property=\"og:description\" content=\"[vc_row css_animation=&#8221;&#8221; row_type=&#8221;row&#8221; use_row_as_full_screen_section=&#8221;no&#8221; type=&#8221;full_width&#8221; angled_section=&#8221;no&#8221; text_align=&#8221;left&#8221; background_image_as_pattern=&#8221;without_pattern&#8221;][vc_column][vc_separator type=&#8221;transparent&#8221;][\/vc_column][\/vc_row][vc_row css_animation=&#8221;&#8221; row_type=&#8221;row&#8221; use_row_as_full_screen_section=&#8221;no&#8221; type=&#8221;full_width&#8221; angled_section=&#8221;no&#8221; text_align=&#8221;left&#8221; background_image_as_pattern=&#8221;without_pattern&#8221;][vc_column width=&#8221;2\/3&#8243;][vc_column_text] JEFE DE DEPARTAMENTO &nbsp; LLEIDA LANAU, ENRIQUE Contacto:...\" \/>\n<meta property=\"og:url\" content=\"https:\/\/csma.es\/pensamiento-cultura-y-tecnicas-corporales\/\" \/>\n<meta property=\"og:site_name\" content=\"CSMA\" \/>\n<meta property=\"article:publisher\" content=\"https:\/\/www.facebook.com\/CSMAragon\/\" \/>\n<meta property=\"article:modified_time\" content=\"2025-11-11T12:17:56+00:00\" \/>\n<meta property=\"og:image\" content=\"https:\/\/csma.es\/wp-content\/uploads\/2019\/11\/csma-1200.png\" \/>\n\t<meta property=\"og:image:width\" content=\"1200\" \/>\n\t<meta property=\"og:image:height\" content=\"630\" \/>\n\t<meta property=\"og:image:type\" content=\"image\/png\" \/>\n<meta name=\"twitter:card\" content=\"summary_large_image\" \/>\n<meta name=\"twitter:site\" content=\"@csmaconser\" \/>\n<meta name=\"twitter:label1\" content=\"Est. reading time\" \/>\n\t<meta name=\"twitter:data1\" content=\"1 minute\" \/>\n<script type=\"application\/ld+json\" class=\"yoast-schema-graph\">{\"@context\":\"https:\\\/\\\/schema.org\",\"@graph\":[{\"@type\":\"WebPage\",\"@id\":\"https:\\\/\\\/csma.es\\\/pensamiento-cultura-y-tecnicas-corporales\\\/\",\"url\":\"https:\\\/\\\/csma.es\\\/pensamiento-cultura-y-tecnicas-corporales\\\/\",\"name\":\"Pensamiento, Cultura y T\u00e9cnicas Corporales - CSMA\",\"isPartOf\":{\"@id\":\"https:\\\/\\\/csma.es\\\/#website\"},\"datePublished\":\"2025-11-11T12:16:13+00:00\",\"dateModified\":\"2025-11-11T12:17:56+00:00\",\"breadcrumb\":{\"@id\":\"https:\\\/\\\/csma.es\\\/pensamiento-cultura-y-tecnicas-corporales\\\/#breadcrumb\"},\"inLanguage\":\"en-US\",\"potentialAction\":[{\"@type\":\"ReadAction\",\"target\":[\"https:\\\/\\\/csma.es\\\/pensamiento-cultura-y-tecnicas-corporales\\\/\"]}]},{\"@type\":\"BreadcrumbList\",\"@id\":\"https:\\\/\\\/csma.es\\\/pensamiento-cultura-y-tecnicas-corporales\\\/#breadcrumb\",\"itemListElement\":[{\"@type\":\"ListItem\",\"position\":1,\"name\":\"Portada\",\"item\":\"https:\\\/\\\/csma.es\\\/en\\\/\"},{\"@type\":\"ListItem\",\"position\":2,\"name\":\"Pensamiento, Cultura y T\u00e9cnicas Corporales\"}]},{\"@type\":\"WebSite\",\"@id\":\"https:\\\/\\\/csma.es\\\/#website\",\"url\":\"https:\\\/\\\/csma.es\\\/\",\"name\":\"CSMA\",\"description\":\"Conservatorio Superior de M\u00fasica de Arag\u00f3n\",\"publisher\":{\"@id\":\"https:\\\/\\\/csma.es\\\/#organization\"},\"potentialAction\":[{\"@type\":\"SearchAction\",\"target\":{\"@type\":\"EntryPoint\",\"urlTemplate\":\"https:\\\/\\\/csma.es\\\/?s={search_term_string}\"},\"query-input\":{\"@type\":\"PropertyValueSpecification\",\"valueRequired\":true,\"valueName\":\"search_term_string\"}}],\"inLanguage\":\"en-US\"},{\"@type\":\"Organization\",\"@id\":\"https:\\\/\\\/csma.es\\\/#organization\",\"name\":\"Conservatorio Superior de M\u00fasica de Arag\u00f3n\",\"url\":\"https:\\\/\\\/csma.es\\\/\",\"logo\":{\"@type\":\"ImageObject\",\"inLanguage\":\"en-US\",\"@id\":\"https:\\\/\\\/csma.es\\\/#\\\/schema\\\/logo\\\/image\\\/\",\"url\":\"https:\\\/\\\/csma.es\\\/wp-content\\\/uploads\\\/2025\\\/04\\\/cropped-logo-csma-40anos-vertical-sintexto-positivo.png\",\"contentUrl\":\"https:\\\/\\\/csma.es\\\/wp-content\\\/uploads\\\/2025\\\/04\\\/cropped-logo-csma-40anos-vertical-sintexto-positivo.png\",\"width\":512,\"height\":512,\"caption\":\"Conservatorio Superior de M\u00fasica de Arag\u00f3n\"},\"image\":{\"@id\":\"https:\\\/\\\/csma.es\\\/#\\\/schema\\\/logo\\\/image\\\/\"},\"sameAs\":[\"https:\\\/\\\/www.facebook.com\\\/CSMAragon\\\/\",\"https:\\\/\\\/x.com\\\/csmaconser\",\"https:\\\/\\\/www.instagram.com\\\/csmaragon\\\/\",\"https:\\\/\\\/www.youtube.com\\\/channel\\\/UCcsLLtgZJUhz11-3Aj1sv3w\"]}]}<\/script>\n<!-- \/ Yoast SEO plugin. -->","yoast_head_json":{"title":"Pensamiento, Cultura y T\u00e9cnicas Corporales - CSMA","robots":{"index":"index","follow":"follow","max-snippet":"max-snippet:-1","max-image-preview":"max-image-preview:large","max-video-preview":"max-video-preview:-1"},"canonical":"https:\/\/csma.es\/pensamiento-cultura-y-tecnicas-corporales\/","og_locale":"en_US","og_type":"article","og_title":"Pensamiento, Cultura y T\u00e9cnicas Corporales - CSMA","og_description":"[vc_row css_animation=&#8221;&#8221; row_type=&#8221;row&#8221; use_row_as_full_screen_section=&#8221;no&#8221; type=&#8221;full_width&#8221; angled_section=&#8221;no&#8221; text_align=&#8221;left&#8221; background_image_as_pattern=&#8221;without_pattern&#8221;][vc_column][vc_separator type=&#8221;transparent&#8221;][\/vc_column][\/vc_row][vc_row css_animation=&#8221;&#8221; row_type=&#8221;row&#8221; use_row_as_full_screen_section=&#8221;no&#8221; type=&#8221;full_width&#8221; angled_section=&#8221;no&#8221; text_align=&#8221;left&#8221; background_image_as_pattern=&#8221;without_pattern&#8221;][vc_column width=&#8221;2\/3&#8243;][vc_column_text] JEFE DE DEPARTAMENTO &nbsp; LLEIDA LANAU, ENRIQUE Contacto:...","og_url":"https:\/\/csma.es\/pensamiento-cultura-y-tecnicas-corporales\/","og_site_name":"CSMA","article_publisher":"https:\/\/www.facebook.com\/CSMAragon\/","article_modified_time":"2025-11-11T12:17:56+00:00","og_image":[{"width":1200,"height":630,"url":"https:\/\/csma.es\/wp-content\/uploads\/2019\/11\/csma-1200.png","type":"image\/png"}],"twitter_card":"summary_large_image","twitter_site":"@csmaconser","twitter_misc":{"Est. reading time":"1 minute"},"schema":{"@context":"https:\/\/schema.org","@graph":[{"@type":"WebPage","@id":"https:\/\/csma.es\/pensamiento-cultura-y-tecnicas-corporales\/","url":"https:\/\/csma.es\/pensamiento-cultura-y-tecnicas-corporales\/","name":"Pensamiento, Cultura y T\u00e9cnicas Corporales - CSMA","isPartOf":{"@id":"https:\/\/csma.es\/#website"},"datePublished":"2025-11-11T12:16:13+00:00","dateModified":"2025-11-11T12:17:56+00:00","breadcrumb":{"@id":"https:\/\/csma.es\/pensamiento-cultura-y-tecnicas-corporales\/#breadcrumb"},"inLanguage":"en-US","potentialAction":[{"@type":"ReadAction","target":["https:\/\/csma.es\/pensamiento-cultura-y-tecnicas-corporales\/"]}]},{"@type":"BreadcrumbList","@id":"https:\/\/csma.es\/pensamiento-cultura-y-tecnicas-corporales\/#breadcrumb","itemListElement":[{"@type":"ListItem","position":1,"name":"Portada","item":"https:\/\/csma.es\/en\/"},{"@type":"ListItem","position":2,"name":"Pensamiento, Cultura y T\u00e9cnicas Corporales"}]},{"@type":"WebSite","@id":"https:\/\/csma.es\/#website","url":"https:\/\/csma.es\/","name":"CSMA","description":"Conservatorio Superior de M\u00fasica de Arag\u00f3n","publisher":{"@id":"https:\/\/csma.es\/#organization"},"potentialAction":[{"@type":"SearchAction","target":{"@type":"EntryPoint","urlTemplate":"https:\/\/csma.es\/?s={search_term_string}"},"query-input":{"@type":"PropertyValueSpecification","valueRequired":true,"valueName":"search_term_string"}}],"inLanguage":"en-US"},{"@type":"Organization","@id":"https:\/\/csma.es\/#organization","name":"Conservatorio Superior de M\u00fasica de Arag\u00f3n","url":"https:\/\/csma.es\/","logo":{"@type":"ImageObject","inLanguage":"en-US","@id":"https:\/\/csma.es\/#\/schema\/logo\/image\/","url":"https:\/\/csma.es\/wp-content\/uploads\/2025\/04\/cropped-logo-csma-40anos-vertical-sintexto-positivo.png","contentUrl":"https:\/\/csma.es\/wp-content\/uploads\/2025\/04\/cropped-logo-csma-40anos-vertical-sintexto-positivo.png","width":512,"height":512,"caption":"Conservatorio Superior de M\u00fasica de Arag\u00f3n"},"image":{"@id":"https:\/\/csma.es\/#\/schema\/logo\/image\/"},"sameAs":["https:\/\/www.facebook.com\/CSMAragon\/","https:\/\/x.com\/csmaconser","https:\/\/www.instagram.com\/csmaragon\/","https:\/\/www.youtube.com\/channel\/UCcsLLtgZJUhz11-3Aj1sv3w"]}]}},"publishpress_future_action":{"enabled":false,"date":"2026-04-25 11:23:46","action":"change-status","newStatus":"draft","terms":[],"taxonomy":"","extraData":[]},"publishpress_future_workflow_manual_trigger":{"enabledWorkflows":[]},"_links":{"self":[{"href":"https:\/\/csma.es\/en\/wp-json\/wp\/v2\/pages\/28913","targetHints":{"allow":["GET"]}}],"collection":[{"href":"https:\/\/csma.es\/en\/wp-json\/wp\/v2\/pages"}],"about":[{"href":"https:\/\/csma.es\/en\/wp-json\/wp\/v2\/types\/page"}],"author":[{"embeddable":true,"href":"https:\/\/csma.es\/en\/wp-json\/wp\/v2\/users\/3"}],"replies":[{"embeddable":true,"href":"https:\/\/csma.es\/en\/wp-json\/wp\/v2\/comments?post=28913"}],"version-history":[{"count":0,"href":"https:\/\/csma.es\/en\/wp-json\/wp\/v2\/pages\/28913\/revisions"}],"wp:attachment":[{"href":"https:\/\/csma.es\/en\/wp-json\/wp\/v2\/media?parent=28913"}],"curies":[{"name":"wp","href":"https:\/\/api.w.org\/{rel}","templated":true}]}}