{"id":28891,"date":"2025-06-04T12:27:46","date_gmt":"2025-06-04T10:27:46","guid":{"rendered":"https:\/\/csma.es\/?page_id=28891"},"modified":"2026-04-10T10:38:55","modified_gmt":"2026-04-10T08:38:55","slug":"managing-team-2","status":"publish","type":"page","link":"https:\/\/csma.es\/en\/managing-team-2\/","title":{"rendered":"Managing Team"},"content":{"rendered":"[vc_row css_animation=&#8221;&#8221; row_type=&#8221;row&#8221; use_row_as_full_screen_section=&#8221;no&#8221; type=&#8221;full_width&#8221; angled_section=&#8221;no&#8221; text_align=&#8221;left&#8221; background_image_as_pattern=&#8221;without_pattern&#8221;][vc_column][vc_separator type=&#8221;transparent&#8221;][vc_separator type=&#8221;transparent&#8221;][vc_column_text css=&#8221;.vc_custom_1775810078443{padding-top: 20px !important;padding-right: 20px !important;padding-bottom: 20px !important;padding-left: 20px !important;background-color: #ededed !important;}&#8221;]\n<div>\n<h3><span style=\"font-size: 18pt;\">MANAGEMENT TEAM<\/span><\/h3>\n<p>&nbsp;<\/p>\n<table style=\"width: 100%; height: 267px;\">\n<tbody>\n<tr>\n<td style=\"width: 35.2959%; text-align: justify;\"><strong>Director<\/strong><\/td>\n<td style=\"width: 30.7041%; text-align: justify;\">C\u00e9sar Peris Escrig<\/td>\n<td style=\"text-align: justify; width: 33.6735%;\"><a href=\"mailto:direccion@csmaragon.es\">direccion@csmaragon.es<\/a><\/td>\n<\/tr>\n<tr>\n<td style=\"width: 35.2959%; text-align: justify;\"><strong>Vice-Director<\/strong><\/td>\n<td style=\"width: 30.7041%; text-align: justify;\"><\/td>\n<td style=\"text-align: justify; width: 33.6735%;\"><a href=\"mailto:vicedirecci\u00f3n@csmaragon.es\" rel=\"noopener\">vicedireccion@csmaragon.es<\/a><\/td>\n<\/tr>\n<tr style=\"height: 24px;\">\n<td style=\"text-align: justify; height: 24px; width: 35.2959%;\"><strong>Academic Secretary<\/strong><\/p>\n<p><span style=\"font-size: 10pt;\">Financial Management<\/span><\/td>\n<td style=\"text-align: justify; height: 24px; width: 30.7041%;\">Ismael Villanueva Herrero<\/td>\n<td style=\"text-align: justify; height: 24px; width: 33.6735%;\"><a href=\"mailto:secretario.academico@csmaragon.es\">secretario.academico@csmaragon.es<\/a><\/td>\n<\/tr>\n<tr style=\"height: 24px;\">\n<td style=\"text-align: justify; height: 24px; width: 35.2959%;\"><strong>Head of Academic Studies<\/strong><\/p>\n<p><span style=\"font-size: 10pt;\">Academic Promotion<\/span><\/td>\n<td style=\"text-align: justify; height: 24px; width: 30.7041%;\">Luis Manuel Cuartero Oliveros<\/td>\n<td style=\"text-align: justify; height: 24px; width: 33.6735%;\"><a href=\"mailto:jefatura.academica@csmaragon.es\">jefatura.academica@csmaragon.es<\/a><\/td>\n<\/tr>\n<tr style=\"height: 24px;\">\n<td style=\"text-align: justify; height: 24px; width: 35.2959%;\"><strong>Head of Coordination Studies<\/strong><\/p>\n<p><span style=\"font-size: 10pt;\">Artistic Promotion, Masterclasses<\/span><\/td>\n<td style=\"text-align: justify; height: 24px; width: 30.7041%;\">Elena Ruiz Ortega<\/td>\n<td style=\"text-align: justify; height: 24px; width: 33.6735%;\"><a href=\"mailto:jefatura.coordinacion@csmaragon.es\" rel=\"noopener\">jefatura.coordinacion@csmaragon.es<\/a><\/td>\n<\/tr>\n<tr style=\"height: 10px;\">\n<td style=\"text-align: justify; height: 10px; width: 35.2959%;\"><strong>Head of Communication Studies<\/strong><\/p>\n<p><span style=\"font-size: 10pt;\">Marketing and Social Action<\/span><\/td>\n<td style=\"text-align: justify; height: 10px; width: 30.7041%;\">Mar\u00eda Pilar L\u00f3pez Calzada<\/td>\n<td style=\"text-align: justify; height: 10px; width: 33.6735%;\"><a href=\"mailto:jefatura.comunicacion@csmaragon.es\">jefatura.comunicacion@csmaragon.es<\/a><\/td>\n<\/tr>\n<\/tbody>\n<\/table>\n<\/div>\n[\/vc_column_text][vc_separator type=&#8221;transparent&#8221;][vc_column_text css=&#8221;.vc_custom_1775810241448{padding-top: 20px !important;padding-right: 20px !important;padding-bottom: 20px !important;padding-left: 20px !important;background-color: #ededed !important;}&#8221;]\n<div>\n<h3><span style=\"font-size: 18pt;\">HEADS OF DEPARTMENT<\/span><\/h3>\n<p>&nbsp;<\/p>\n<table style=\"width: 100%; height: 154px;\">\n<tbody>\n<tr style=\"height: 24px;\">\n<td style=\"width: 37.1667%; text-align: justify; height: 24px;\"><strong>String Instruments<\/strong><\/td>\n<td style=\"width: 28.8333%; text-align: justify; height: 24px;\">Francisco Javier Mart\u00edn D\u00edaz<\/td>\n<td style=\"text-align: justify; height: 24px; width: 33.6735%;\"><a href=\"mailto:dpto.cuerda@csmaragon.es\">dpto.cuerda@csmaragon.es<\/a><\/td>\n<\/tr>\n<tr style=\"height: 48px;\">\n<td style=\"width: 37.1667%; text-align: justify; height: 48px;\"><strong>Historical Instruments, Harp, <\/strong><\/p>\n<p><strong>Voice and Plucked String<\/strong><\/td>\n<td style=\"width: 28.8333%; text-align: justify; height: 48px;\">Gloria Mart\u00ednez Garc\u00eda<\/td>\n<td style=\"text-align: justify; height: 48px; width: 33.6735%;\"><a href=\"mailto:dpto.historicosycanto@csmaragon.es\">dpto.historicosycanto@csmaragon.es<\/a><\/td>\n<\/tr>\n<tr style=\"height: 24px;\">\n<td style=\"text-align: justify; height: 24px; width: 37.1667%;\"><strong>Piano, <\/strong><strong>Accompanists and Accordion<\/strong><\/td>\n<td style=\"text-align: justify; height: 24px; width: 28.8333%;\">Antonio P\u00e9rez Roy<\/td>\n<td style=\"text-align: justify; height: 24px; width: 33.6735%;\"><a href=\"mailto:dpto.pianoyacordeon@csmaragon.es\">dpto.pianoyacordeon@csmaragon.es<\/a><\/td>\n<\/tr>\n<tr style=\"height: 24px;\">\n<td style=\"text-align: justify; height: 24px; width: 37.1667%;\"><strong>Wind and Percussion Instruments<\/strong><\/td>\n<td style=\"text-align: justify; height: 24px; width: 28.8333%;\">Pau Molt\u00f3 Biosca<\/td>\n<td style=\"text-align: justify; height: 24px; width: 33.6735%;\"><a href=\"mailto:dpto.vientoypercusion@csmaragon.es\" target=\"_blank\" rel=\"noopener\">dpto.vientoypercusion@csmaragon.es<\/a><\/td>\n<\/tr>\n<tr style=\"height: 10px;\">\n<td style=\"text-align: justify; height: 10px; width: 37.1667%;\"><strong>Symphonic Ensembles and Conducting<\/strong><\/p>\n<p><span style=\"font-size: 10pt;\">Stage Creation<\/span><\/td>\n<td style=\"text-align: justify; height: 10px; width: 28.8333%;\">Javier Castro Villamor<\/td>\n<td style=\"text-align: justify; height: 10px; width: 33.6735%;\"><a href=\"mailto:dpto.agrupacionesydireccion@csmaragon.es\" target=\"_blank\" rel=\"noopener\">dpto.agrupacionesydireccion@csmaragon.es<\/a><\/td>\n<\/tr>\n<tr style=\"height: 24px;\">\n<td style=\"text-align: justify; height: 24px; width: 37.1667%;\"><strong>Instrumental Projects and Composition<\/strong><\/p>\n<p><span style=\"font-size: 10pt;\">Artistic Creation<\/span><\/td>\n<td style=\"text-align: justify; height: 24px; width: 28.8333%;\">Llu\u00efsa Espigol\u00e9 Ib\u00e1\u00f1ez<\/td>\n<td style=\"text-align: justify; height: 24px; width: 33.6735%;\"><a href=\"mailto:dpto.proyectosycomposicion@csmaragon.es\" target=\"_blank\" rel=\"noopener\">dpto.proyectosycomposicion@csmaragon.es<\/a><\/td>\n<\/tr>\n<tr>\n<td style=\"text-align: justify; width: 37.1667%;\"><strong>Chamber Music<\/strong><\/p>\n<p><span style=\"font-size: 10pt;\">Cultural Management<\/span><\/td>\n<td style=\"text-align: justify; width: 28.8333%;\">Jorge Antonio Nava Vasquez<\/td>\n<td style=\"text-align: justify; width: 33.6735%;\"><a href=\"mailto:dpto.camara@csmaragon.es\" target=\"_blank\" rel=\"noopener\">dpto.camara@csmaragon.es<\/a><\/td>\n<\/tr>\n<tr>\n<td style=\"text-align: justify; width: 37.1667%;\"><strong>Thought, Culture and Body Techniques<\/strong><\/td>\n<td style=\"text-align: justify; width: 28.8333%;\">Enrique Lleida Lanau<\/td>\n<td style=\"text-align: justify; width: 33.6735%;\"><a href=\"mailto:dpto.pensamiento@csmaragon.es\" rel=\"noopener\">dpto.pensamiento@csmaragon.es<\/a><\/td>\n<\/tr>\n<\/tbody>\n<\/table>\n<\/div>\n[\/vc_column_text][vc_separator type=&#8221;transparent&#8221;][vc_column_text css=&#8221;.vc_custom_1746690798105{padding-top: 20px !important;padding-right: 20px !important;padding-bottom: 20px !important;padding-left: 20px !important;background-color: #ededed !important;}&#8221;]\n<div>\n<h3><span style=\"font-size: 18pt;\">COORDINATIONS<\/span><\/h3>\n<p>&nbsp;<\/p>\n<table style=\"width: 100%; height: 134px;\">\n<tbody>\n<tr style=\"height: 24px;\">\n<td style=\"width: 35.466%; text-align: justify; height: 24px;\"><strong>COFO TAP<\/strong><\/p>\n<p><span style=\"font-size: 10pt;\">Digital Transformation<\/span><\/td>\n<td style=\"width: 30.534%; text-align: justify; height: 24px;\">Guillermo Cobo Garc\u00eda<\/td>\n<td style=\"text-align: justify; height: 24px; width: 33.6735%;\"><a href=\"mailto:formaciontecnologica@csmaragon.es\" target=\"_blank\" rel=\"noopener\">formaciontecnologica@csmaragon.es<\/a><\/td>\n<\/tr>\n<tr>\n<td style=\"width: 35.466%; text-align: justify;\"><strong>COFO<\/strong><\/p>\n<p><span style=\"font-size: 10pt;\">Teacher Training Coordination<\/span><\/td>\n<td style=\"width: 30.534%; text-align: justify;\">Carlos Estopi\u00f1\u00e1n Dom\u00ednguez<\/td>\n<td style=\"text-align: justify; width: 33.6735%;\"><a href=\"mailto:formacionprofesorado@csmaragon.es\" target=\"_blank\" rel=\"noopener\">formacionprofesorado@csmaragon.es<\/a><\/td>\n<\/tr>\n<tr style=\"height: 24px;\">\n<td style=\"text-align: justify; height: 24px; width: 35.466%;\"><strong>ERASMUS<\/strong><\/p>\n<p><span style=\"font-size: 10pt;\">International Coordination<\/span><\/td>\n<td style=\"text-align: justify; height: 24px; width: 30.534%;\">Teresa Vilaplana Maza<\/td>\n<td style=\"text-align: justify; height: 24px; width: 33.6735%;\"><a href=\"mailto:erasmus@csmaragon.es\" target=\"_blank\" rel=\"noopener\">erasmus@csmaragon.es<\/a><\/td>\n<\/tr>\n<tr style=\"height: 24px;\">\n<td style=\"text-align: justify; height: 24px; width: 35.466%;\"><strong>EQUALITY AND COEXISTENCE<\/strong><\/p>\n<p><span style=\"font-size: 10pt;\">Solidarity and Volunteering<\/span><\/td>\n<td style=\"text-align: justify; height: 24px; width: 30.534%;\">Llanos Mart\u00ednez Lozano<\/td>\n<td style=\"text-align: justify; height: 24px; width: 33.6735%;\"><a href=\"mailto:igualdad@csmaragon.es\" target=\"_blank\" rel=\"noopener\">igualdad@csmaragon.es<\/a><\/td>\n<\/tr>\n<\/tbody>\n<\/table>\n<\/div>\n[\/vc_column_text][vc_separator type=&#8221;transparent&#8221;][vc_column_text css=&#8221;.vc_custom_1743673739339{padding-top: 20px !important;padding-right: 20px !important;padding-bottom: 20px !important;padding-left: 20px !important;background-color: #ededed !important;}&#8221;]\n<div>\n<h3><span style=\"font-size: 18pt;\">ADMINISTRATION<\/span><\/h3>\n<p>&nbsp;<\/p>\n<table style=\"width: 100%; height: 58px;\">\n<tbody>\n<tr style=\"height: 24px;\">\n<td style=\"width: 34.5306%; text-align: justify; height: 24px;\"><strong>Head of Secretariat<\/strong><\/td>\n<td style=\"width: 31.4694%; text-align: justify; height: 24px;\">Mari Sol Galindo Yus<\/td>\n<td style=\"text-align: justify; height: 24px; width: 33.6735%;\"><a href=\"mailto:informacion@csmaragon.es\">informacion@csmaragon.es<\/a><\/td>\n<\/tr>\n<tr style=\"height: 24px;\">\n<td style=\"text-align: justify; height: 24px; width: 34.5306%;\"><strong>Administrative Assistant<\/strong><\/td>\n<td style=\"text-align: justify; height: 24px; width: 31.4694%;\">Macarena Angulo Cabeza<\/td>\n<td style=\"text-align: justify; height: 24px; width: 33.6735%;\"><a href=\"mailto:secretaria@csmaragon.es\">secretaria@csmaragon.es<\/a><\/td>\n<\/tr>\n<tr style=\"height: 45px;\">\n<td style=\"text-align: justify; width: 34.5306%; height: 10px;\"><strong>Administrative Assistant<\/strong><\/td>\n<td style=\"text-align: justify; width: 31.4694%; height: 10px;\">Montserrat Serrano Ornaque<\/td>\n<td style=\"text-align: justify; width: 33.6735%; height: 10px;\"><a href=\"mailto:informacion@csmaragon.es\">informacion@csmaragon.es<\/a><\/td>\n<\/tr>\n<\/tbody>\n<\/table>\n<\/div>\n[\/vc_column_text][vc_separator type=&#8221;transparent&#8221;][vc_column_text css=&#8221;.vc_custom_1775810317231{padding-top: 20px !important;padding-right: 20px !important;padding-bottom: 20px !important;padding-left: 20px !important;background-color: #ededed !important;}&#8221;]\n<div>\n<h3><span style=\"font-size: 18pt;\">LIBRARY<\/span><\/h3>\n<p>&nbsp;<\/p>\n<table style=\"width: 100%; height: 20px;\">\n<tbody>\n<tr style=\"height: 24px;\">\n<td style=\"width: 35.9761%; text-align: justify; height: 10px;\"><strong>Head Librarian<\/strong><\/p>\n<p><span style=\"font-size: 10pt;\">(Ariadna Projects)<\/span><\/td>\n<td style=\"width: 30.0239%; text-align: justify; height: 10px;\">Fernando Mamani Ortiz<\/td>\n<td style=\"text-align: justify; height: 10px; width: 33.6735%;\"><a href=\"mailto:biblioteca@csma.es\">biblioteca@csma.es<\/a><\/td>\n<\/tr>\n<tr style=\"height: 24px;\">\n<td style=\"text-align: justify; height: 10px; width: 35.9761%;\"><\/td>\n<td style=\"text-align: justify; height: 10px; width: 30.0239%;\"><a href=\"https:\/\/bibliotecacsma.es\/web\/\" target=\"_blank\" rel=\"noopener\">www.bibliotecacsma.es<\/a><\/td>\n<td style=\"text-align: justify; height: 10px; width: 33.6735%;\"><\/td>\n<\/tr>\n<\/tbody>\n<\/table>\n<\/div>\n[\/vc_column_text][vc_separator type=&#8221;transparent&#8221;][vc_column_text css=&#8221;.vc_custom_1747045905009{padding-top: 20px !important;padding-right: 20px !important;padding-bottom: 25px !important;padding-left: 20px !important;background-color: #ededed !important;}&#8221;]\n<div>\n<h3><span style=\"font-size: 18pt;\">MAINTENANCE AND STAGE BACKSTAGE<\/span><\/h3>\n<p>&nbsp;<\/p>\n<table style=\"width: 100%; height: 10px;\">\n<tbody>\n<tr style=\"height: 24px;\">\n<td style=\"width: 35.9761%; text-align: justify; height: 10px;\"><strong>Technician<\/strong><\/td>\n<td style=\"width: 30.0239%; text-align: justify; height: 10px;\"><\/td>\n<td style=\"text-align: justify; height: 10px; width: 33.6735%;\"><a href=\"mailto:mantenimiento@csmaragon.es\">mantenimiento@csmaragon.es<\/a><\/td>\n<\/tr>\n<\/tbody>\n<\/table>\n<\/div>\n[\/vc_column_text][vc_separator type=&#8221;transparent&#8221;][vc_column_text css=&#8221;.vc_custom_1743673763018{padding-top: 20px !important;padding-right: 20px !important;padding-bottom: 25px !important;padding-left: 20px !important;background-color: #ededed !important;}&#8221;]\n<div>\n<h3><span style=\"font-size: 18pt;\">STUDENT ASSOCIATION<\/span><\/h3>\n<p>&nbsp;<\/p>\n<table style=\"width: 100%; height: 10px;\">\n<tbody>\n<tr style=\"height: 12px;\">\n<td style=\"width: 33%; text-align: justify; height: 10px;\"><a href=\"mailto:asociacionalumnxscsma@gmail.com\" target=\"_blank\" rel=\"noopener\">asociacionalumnxscsma@gmail.com<\/a><\/td>\n<td style=\"width: 33%; text-align: justify; height: 10px;\"><\/td>\n<td style=\"text-align: justify; height: 10px;\"><\/td>\n<\/tr>\n<\/tbody>\n<\/table>\n<\/div>\n[\/vc_column_text][\/vc_column][\/vc_row][vc_row css_animation=&#8221;&#8221; row_type=&#8221;row&#8221; use_row_as_full_screen_section=&#8221;no&#8221; type=&#8221;full_width&#8221; angled_section=&#8221;no&#8221; text_align=&#8221;left&#8221; background_image_as_pattern=&#8221;without_pattern&#8221;][vc_column][vc_separator type=&#8221;transparent&#8221;][vc_separator type=&#8221;transparent&#8221;][vc_separator type=&#8221;transparent&#8221;][\/vc_column][\/vc_row]\n","protected":false},"excerpt":{"rendered":"<p>[vc_row css_animation=&#8221;&#8221; row_type=&#8221;row&#8221; use_row_as_full_screen_section=&#8221;no&#8221; type=&#8221;full_width&#8221; angled_section=&#8221;no&#8221; text_align=&#8221;left&#8221; background_image_as_pattern=&#8221;without_pattern&#8221;][vc_column][vc_separator type=&#8221;transparent&#8221;][vc_separator type=&#8221;transparent&#8221;][vc_column_text css=&#8221;.vc_custom_1775810078443{padding-top: 20px !important;padding-right: 20px !important;padding-bottom: 20px !important;padding-left: 20px !important;background-color: #ededed !important;}&#8221;] MANAGEMENT TEAM &nbsp; Director&#8230;<\/p>\n","protected":false},"author":3,"featured_media":0,"parent":0,"menu_order":0,"comment_status":"closed","ping_status":"closed","template":"","meta":{"footnotes":""},"class_list":["post-28891","page","type-page","status-publish","hentry"],"yoast_head":"<!-- This site is optimized with the Yoast SEO plugin v27.4 - https:\/\/yoast.com\/product\/yoast-seo-wordpress\/ -->\n<title>Managing Team - CSMA<\/title>\n<meta name=\"robots\" content=\"index, follow, max-snippet:-1, max-image-preview:large, max-video-preview:-1\" \/>\n<link rel=\"canonical\" href=\"https:\/\/csma.es\/en\/managing-team-2\/\" \/>\n<meta property=\"og:locale\" content=\"en_US\" \/>\n<meta property=\"og:type\" content=\"article\" \/>\n<meta property=\"og:title\" content=\"Managing Team - CSMA\" \/>\n<meta property=\"og:description\" content=\"[vc_row css_animation=&#8221;&#8221; row_type=&#8221;row&#8221; use_row_as_full_screen_section=&#8221;no&#8221; type=&#8221;full_width&#8221; angled_section=&#8221;no&#8221; text_align=&#8221;left&#8221; background_image_as_pattern=&#8221;without_pattern&#8221;][vc_column][vc_separator type=&#8221;transparent&#8221;][vc_separator type=&#8221;transparent&#8221;][vc_column_text css=&#8221;.vc_custom_1775810078443{padding-top: 20px !important;padding-right: 20px !important;padding-bottom: 20px !important;padding-left: 20px !important;background-color: #ededed !important;}&#8221;] MANAGEMENT TEAM &nbsp; Director...\" \/>\n<meta property=\"og:url\" content=\"https:\/\/csma.es\/en\/managing-team-2\/\" \/>\n<meta property=\"og:site_name\" content=\"CSMA\" \/>\n<meta property=\"article:publisher\" content=\"https:\/\/www.facebook.com\/CSMAragon\/\" \/>\n<meta property=\"article:modified_time\" content=\"2026-04-10T08:38:55+00:00\" \/>\n<meta property=\"og:image\" content=\"https:\/\/csma.es\/wp-content\/uploads\/2019\/11\/csma-1200.png\" \/>\n\t<meta property=\"og:image:width\" content=\"1200\" \/>\n\t<meta property=\"og:image:height\" content=\"630\" \/>\n\t<meta property=\"og:image:type\" content=\"image\/png\" \/>\n<meta name=\"twitter:card\" content=\"summary_large_image\" \/>\n<meta name=\"twitter:site\" content=\"@csmaconser\" \/>\n<meta name=\"twitter:label1\" content=\"Est. reading time\" \/>\n\t<meta name=\"twitter:data1\" content=\"2 minutes\" \/>\n<script type=\"application\/ld+json\" class=\"yoast-schema-graph\">{\"@context\":\"https:\\\/\\\/schema.org\",\"@graph\":[{\"@type\":\"WebPage\",\"@id\":\"https:\\\/\\\/csma.es\\\/en\\\/managing-team-2\\\/\",\"url\":\"https:\\\/\\\/csma.es\\\/en\\\/managing-team-2\\\/\",\"name\":\"Managing Team - CSMA\",\"isPartOf\":{\"@id\":\"https:\\\/\\\/csma.es\\\/#website\"},\"datePublished\":\"2025-06-04T10:27:46+00:00\",\"dateModified\":\"2026-04-10T08:38:55+00:00\",\"breadcrumb\":{\"@id\":\"https:\\\/\\\/csma.es\\\/en\\\/managing-team-2\\\/#breadcrumb\"},\"inLanguage\":\"en-US\",\"potentialAction\":[{\"@type\":\"ReadAction\",\"target\":[\"https:\\\/\\\/csma.es\\\/en\\\/managing-team-2\\\/\"]}]},{\"@type\":\"BreadcrumbList\",\"@id\":\"https:\\\/\\\/csma.es\\\/en\\\/managing-team-2\\\/#breadcrumb\",\"itemListElement\":[{\"@type\":\"ListItem\",\"position\":1,\"name\":\"Portada\",\"item\":\"https:\\\/\\\/csma.es\\\/en\\\/\"},{\"@type\":\"ListItem\",\"position\":2,\"name\":\"Managing Team\"}]},{\"@type\":\"WebSite\",\"@id\":\"https:\\\/\\\/csma.es\\\/#website\",\"url\":\"https:\\\/\\\/csma.es\\\/\",\"name\":\"CSMA\",\"description\":\"Conservatorio Superior de M\u00fasica de Arag\u00f3n\",\"publisher\":{\"@id\":\"https:\\\/\\\/csma.es\\\/#organization\"},\"potentialAction\":[{\"@type\":\"SearchAction\",\"target\":{\"@type\":\"EntryPoint\",\"urlTemplate\":\"https:\\\/\\\/csma.es\\\/?s={search_term_string}\"},\"query-input\":{\"@type\":\"PropertyValueSpecification\",\"valueRequired\":true,\"valueName\":\"search_term_string\"}}],\"inLanguage\":\"en-US\"},{\"@type\":\"Organization\",\"@id\":\"https:\\\/\\\/csma.es\\\/#organization\",\"name\":\"Conservatorio Superior de M\u00fasica de Arag\u00f3n\",\"url\":\"https:\\\/\\\/csma.es\\\/\",\"logo\":{\"@type\":\"ImageObject\",\"inLanguage\":\"en-US\",\"@id\":\"https:\\\/\\\/csma.es\\\/#\\\/schema\\\/logo\\\/image\\\/\",\"url\":\"https:\\\/\\\/csma.es\\\/wp-content\\\/uploads\\\/2025\\\/04\\\/cropped-logo-csma-40anos-vertical-sintexto-positivo.png\",\"contentUrl\":\"https:\\\/\\\/csma.es\\\/wp-content\\\/uploads\\\/2025\\\/04\\\/cropped-logo-csma-40anos-vertical-sintexto-positivo.png\",\"width\":512,\"height\":512,\"caption\":\"Conservatorio Superior de M\u00fasica de Arag\u00f3n\"},\"image\":{\"@id\":\"https:\\\/\\\/csma.es\\\/#\\\/schema\\\/logo\\\/image\\\/\"},\"sameAs\":[\"https:\\\/\\\/www.facebook.com\\\/CSMAragon\\\/\",\"https:\\\/\\\/x.com\\\/csmaconser\",\"https:\\\/\\\/www.instagram.com\\\/csmaragon\\\/\",\"https:\\\/\\\/www.youtube.com\\\/channel\\\/UCcsLLtgZJUhz11-3Aj1sv3w\"]}]}<\/script>\n<!-- \/ Yoast SEO plugin. -->","yoast_head_json":{"title":"Managing Team - CSMA","robots":{"index":"index","follow":"follow","max-snippet":"max-snippet:-1","max-image-preview":"max-image-preview:large","max-video-preview":"max-video-preview:-1"},"canonical":"https:\/\/csma.es\/en\/managing-team-2\/","og_locale":"en_US","og_type":"article","og_title":"Managing Team - CSMA","og_description":"[vc_row css_animation=&#8221;&#8221; row_type=&#8221;row&#8221; use_row_as_full_screen_section=&#8221;no&#8221; type=&#8221;full_width&#8221; angled_section=&#8221;no&#8221; text_align=&#8221;left&#8221; background_image_as_pattern=&#8221;without_pattern&#8221;][vc_column][vc_separator type=&#8221;transparent&#8221;][vc_separator type=&#8221;transparent&#8221;][vc_column_text css=&#8221;.vc_custom_1775810078443{padding-top: 20px !important;padding-right: 20px !important;padding-bottom: 20px !important;padding-left: 20px !important;background-color: #ededed !important;}&#8221;] MANAGEMENT TEAM &nbsp; Director...","og_url":"https:\/\/csma.es\/en\/managing-team-2\/","og_site_name":"CSMA","article_publisher":"https:\/\/www.facebook.com\/CSMAragon\/","article_modified_time":"2026-04-10T08:38:55+00:00","og_image":[{"width":1200,"height":630,"url":"https:\/\/csma.es\/wp-content\/uploads\/2019\/11\/csma-1200.png","type":"image\/png"}],"twitter_card":"summary_large_image","twitter_site":"@csmaconser","twitter_misc":{"Est. reading time":"2 minutes"},"schema":{"@context":"https:\/\/schema.org","@graph":[{"@type":"WebPage","@id":"https:\/\/csma.es\/en\/managing-team-2\/","url":"https:\/\/csma.es\/en\/managing-team-2\/","name":"Managing Team - CSMA","isPartOf":{"@id":"https:\/\/csma.es\/#website"},"datePublished":"2025-06-04T10:27:46+00:00","dateModified":"2026-04-10T08:38:55+00:00","breadcrumb":{"@id":"https:\/\/csma.es\/en\/managing-team-2\/#breadcrumb"},"inLanguage":"en-US","potentialAction":[{"@type":"ReadAction","target":["https:\/\/csma.es\/en\/managing-team-2\/"]}]},{"@type":"BreadcrumbList","@id":"https:\/\/csma.es\/en\/managing-team-2\/#breadcrumb","itemListElement":[{"@type":"ListItem","position":1,"name":"Portada","item":"https:\/\/csma.es\/en\/"},{"@type":"ListItem","position":2,"name":"Managing Team"}]},{"@type":"WebSite","@id":"https:\/\/csma.es\/#website","url":"https:\/\/csma.es\/","name":"CSMA","description":"Conservatorio Superior de M\u00fasica de Arag\u00f3n","publisher":{"@id":"https:\/\/csma.es\/#organization"},"potentialAction":[{"@type":"SearchAction","target":{"@type":"EntryPoint","urlTemplate":"https:\/\/csma.es\/?s={search_term_string}"},"query-input":{"@type":"PropertyValueSpecification","valueRequired":true,"valueName":"search_term_string"}}],"inLanguage":"en-US"},{"@type":"Organization","@id":"https:\/\/csma.es\/#organization","name":"Conservatorio Superior de M\u00fasica de Arag\u00f3n","url":"https:\/\/csma.es\/","logo":{"@type":"ImageObject","inLanguage":"en-US","@id":"https:\/\/csma.es\/#\/schema\/logo\/image\/","url":"https:\/\/csma.es\/wp-content\/uploads\/2025\/04\/cropped-logo-csma-40anos-vertical-sintexto-positivo.png","contentUrl":"https:\/\/csma.es\/wp-content\/uploads\/2025\/04\/cropped-logo-csma-40anos-vertical-sintexto-positivo.png","width":512,"height":512,"caption":"Conservatorio Superior de M\u00fasica de Arag\u00f3n"},"image":{"@id":"https:\/\/csma.es\/#\/schema\/logo\/image\/"},"sameAs":["https:\/\/www.facebook.com\/CSMAragon\/","https:\/\/x.com\/csmaconser","https:\/\/www.instagram.com\/csmaragon\/","https:\/\/www.youtube.com\/channel\/UCcsLLtgZJUhz11-3Aj1sv3w"]}]}},"publishpress_future_action":{"enabled":false,"date":"2026-05-03 14:09:14","action":"change-status","newStatus":"draft","terms":[],"taxonomy":"","extraData":[]},"publishpress_future_workflow_manual_trigger":{"enabledWorkflows":[]},"_links":{"self":[{"href":"https:\/\/csma.es\/en\/wp-json\/wp\/v2\/pages\/28891","targetHints":{"allow":["GET"]}}],"collection":[{"href":"https:\/\/csma.es\/en\/wp-json\/wp\/v2\/pages"}],"about":[{"href":"https:\/\/csma.es\/en\/wp-json\/wp\/v2\/types\/page"}],"author":[{"embeddable":true,"href":"https:\/\/csma.es\/en\/wp-json\/wp\/v2\/users\/3"}],"replies":[{"embeddable":true,"href":"https:\/\/csma.es\/en\/wp-json\/wp\/v2\/comments?post=28891"}],"version-history":[{"count":0,"href":"https:\/\/csma.es\/en\/wp-json\/wp\/v2\/pages\/28891\/revisions"}],"wp:attachment":[{"href":"https:\/\/csma.es\/en\/wp-json\/wp\/v2\/media?parent=28891"}],"curies":[{"name":"wp","href":"https:\/\/api.w.org\/{rel}","templated":true}]}}