{"id":26186,"date":"2024-04-10T12:54:53","date_gmt":"2024-04-10T10:54:53","guid":{"rendered":"https:\/\/csma.es\/?page_id=26186"},"modified":"2025-09-03T09:49:20","modified_gmt":"2025-09-03T07:49:20","slug":"strings","status":"publish","type":"page","link":"https:\/\/csma.es\/en\/strings\/","title":{"rendered":"Strings"},"content":{"rendered":"[vc_row css_animation=&#8221;&#8221; row_type=&#8221;row&#8221; use_row_as_full_screen_section=&#8221;no&#8221; type=&#8221;full_width&#8221; angled_section=&#8221;no&#8221; text_align=&#8221;left&#8221; background_image_as_pattern=&#8221;without_pattern&#8221;][vc_column][vc_separator type=&#8221;transparent&#8221;][\/vc_column][\/vc_row][vc_row css_animation=&#8221;&#8221; row_type=&#8221;row&#8221; use_row_as_full_screen_section=&#8221;no&#8221; type=&#8221;full_width&#8221; angled_section=&#8221;no&#8221; text_align=&#8221;left&#8221; background_image_as_pattern=&#8221;without_pattern&#8221;][vc_column width=&#8221;2\/3&#8243;][vc_column_text css=&#8221;.vc_custom_1756885756202{padding-top: 20px !important;padding-right: 20px !important;padding-bottom: 20px !important;padding-left: 20px !important;background-color: #ededed !important;}&#8221;]\n<h3>HEAD OF DEPARTMENT<\/h3>\n<p>&nbsp;<\/p>\n<table style=\"width: 100%;\">\n<tbody>\n<tr>\n<td style=\"width: 47.7629%; text-align: left;\"><a href=\"https:\/\/csma.es\/profesorado-cuerda\/javier-martin-diaz\/\" target=\"_blank\" rel=\"noopener\">MART\u00cdN D\u00cdAZ, FRANCISCO JAVIER<\/a><\/td>\n<td style=\"text-align: justify; width: 51.8177%;\">Contact: <a href=\"mailto:dpto.cuerda@csmaragon.es\">dpto.cuerda@csmaragon.es<\/a><\/td>\n<\/tr>\n<\/tbody>\n<\/table>\n<p>&nbsp;<\/p>\n<p>&nbsp;<\/p>\n<h3>TEACHING STAFF<\/h3>\n<p>&nbsp;<\/p>\n<table style=\"width: 100%; height: 288px;\">\n<tbody>\n<tr style=\"height: 24px;\">\n<td style=\"height: 24px; width: 47.541%; text-align: left;\">BERNAL MART\u00cdNEZ, M\u00aa ENCARNACI\u00d3N<\/td>\n<td style=\"text-align: justify; height: 24px; width: 51.3661%;\">Final Degree Project, String Quartet<\/td>\n<\/tr>\n<tr style=\"height: 24px;\">\n<td style=\"text-align: justify; width: 47.541%; height: 24px;\"><a href=\"https:\/\/csma.es\/noticias\/josep-colome\/\" target=\"_blank\" rel=\"noopener\">COLOM\u00c9 LOZANO, JOSEP<\/a><\/td>\n<td style=\"text-align: justify; width: 51.3661%; height: 24px;\">Violin, Orchestral Repertoire<\/td>\n<\/tr>\n<tr style=\"height: 24px;\">\n<td style=\"text-align: justify; height: 24px; width: 47.541%;\"><a href=\"https:\/\/csma.es\/profesorado\/iagoba-fanlo\/\" target=\"_blank\" rel=\"noopener\">FANLO G\u00d3MEZ, IAGOBA<\/a><\/td>\n<td style=\"text-align: justify; height: 24px; width: 51.3661%;\">Cello<\/td>\n<\/tr>\n<tr style=\"height: 24px;\">\n<td style=\"text-align: justify; height: 24px; width: 47.541%;\"><a href=\"https:\/\/csma.es\/profesorado-cuerda\/lara-fernandez-ponce\/\" target=\"_blank\" rel=\"noopener\">FERN\u00c1NDEZ PONCE, LARA<\/a><\/td>\n<td style=\"text-align: justify; height: 24px; width: 51.3661%;\">Viola, String Quartet, Final Degree Project<\/td>\n<\/tr>\n<tr>\n<td style=\"text-align: justify; width: 47.541%;\"><a href=\"https:\/\/csma.es\/profesorado-cuerda\/noemi-funez\/\" target=\"_blank\" rel=\"noopener\">F\u00daNEZ, NOEM\u00cd<\/a><\/td>\n<td style=\"text-align: justify; width: 51.3661%;\">Viola<\/td>\n<\/tr>\n<tr style=\"height: 24px;\">\n<td style=\"text-align: justify; height: 24px; width: 47.541%;\"><a href=\"https:\/\/csma.es\/profesorado\/manuel-guillen\/\" target=\"_blank\" rel=\"noopener\">GUILL\u00c9N NAVARRO, MANUEL<\/a><\/td>\n<td style=\"text-align: justify; height: 24px; width: 51.3661%;\">Violin<\/td>\n<\/tr>\n<tr style=\"height: 24px;\">\n<td style=\"text-align: justify; height: 24px; width: 47.541%;\"><a href=\"https:\/\/csma.es\/profesorado-cuerda\/javier-martin-diaz\/\">MART\u00cdN D\u00cdAZ, FRANCISCO JAVIER<\/a><\/td>\n<td style=\"text-align: justify; height: 24px; width: 51.3661%;\">Double Bass, Orchestral Repertoire, Final Degree Project<\/td>\n<\/tr>\n<tr style=\"height: 24px;\">\n<td style=\"text-align: justify; width: 47.541%; height: 24px;\">MART\u00cdNEZ CAMPOS, JAVIER<\/td>\n<td style=\"text-align: justify; width: 51.3661%; height: 24px;\">Orchestral Repertoire &#8211; Cello<\/td>\n<\/tr>\n<tr style=\"height: 24px;\">\n<td style=\"text-align: justify; height: 24px; width: 47.541%;\"><a href=\"https:\/\/csma.es\/profesorado-cuerda\/laia-puig\/\">PUIG TORNE, LAIA<\/a><\/td>\n<td style=\"text-align: justify; height: 24px; width: 51.3661%;\">Cello<\/td>\n<\/tr>\n<tr style=\"height: 24px;\">\n<td style=\"text-align: justify; height: 24px; width: 47.541%;\"><a href=\"https:\/\/csma.es\/cuerda\/dario-sierra-marta\/\" target=\"_blank\" rel=\"noopener\">SIERRA MARTA, DAR\u00cdO<\/a><\/td>\n<td style=\"text-align: justify; height: 24px; width: 51.3661%;\">Violin, String Instrument Pedagogy, Final Degree Project<\/td>\n<\/tr>\n<tr style=\"height: 24px;\">\n<td style=\"text-align: justify; height: 24px; width: 47.541%;\"><a href=\"https:\/\/csma.es\/profesorado-cuerda\/luis-maria-suarez-felipe\/\" target=\"_blank\" rel=\"noopener\">SU\u00c1REZ FELIPE, LUIS MAR\u00cdA<\/a><\/td>\n<td style=\"text-align: justify; height: 24px; width: 51.3661%;\">Violin<\/td>\n<\/tr>\n<\/tbody>\n<\/table>\n[\/vc_column_text][\/vc_column][vc_column width=&#8221;1\/3&#8243;]<div class=\"qode-news-holder qode-post-carousel1 nombre-profe qode-nl-normal-space\"  data-post-status=publish data-category-name=profesorado-cuerda data-ignore-sticky-posts=1 data-paged=1 data-max-num-pages=1 data-next-page=2 data-title-tag=h4 data-image-size=portfolio-portrait data-display-categories=no data-display-excerpt=no data-display-date=no data-display-author=no data-display-share=no data-display-hot-trending-icons=no data-layout=qode_post_carousel1><div class=\"qode-news-list-inner-holder qode-owl-slider\" data-enable-navigation=\"no\" data-number-of-items=\"1\"><div class=\"qode-news-item qode-layout1-item\">\n\t\t<div class=\"qode-news-item-image-holder\">\n\t\t\t<div class=\"qode-post-image\">\n\t    <a itemprop=\"url\" href=\"https:\/\/csma.es\/en\/profesorado-cuerda\/luis-maria-suarez-felipe\/\" title=\"LUIS MAR\u00cdA SU\u00c1REZ FELIPE\">\n                        <img loading=\"lazy\" decoding=\"async\" width=\"600\" height=\"800\" src=\"https:\/\/csma.es\/wp-content\/uploads\/2024\/04\/LUIS-SUAREZ-600x800.jpg\" class=\"attachment-portfolio-portrait size-portfolio-portrait wp-post-image\" alt=\"\" \/>            \t    <\/a>\n\t<\/div>\n        <div class=\"qode-news-image-info-holder-left\">\n\t\t\t        <\/div>\n        <div class=\"qode-news-image-info-holder-right\">\n\t\t\t\t\t<\/div>\n\t<\/div>\n    \t<div class=\"qode-ni-content\">\n        \t\t\n<h4 itemprop=\"name\" class=\"entry-title qode-post-title\">\n    <a itemprop=\"url\" href=\"https:\/\/csma.es\/en\/profesorado-cuerda\/luis-maria-suarez-felipe\/\" title=\"LUIS MAR\u00cdA SU\u00c1REZ FELIPE\">\n        LUIS MAR\u00cdA SU\u00c1REZ FELIPE    <\/a>\n<\/h4>\t\t\t\t        \t<\/div>\n<\/div><div class=\"qode-news-item qode-layout1-item\">\n\t\t<div class=\"qode-ni-content\">\n        \t\t\n<h4 itemprop=\"name\" class=\"entry-title qode-post-title\">\n    <a itemprop=\"url\" href=\"https:\/\/csma.es\/en\/profesorado-cuerda\/maria-encarnacion-bernal-martinez\/\" title=\"MAR\u00cdA ENCARNACI\u00d3N BERNAL MART\u00cdNEZ\">\n        MAR\u00cdA ENCARNACI\u00d3N BERNAL MART\u00cdNEZ    <\/a>\n<\/h4>\t\t\t\t        \t<\/div>\n<\/div><div class=\"qode-news-item qode-layout1-item\">\n\t\t<div class=\"qode-news-item-image-holder\">\n\t\t\t<div class=\"qode-post-image\">\n\t    <a itemprop=\"url\" href=\"https:\/\/csma.es\/en\/profesorado-cuerda\/noemi-funez\/\" title=\"NOEM\u00cd FUNEZ\">\n                        <img loading=\"lazy\" decoding=\"async\" width=\"600\" height=\"800\" src=\"https:\/\/csma.es\/wp-content\/uploads\/2024\/12\/NOEMI-FUNEZ-600x800.jpeg\" class=\"attachment-portfolio-portrait size-portfolio-portrait wp-post-image\" alt=\"\" \/>            \t    <\/a>\n\t<\/div>\n        <div class=\"qode-news-image-info-holder-left\">\n\t\t\t        <\/div>\n        <div class=\"qode-news-image-info-holder-right\">\n\t\t\t\t\t<\/div>\n\t<\/div>\n    \t<div class=\"qode-ni-content\">\n        \t\t\n<h4 itemprop=\"name\" class=\"entry-title qode-post-title\">\n    <a itemprop=\"url\" href=\"https:\/\/csma.es\/en\/profesorado-cuerda\/noemi-funez\/\" title=\"NOEM\u00cd FUNEZ\">\n        NOEM\u00cd FUNEZ    <\/a>\n<\/h4>\t\t\t\t        \t<\/div>\n<\/div><div class=\"qode-news-item qode-layout1-item\">\n\t\t<div class=\"qode-news-item-image-holder\">\n\t\t\t<div class=\"qode-post-image\">\n\t    <a itemprop=\"url\" href=\"https:\/\/csma.es\/en\/profesorado-cuerda\/javier-martin-diaz\/\" title=\"JAVIER MART\u00cdN D\u00cdAZ\">\n                        <img loading=\"lazy\" decoding=\"async\" width=\"600\" height=\"800\" src=\"https:\/\/csma.es\/wp-content\/uploads\/2024\/05\/JAVIER-MARTIN-600x800.jpeg\" class=\"attachment-portfolio-portrait size-portfolio-portrait wp-post-image\" alt=\"\" \/>            \t    <\/a>\n\t<\/div>\n        <div class=\"qode-news-image-info-holder-left\">\n\t\t\t        <\/div>\n        <div class=\"qode-news-image-info-holder-right\">\n\t\t\t\t\t<\/div>\n\t<\/div>\n    \t<div class=\"qode-ni-content\">\n        \t\t\n<h4 itemprop=\"name\" class=\"entry-title qode-post-title\">\n    <a itemprop=\"url\" href=\"https:\/\/csma.es\/en\/profesorado-cuerda\/javier-martin-diaz\/\" title=\"JAVIER MART\u00cdN D\u00cdAZ\">\n        JAVIER MART\u00cdN D\u00cdAZ    <\/a>\n<\/h4>\t\t\t\t        \t<\/div>\n<\/div><div class=\"qode-news-item qode-layout1-item\">\n\t\t<div class=\"qode-news-item-image-holder\">\n\t\t\t<div class=\"qode-post-image\">\n\t    <a itemprop=\"url\" href=\"https:\/\/csma.es\/en\/profesorado-cuerda\/lara-fernandez-ponce\/\" title=\"LARA FERN\u00c1NDEZ PONCE\">\n                        <img loading=\"lazy\" decoding=\"async\" width=\"600\" height=\"800\" src=\"https:\/\/csma.es\/wp-content\/uploads\/2024\/05\/Foto-CV-Lara-600x800.jpg\" class=\"attachment-portfolio-portrait size-portfolio-portrait wp-post-image\" alt=\"\" \/>            \t    <\/a>\n\t<\/div>\n        <div class=\"qode-news-image-info-holder-left\">\n\t\t\t        <\/div>\n        <div class=\"qode-news-image-info-holder-right\">\n\t\t\t\t\t<\/div>\n\t<\/div>\n    \t<div class=\"qode-ni-content\">\n        \t\t\n<h4 itemprop=\"name\" class=\"entry-title qode-post-title\">\n    <a itemprop=\"url\" href=\"https:\/\/csma.es\/en\/profesorado-cuerda\/lara-fernandez-ponce\/\" title=\"LARA FERN\u00c1NDEZ PONCE\">\n        LARA FERN\u00c1NDEZ PONCE    <\/a>\n<\/h4>\t\t\t\t        \t<\/div>\n<\/div><div class=\"qode-news-item qode-layout1-item\">\n\t\t<div class=\"qode-news-item-image-holder\">\n\t\t\t<div class=\"qode-post-image\">\n\t    <a itemprop=\"url\" href=\"https:\/\/csma.es\/en\/profesorado-cuerda\/josep-colome\/\" title=\"JOSEP COLOM\u00c9 LOZANO\">\n                        <img loading=\"lazy\" decoding=\"async\" width=\"600\" height=\"800\" src=\"https:\/\/csma.es\/wp-content\/uploads\/2024\/03\/PHOTO-2023-12-11-09-40-43-600x800.jpeg\" class=\"attachment-portfolio-portrait size-portfolio-portrait wp-post-image\" alt=\"\" \/>            \t    <\/a>\n\t<\/div>\n        <div class=\"qode-news-image-info-holder-left\">\n\t\t\t        <\/div>\n        <div class=\"qode-news-image-info-holder-right\">\n\t\t\t\t\t<\/div>\n\t<\/div>\n    \t<div class=\"qode-ni-content\">\n        \t\t\n<h4 itemprop=\"name\" class=\"entry-title qode-post-title\">\n    <a itemprop=\"url\" href=\"https:\/\/csma.es\/en\/profesorado-cuerda\/josep-colome\/\" title=\"JOSEP COLOM\u00c9 LOZANO\">\n        JOSEP COLOM\u00c9 LOZANO    <\/a>\n<\/h4>\t\t\t\t        \t<\/div>\n<\/div><div class=\"qode-news-item qode-layout1-item\">\n\t\t<div class=\"qode-news-item-image-holder\">\n\t\t\t<div class=\"qode-post-image\">\n\t    <a itemprop=\"url\" href=\"https:\/\/csma.es\/en\/profesorado-cuerda\/dario-sierra-marta\/\" title=\"DAR\u00cdO SIERRA MARTA\">\n                        <img loading=\"lazy\" decoding=\"async\" width=\"600\" height=\"800\" src=\"https:\/\/csma.es\/wp-content\/uploads\/2024\/03\/IMG_3503-600x800.jpg\" class=\"attachment-portfolio-portrait size-portfolio-portrait wp-post-image\" alt=\"\" \/>            \t    <\/a>\n\t<\/div>\n        <div class=\"qode-news-image-info-holder-left\">\n\t\t\t        <\/div>\n        <div class=\"qode-news-image-info-holder-right\">\n\t\t\t\t\t<\/div>\n\t<\/div>\n    \t<div class=\"qode-ni-content\">\n        \t\t\n<h4 itemprop=\"name\" class=\"entry-title qode-post-title\">\n    <a itemprop=\"url\" href=\"https:\/\/csma.es\/en\/profesorado-cuerda\/dario-sierra-marta\/\" title=\"DAR\u00cdO SIERRA MARTA\">\n        DAR\u00cdO SIERRA MARTA    <\/a>\n<\/h4>\t\t\t\t        \t<\/div>\n<\/div><div class=\"qode-news-item qode-layout1-item\">\n\t\t<div class=\"qode-news-item-image-holder\">\n\t\t\t<div class=\"qode-post-image\">\n\t    <a itemprop=\"url\" href=\"https:\/\/csma.es\/en\/profesorado-cuerda\/iagoba-fanlo\/\" title=\"IAGOBA FANLO G\u00d3MEZ\">\n                        <img loading=\"lazy\" decoding=\"async\" width=\"600\" height=\"800\" src=\"https:\/\/csma.es\/wp-content\/uploads\/2020\/09\/LOOK6207-600x800.jpg\" class=\"attachment-portfolio-portrait size-portfolio-portrait wp-post-image\" alt=\"\" srcset=\"https:\/\/csma.es\/wp-content\/uploads\/2020\/09\/LOOK6207-600x800.jpg 600w, https:\/\/csma.es\/wp-content\/uploads\/2020\/09\/LOOK6207-225x300.jpg 225w, https:\/\/csma.es\/wp-content\/uploads\/2020\/09\/LOOK6207-767x1024.jpg 767w, https:\/\/csma.es\/wp-content\/uploads\/2020\/09\/LOOK6207-768x1025.jpg 768w, https:\/\/csma.es\/wp-content\/uploads\/2020\/09\/LOOK6207-1151x1536.jpg 1151w, https:\/\/csma.es\/wp-content\/uploads\/2020\/09\/LOOK6207-1534x2048.jpg 1534w, https:\/\/csma.es\/wp-content\/uploads\/2020\/09\/LOOK6207-899x1200.jpg 899w, https:\/\/csma.es\/wp-content\/uploads\/2020\/09\/LOOK6207-700x935.jpg 700w, https:\/\/csma.es\/wp-content\/uploads\/2020\/09\/LOOK6207-1320x1762.jpg 1320w, https:\/\/csma.es\/wp-content\/uploads\/2020\/09\/LOOK6207-scaled.jpg 1918w\" sizes=\"auto, (max-width: 600px) 100vw, 600px\" \/>            \t    <\/a>\n\t<\/div>\n        <div class=\"qode-news-image-info-holder-left\">\n\t\t\t        <\/div>\n        <div class=\"qode-news-image-info-holder-right\">\n\t\t\t\t\t<\/div>\n\t<\/div>\n    \t<div class=\"qode-ni-content\">\n        \t\t\n<h4 itemprop=\"name\" class=\"entry-title qode-post-title\">\n    <a itemprop=\"url\" href=\"https:\/\/csma.es\/en\/profesorado-cuerda\/iagoba-fanlo\/\" title=\"IAGOBA FANLO G\u00d3MEZ\">\n        IAGOBA FANLO G\u00d3MEZ    <\/a>\n<\/h4>\t\t\t\t        \t<\/div>\n<\/div><div class=\"qode-news-item qode-layout1-item\">\n\t\t<div class=\"qode-news-item-image-holder\">\n\t\t\t<div class=\"qode-post-image\">\n\t    <a itemprop=\"url\" href=\"https:\/\/csma.es\/en\/profesorado-cuerda\/laia-puig\/\" title=\"LAIA PUIG TORNE\">\n                        <img loading=\"lazy\" decoding=\"async\" width=\"600\" height=\"800\" src=\"https:\/\/csma.es\/wp-content\/uploads\/2023\/09\/Laia-Puig-BAJA-600x800.jpg\" class=\"attachment-portfolio-portrait size-portfolio-portrait wp-post-image\" alt=\"\" \/>            \t    <\/a>\n\t<\/div>\n        <div class=\"qode-news-image-info-holder-left\">\n\t\t\t        <\/div>\n        <div class=\"qode-news-image-info-holder-right\">\n\t\t\t\t\t<\/div>\n\t<\/div>\n    \t<div class=\"qode-ni-content\">\n        \t\t\n<h4 itemprop=\"name\" class=\"entry-title qode-post-title\">\n    <a itemprop=\"url\" href=\"https:\/\/csma.es\/en\/profesorado-cuerda\/laia-puig\/\" title=\"LAIA PUIG TORNE\">\n        LAIA PUIG TORNE    <\/a>\n<\/h4>\t\t\t\t        \t<\/div>\n<\/div><\/div><\/div>[\/vc_column][\/vc_row][vc_row css_animation=&#8221;&#8221; row_type=&#8221;row&#8221; use_row_as_full_screen_section=&#8221;no&#8221; type=&#8221;full_width&#8221; angled_section=&#8221;no&#8221; text_align=&#8221;left&#8221; background_image_as_pattern=&#8221;without_pattern&#8221;][vc_column][vc_separator type=&#8221;transparent&#8221;][vc_separator type=&#8221;transparent&#8221;][vc_separator type=&#8221;transparent&#8221;][\/vc_column][\/vc_row][vc_row css_animation=&#8221;&#8221; row_type=&#8221;row&#8221; use_row_as_full_screen_section=&#8221;no&#8221; type=&#8221;full_width&#8221; angled_section=&#8221;no&#8221; text_align=&#8221;left&#8221; background_image_as_pattern=&#8221;without_pattern&#8221;][vc_column][vc_separator type=&#8221;transparent&#8221;][vc_separator type=&#8221;transparent&#8221;][vc_separator type=&#8221;transparent&#8221;][vc_separator type=&#8221;transparent&#8221;][vc_separator type=&#8221;transparent&#8221;][vc_separator type=&#8221;transparent&#8221;][vc_separator type=&#8221;transparent&#8221;][\/vc_column][\/vc_row]\n","protected":false},"excerpt":{"rendered":"<p>[vc_row css_animation=&#8221;&#8221; row_type=&#8221;row&#8221; use_row_as_full_screen_section=&#8221;no&#8221; type=&#8221;full_width&#8221; angled_section=&#8221;no&#8221; text_align=&#8221;left&#8221; background_image_as_pattern=&#8221;without_pattern&#8221;][vc_column][vc_separator type=&#8221;transparent&#8221;][\/vc_column][\/vc_row][vc_row css_animation=&#8221;&#8221; row_type=&#8221;row&#8221; use_row_as_full_screen_section=&#8221;no&#8221; type=&#8221;full_width&#8221; angled_section=&#8221;no&#8221; text_align=&#8221;left&#8221; background_image_as_pattern=&#8221;without_pattern&#8221;][vc_column width=&#8221;2\/3&#8243;][vc_column_text css=&#8221;.vc_custom_1756885756202{padding-top: 20px !important;padding-right: 20px !important;padding-bottom: 20px !important;padding-left: 20px&#8230;<\/p>\n","protected":false},"author":3,"featured_media":0,"parent":0,"menu_order":0,"comment_status":"closed","ping_status":"closed","template":"","meta":{"_acf_changed":false,"footnotes":""},"class_list":["post-26186","page","type-page","status-publish","hentry"],"acf":[],"yoast_head":"<!-- This site is optimized with the Yoast SEO plugin v27.4 - https:\/\/yoast.com\/product\/yoast-seo-wordpress\/ -->\n<title>Strings - CSMA<\/title>\n<meta name=\"robots\" content=\"index, follow, max-snippet:-1, max-image-preview:large, max-video-preview:-1\" \/>\n<link rel=\"canonical\" href=\"https:\/\/csma.es\/en\/strings\/\" \/>\n<meta property=\"og:locale\" content=\"en_US\" \/>\n<meta property=\"og:type\" content=\"article\" \/>\n<meta property=\"og:title\" content=\"Strings - CSMA\" \/>\n<meta property=\"og:description\" content=\"[vc_row css_animation=&#8221;&#8221; row_type=&#8221;row&#8221; use_row_as_full_screen_section=&#8221;no&#8221; type=&#8221;full_width&#8221; angled_section=&#8221;no&#8221; text_align=&#8221;left&#8221; background_image_as_pattern=&#8221;without_pattern&#8221;][vc_column][vc_separator type=&#8221;transparent&#8221;][\/vc_column][\/vc_row][vc_row css_animation=&#8221;&#8221; row_type=&#8221;row&#8221; use_row_as_full_screen_section=&#8221;no&#8221; type=&#8221;full_width&#8221; angled_section=&#8221;no&#8221; text_align=&#8221;left&#8221; background_image_as_pattern=&#8221;without_pattern&#8221;][vc_column width=&#8221;2\/3&#8243;][vc_column_text css=&#8221;.vc_custom_1756885756202{padding-top: 20px !important;padding-right: 20px !important;padding-bottom: 20px !important;padding-left: 20px...\" \/>\n<meta property=\"og:url\" content=\"https:\/\/csma.es\/en\/strings\/\" \/>\n<meta property=\"og:site_name\" content=\"CSMA\" \/>\n<meta property=\"article:publisher\" content=\"https:\/\/www.facebook.com\/CSMAragon\/\" \/>\n<meta property=\"article:modified_time\" content=\"2025-09-03T07:49:20+00:00\" \/>\n<meta property=\"og:image\" content=\"https:\/\/csma.es\/wp-content\/uploads\/2019\/11\/csma-1200.png\" \/>\n\t<meta property=\"og:image:width\" content=\"1200\" \/>\n\t<meta property=\"og:image:height\" content=\"630\" \/>\n\t<meta property=\"og:image:type\" content=\"image\/png\" \/>\n<meta name=\"twitter:card\" content=\"summary_large_image\" \/>\n<meta name=\"twitter:site\" content=\"@csmaconser\" \/>\n<meta name=\"twitter:label1\" content=\"Est. reading time\" \/>\n\t<meta name=\"twitter:data1\" content=\"1 minute\" \/>\n<script type=\"application\/ld+json\" class=\"yoast-schema-graph\">{\"@context\":\"https:\\\/\\\/schema.org\",\"@graph\":[{\"@type\":\"WebPage\",\"@id\":\"https:\\\/\\\/csma.es\\\/en\\\/strings\\\/\",\"url\":\"https:\\\/\\\/csma.es\\\/en\\\/strings\\\/\",\"name\":\"Strings - CSMA\",\"isPartOf\":{\"@id\":\"https:\\\/\\\/csma.es\\\/#website\"},\"datePublished\":\"2024-04-10T10:54:53+00:00\",\"dateModified\":\"2025-09-03T07:49:20+00:00\",\"breadcrumb\":{\"@id\":\"https:\\\/\\\/csma.es\\\/en\\\/strings\\\/#breadcrumb\"},\"inLanguage\":\"en-US\",\"potentialAction\":[{\"@type\":\"ReadAction\",\"target\":[\"https:\\\/\\\/csma.es\\\/en\\\/strings\\\/\"]}]},{\"@type\":\"BreadcrumbList\",\"@id\":\"https:\\\/\\\/csma.es\\\/en\\\/strings\\\/#breadcrumb\",\"itemListElement\":[{\"@type\":\"ListItem\",\"position\":1,\"name\":\"Portada\",\"item\":\"https:\\\/\\\/csma.es\\\/en\\\/\"},{\"@type\":\"ListItem\",\"position\":2,\"name\":\"Strings\"}]},{\"@type\":\"WebSite\",\"@id\":\"https:\\\/\\\/csma.es\\\/#website\",\"url\":\"https:\\\/\\\/csma.es\\\/\",\"name\":\"CSMA\",\"description\":\"Conservatorio Superior de M\u00fasica de Arag\u00f3n\",\"publisher\":{\"@id\":\"https:\\\/\\\/csma.es\\\/#organization\"},\"potentialAction\":[{\"@type\":\"SearchAction\",\"target\":{\"@type\":\"EntryPoint\",\"urlTemplate\":\"https:\\\/\\\/csma.es\\\/?s={search_term_string}\"},\"query-input\":{\"@type\":\"PropertyValueSpecification\",\"valueRequired\":true,\"valueName\":\"search_term_string\"}}],\"inLanguage\":\"en-US\"},{\"@type\":\"Organization\",\"@id\":\"https:\\\/\\\/csma.es\\\/#organization\",\"name\":\"Conservatorio Superior de M\u00fasica de Arag\u00f3n\",\"url\":\"https:\\\/\\\/csma.es\\\/\",\"logo\":{\"@type\":\"ImageObject\",\"inLanguage\":\"en-US\",\"@id\":\"https:\\\/\\\/csma.es\\\/#\\\/schema\\\/logo\\\/image\\\/\",\"url\":\"https:\\\/\\\/csma.es\\\/wp-content\\\/uploads\\\/2025\\\/04\\\/cropped-logo-csma-40anos-vertical-sintexto-positivo.png\",\"contentUrl\":\"https:\\\/\\\/csma.es\\\/wp-content\\\/uploads\\\/2025\\\/04\\\/cropped-logo-csma-40anos-vertical-sintexto-positivo.png\",\"width\":512,\"height\":512,\"caption\":\"Conservatorio Superior de M\u00fasica de Arag\u00f3n\"},\"image\":{\"@id\":\"https:\\\/\\\/csma.es\\\/#\\\/schema\\\/logo\\\/image\\\/\"},\"sameAs\":[\"https:\\\/\\\/www.facebook.com\\\/CSMAragon\\\/\",\"https:\\\/\\\/x.com\\\/csmaconser\",\"https:\\\/\\\/www.instagram.com\\\/csmaragon\\\/\",\"https:\\\/\\\/www.youtube.com\\\/channel\\\/UCcsLLtgZJUhz11-3Aj1sv3w\"]}]}<\/script>\n<!-- \/ Yoast SEO plugin. -->","yoast_head_json":{"title":"Strings - CSMA","robots":{"index":"index","follow":"follow","max-snippet":"max-snippet:-1","max-image-preview":"max-image-preview:large","max-video-preview":"max-video-preview:-1"},"canonical":"https:\/\/csma.es\/en\/strings\/","og_locale":"en_US","og_type":"article","og_title":"Strings - CSMA","og_description":"[vc_row css_animation=&#8221;&#8221; row_type=&#8221;row&#8221; use_row_as_full_screen_section=&#8221;no&#8221; type=&#8221;full_width&#8221; angled_section=&#8221;no&#8221; text_align=&#8221;left&#8221; background_image_as_pattern=&#8221;without_pattern&#8221;][vc_column][vc_separator type=&#8221;transparent&#8221;][\/vc_column][\/vc_row][vc_row css_animation=&#8221;&#8221; row_type=&#8221;row&#8221; use_row_as_full_screen_section=&#8221;no&#8221; type=&#8221;full_width&#8221; angled_section=&#8221;no&#8221; text_align=&#8221;left&#8221; background_image_as_pattern=&#8221;without_pattern&#8221;][vc_column width=&#8221;2\/3&#8243;][vc_column_text css=&#8221;.vc_custom_1756885756202{padding-top: 20px !important;padding-right: 20px !important;padding-bottom: 20px !important;padding-left: 20px...","og_url":"https:\/\/csma.es\/en\/strings\/","og_site_name":"CSMA","article_publisher":"https:\/\/www.facebook.com\/CSMAragon\/","article_modified_time":"2025-09-03T07:49:20+00:00","og_image":[{"width":1200,"height":630,"url":"https:\/\/csma.es\/wp-content\/uploads\/2019\/11\/csma-1200.png","type":"image\/png"}],"twitter_card":"summary_large_image","twitter_site":"@csmaconser","twitter_misc":{"Est. reading time":"1 minute"},"schema":{"@context":"https:\/\/schema.org","@graph":[{"@type":"WebPage","@id":"https:\/\/csma.es\/en\/strings\/","url":"https:\/\/csma.es\/en\/strings\/","name":"Strings - CSMA","isPartOf":{"@id":"https:\/\/csma.es\/#website"},"datePublished":"2024-04-10T10:54:53+00:00","dateModified":"2025-09-03T07:49:20+00:00","breadcrumb":{"@id":"https:\/\/csma.es\/en\/strings\/#breadcrumb"},"inLanguage":"en-US","potentialAction":[{"@type":"ReadAction","target":["https:\/\/csma.es\/en\/strings\/"]}]},{"@type":"BreadcrumbList","@id":"https:\/\/csma.es\/en\/strings\/#breadcrumb","itemListElement":[{"@type":"ListItem","position":1,"name":"Portada","item":"https:\/\/csma.es\/en\/"},{"@type":"ListItem","position":2,"name":"Strings"}]},{"@type":"WebSite","@id":"https:\/\/csma.es\/#website","url":"https:\/\/csma.es\/","name":"CSMA","description":"Conservatorio Superior de M\u00fasica de Arag\u00f3n","publisher":{"@id":"https:\/\/csma.es\/#organization"},"potentialAction":[{"@type":"SearchAction","target":{"@type":"EntryPoint","urlTemplate":"https:\/\/csma.es\/?s={search_term_string}"},"query-input":{"@type":"PropertyValueSpecification","valueRequired":true,"valueName":"search_term_string"}}],"inLanguage":"en-US"},{"@type":"Organization","@id":"https:\/\/csma.es\/#organization","name":"Conservatorio Superior de M\u00fasica de Arag\u00f3n","url":"https:\/\/csma.es\/","logo":{"@type":"ImageObject","inLanguage":"en-US","@id":"https:\/\/csma.es\/#\/schema\/logo\/image\/","url":"https:\/\/csma.es\/wp-content\/uploads\/2025\/04\/cropped-logo-csma-40anos-vertical-sintexto-positivo.png","contentUrl":"https:\/\/csma.es\/wp-content\/uploads\/2025\/04\/cropped-logo-csma-40anos-vertical-sintexto-positivo.png","width":512,"height":512,"caption":"Conservatorio Superior de M\u00fasica de Arag\u00f3n"},"image":{"@id":"https:\/\/csma.es\/#\/schema\/logo\/image\/"},"sameAs":["https:\/\/www.facebook.com\/CSMAragon\/","https:\/\/x.com\/csmaconser","https:\/\/www.instagram.com\/csmaragon\/","https:\/\/www.youtube.com\/channel\/UCcsLLtgZJUhz11-3Aj1sv3w"]}]}},"publishpress_future_action":{"enabled":false,"date":"2026-04-25 12:47:32","action":"change-status","newStatus":"draft","terms":[],"taxonomy":"","extraData":[]},"publishpress_future_workflow_manual_trigger":{"enabledWorkflows":[]},"_links":{"self":[{"href":"https:\/\/csma.es\/en\/wp-json\/wp\/v2\/pages\/26186","targetHints":{"allow":["GET"]}}],"collection":[{"href":"https:\/\/csma.es\/en\/wp-json\/wp\/v2\/pages"}],"about":[{"href":"https:\/\/csma.es\/en\/wp-json\/wp\/v2\/types\/page"}],"author":[{"embeddable":true,"href":"https:\/\/csma.es\/en\/wp-json\/wp\/v2\/users\/3"}],"replies":[{"embeddable":true,"href":"https:\/\/csma.es\/en\/wp-json\/wp\/v2\/comments?post=26186"}],"version-history":[{"count":0,"href":"https:\/\/csma.es\/en\/wp-json\/wp\/v2\/pages\/26186\/revisions"}],"wp:attachment":[{"href":"https:\/\/csma.es\/en\/wp-json\/wp\/v2\/media?parent=26186"}],"curies":[{"name":"wp","href":"https:\/\/api.w.org\/{rel}","templated":true}]}}