{"id":20972,"date":"2018-04-29T10:01:13","date_gmt":"2018-04-29T10:01:13","guid":{"rendered":"https:\/\/csma.es\/percusiones-del-csma\/"},"modified":"2024-04-25T12:31:42","modified_gmt":"2024-04-25T10:31:42","slug":"csma-percussions","status":"publish","type":"page","link":"https:\/\/csma.es\/en\/csma-percussions\/","title":{"rendered":"CSMA Percussions"},"content":{"rendered":"[vc_row css_animation=&#8221;&#8221; row_type=&#8221;row&#8221; use_row_as_full_screen_section=&#8221;no&#8221; type=&#8221;full_width&#8221; angled_section=&#8221;no&#8221; text_align=&#8221;left&#8221; background_image_as_pattern=&#8221;without_pattern&#8221;][vc_column][vc_separator type=&#8221;transparent&#8221;][vc_column_text]\n<p style=\"text-align: justify;\">CSMA Percussions (percussion ensemble of the Conservatory of Music of Aragon) is a national reference for our best percussionists, a position gained from 2002 through their brilliant results under the direction of C\u00e9sar Peris.<\/p>\n<p>&nbsp;<\/p>\n<p style=\"text-align: justify;\">It has been awarded the prize \u201cBest new young group FIP2015\u201d by the Spanish Network of Percussion International Festivals, FIP; The Re-Percusion 2012 prize was also awarded to the Conservatory of Music of Aragon for their uninterrupted participation in residence in the Tamborixar Festival, Hijar (Teruel) since 2003.<\/p>\n<p>&nbsp;<\/p>\n<p style=\"text-align: justify;\">They have collaborated with international percussionists such as Rubino (Italiy), Mika Takehara (Stockholm), Nebojsa Zivkovic (Serbia), Jean Geoffroy (France), Collin Currie (U.K.) y artistas como Casey Reas (the U.S.) amongst others, and they have performed in Madrid, Salamanca, Cartagena, Pontevedra, L\u00e9rida, Castell\u00f3n, Huesca, Teruel, Jaca, Sabi\u00f1\u00e1nigo, Canfranc, Calatayud, Ejea de los Caballeros, Monz\u00f3n, Tarazona, Graus, H\u00edjar, Zaragoza y Par\u00eds (France).<\/p>\n<p>&nbsp;<\/p>\n<p style=\"text-align: justify;\">CSMA Percussions organizes their own cycle of concerts for young audiences at the Eduardo del Pueyo Hall in Zaragoza since 2005. \u201cMusic is not music until someone listens to it\u201d. It is a reference point in Aragon, which has been attended to by over 95,000 students from secondary, primary, pre-school and special needs education.<\/p>\n<p>&nbsp;<\/p>\n<p style=\"text-align: justify;\">The holders of the percussion chair of CSMA are the percussionists: <strong>C\u00e9sar Peris Escrig<\/strong>, Percussion Chairman, CSMA, soloist of the Plural Ensemble\/Madrid and the Enigma-OCAZ\/Zaragoza (<a href=\"http:\/\/www.cesarperis.com\" target=\"_blank\" rel=\"noopener\">www.cesarperis.com<\/a>), <strong>Luc\u00eda Carro<\/strong> and\u00a0<strong>Francisco Ingl\u00e9s Monz\u00f3n<\/strong>, solo percussionists of the Valencia Palau de Les Arts Orchestra.<\/p>\n[\/vc_column_text][vc_separator type=&#8221;transparent&#8221;][vc_separator type=&#8221;transparent&#8221;][vc_separator type=&#8221;transparent&#8221;][vc_separator type=&#8221;transparent&#8221;][\/vc_column][\/vc_row][vc_row css_animation=&#8221;&#8221; row_type=&#8221;row&#8221; use_row_as_full_screen_section=&#8221;no&#8221; type=&#8221;full_width&#8221; angled_section=&#8221;no&#8221; text_align=&#8221;left&#8221; background_image_as_pattern=&#8221;without_pattern&#8221;][vc_column][vc_column_text]\n<h2 style=\"text-align: right;\"><span style=\"color: #00c695;\">ACTIVITIES IMPLEMENTED\u00a0<\/span><\/h2>\n<div class=\"su-spacer\" style=\"height:30px\"><\/div>\n<h2>CSMA PERCUSSIONS<div class=\"su-spacer\" style=\"height:20px\"><\/div><\/h2>\n[table \u201c14\u201d not found \/]<br \/>\n <div class=\"su-divider su-divider-style-default\" style=\"margin:15px 0;border-width:3px;border-color:#00c695\"><\/div> <div class=\"su-spacer\" style=\"height:30px\"><\/div>[\/vc_column_text][\/vc_column][\/vc_row]\n","protected":false},"excerpt":{"rendered":"<p>[vc_row css_animation=&#8221;&#8221; row_type=&#8221;row&#8221; use_row_as_full_screen_section=&#8221;no&#8221; type=&#8221;full_width&#8221; angled_section=&#8221;no&#8221; text_align=&#8221;left&#8221; background_image_as_pattern=&#8221;without_pattern&#8221;][vc_column][vc_separator type=&#8221;transparent&#8221;][vc_column_text] CSMA Percussions (percussion ensemble of the Conservatory of Music of Aragon) is a national reference for&#8230;<\/p>\n","protected":false},"author":3,"featured_media":0,"parent":0,"menu_order":0,"comment_status":"closed","ping_status":"closed","template":"","meta":{"footnotes":""},"class_list":["post-20972","page","type-page","status-publish","hentry"],"yoast_head":"<!-- This site is optimized with the Yoast SEO plugin v27.3 - https:\/\/yoast.com\/product\/yoast-seo-wordpress\/ -->\n<title>CSMA Percussions - CSMA<\/title>\n<meta name=\"robots\" content=\"index, follow, max-snippet:-1, max-image-preview:large, max-video-preview:-1\" \/>\n<link rel=\"canonical\" href=\"https:\/\/csma.es\/en\/csma-percussions\/\" \/>\n<meta property=\"og:locale\" content=\"en_US\" \/>\n<meta property=\"og:type\" content=\"article\" \/>\n<meta property=\"og:title\" content=\"CSMA Percussions - CSMA\" \/>\n<meta property=\"og:description\" content=\"[vc_row css_animation=&#8221;&#8221; row_type=&#8221;row&#8221; use_row_as_full_screen_section=&#8221;no&#8221; type=&#8221;full_width&#8221; angled_section=&#8221;no&#8221; text_align=&#8221;left&#8221; background_image_as_pattern=&#8221;without_pattern&#8221;][vc_column][vc_separator type=&#8221;transparent&#8221;][vc_column_text] CSMA Percussions (percussion ensemble of the Conservatory of Music of Aragon) is a national reference for...\" \/>\n<meta property=\"og:url\" content=\"https:\/\/csma.es\/en\/csma-percussions\/\" \/>\n<meta property=\"og:site_name\" content=\"CSMA\" \/>\n<meta property=\"article:publisher\" content=\"https:\/\/www.facebook.com\/CSMAragon\/\" \/>\n<meta property=\"article:modified_time\" content=\"2024-04-25T10:31:42+00:00\" \/>\n<meta property=\"og:image\" content=\"https:\/\/csma.es\/wp-content\/uploads\/2019\/11\/csma-1200.png\" \/>\n\t<meta property=\"og:image:width\" content=\"1200\" \/>\n\t<meta property=\"og:image:height\" content=\"630\" \/>\n\t<meta property=\"og:image:type\" content=\"image\/png\" \/>\n<meta name=\"twitter:card\" content=\"summary_large_image\" \/>\n<meta name=\"twitter:site\" content=\"@csmaconser\" \/>\n<meta name=\"twitter:label1\" content=\"Est. reading time\" \/>\n\t<meta name=\"twitter:data1\" content=\"2 minutes\" \/>\n<script type=\"application\/ld+json\" class=\"yoast-schema-graph\">{\"@context\":\"https:\\\/\\\/schema.org\",\"@graph\":[{\"@type\":\"WebPage\",\"@id\":\"https:\\\/\\\/csma.es\\\/en\\\/csma-percussions\\\/\",\"url\":\"https:\\\/\\\/csma.es\\\/en\\\/csma-percussions\\\/\",\"name\":\"CSMA Percussions - CSMA\",\"isPartOf\":{\"@id\":\"https:\\\/\\\/csma.es\\\/#website\"},\"datePublished\":\"2018-04-29T10:01:13+00:00\",\"dateModified\":\"2024-04-25T10:31:42+00:00\",\"breadcrumb\":{\"@id\":\"https:\\\/\\\/csma.es\\\/en\\\/csma-percussions\\\/#breadcrumb\"},\"inLanguage\":\"en-US\",\"potentialAction\":[{\"@type\":\"ReadAction\",\"target\":[\"https:\\\/\\\/csma.es\\\/en\\\/csma-percussions\\\/\"]}]},{\"@type\":\"BreadcrumbList\",\"@id\":\"https:\\\/\\\/csma.es\\\/en\\\/csma-percussions\\\/#breadcrumb\",\"itemListElement\":[{\"@type\":\"ListItem\",\"position\":1,\"name\":\"Portada\",\"item\":\"https:\\\/\\\/csma.es\\\/en\\\/\"},{\"@type\":\"ListItem\",\"position\":2,\"name\":\"CSMA Percussions\"}]},{\"@type\":\"WebSite\",\"@id\":\"https:\\\/\\\/csma.es\\\/#website\",\"url\":\"https:\\\/\\\/csma.es\\\/\",\"name\":\"CSMA\",\"description\":\"Conservatorio Superior de M\u00fasica de Arag\u00f3n\",\"publisher\":{\"@id\":\"https:\\\/\\\/csma.es\\\/#organization\"},\"potentialAction\":[{\"@type\":\"SearchAction\",\"target\":{\"@type\":\"EntryPoint\",\"urlTemplate\":\"https:\\\/\\\/csma.es\\\/?s={search_term_string}\"},\"query-input\":{\"@type\":\"PropertyValueSpecification\",\"valueRequired\":true,\"valueName\":\"search_term_string\"}}],\"inLanguage\":\"en-US\"},{\"@type\":\"Organization\",\"@id\":\"https:\\\/\\\/csma.es\\\/#organization\",\"name\":\"Conservatorio Superior de M\u00fasica de Arag\u00f3n\",\"url\":\"https:\\\/\\\/csma.es\\\/\",\"logo\":{\"@type\":\"ImageObject\",\"inLanguage\":\"en-US\",\"@id\":\"https:\\\/\\\/csma.es\\\/#\\\/schema\\\/logo\\\/image\\\/\",\"url\":\"https:\\\/\\\/csma.es\\\/wp-content\\\/uploads\\\/2025\\\/04\\\/cropped-logo-csma-40anos-vertical-sintexto-positivo.png\",\"contentUrl\":\"https:\\\/\\\/csma.es\\\/wp-content\\\/uploads\\\/2025\\\/04\\\/cropped-logo-csma-40anos-vertical-sintexto-positivo.png\",\"width\":512,\"height\":512,\"caption\":\"Conservatorio Superior de M\u00fasica de Arag\u00f3n\"},\"image\":{\"@id\":\"https:\\\/\\\/csma.es\\\/#\\\/schema\\\/logo\\\/image\\\/\"},\"sameAs\":[\"https:\\\/\\\/www.facebook.com\\\/CSMAragon\\\/\",\"https:\\\/\\\/x.com\\\/csmaconser\",\"https:\\\/\\\/www.instagram.com\\\/csmaragon\\\/\",\"https:\\\/\\\/www.youtube.com\\\/channel\\\/UCcsLLtgZJUhz11-3Aj1sv3w\"]}]}<\/script>\n<!-- \/ Yoast SEO plugin. -->","yoast_head_json":{"title":"CSMA Percussions - CSMA","robots":{"index":"index","follow":"follow","max-snippet":"max-snippet:-1","max-image-preview":"max-image-preview:large","max-video-preview":"max-video-preview:-1"},"canonical":"https:\/\/csma.es\/en\/csma-percussions\/","og_locale":"en_US","og_type":"article","og_title":"CSMA Percussions - CSMA","og_description":"[vc_row css_animation=&#8221;&#8221; row_type=&#8221;row&#8221; use_row_as_full_screen_section=&#8221;no&#8221; type=&#8221;full_width&#8221; angled_section=&#8221;no&#8221; text_align=&#8221;left&#8221; background_image_as_pattern=&#8221;without_pattern&#8221;][vc_column][vc_separator type=&#8221;transparent&#8221;][vc_column_text] CSMA Percussions (percussion ensemble of the Conservatory of Music of Aragon) is a national reference for...","og_url":"https:\/\/csma.es\/en\/csma-percussions\/","og_site_name":"CSMA","article_publisher":"https:\/\/www.facebook.com\/CSMAragon\/","article_modified_time":"2024-04-25T10:31:42+00:00","og_image":[{"width":1200,"height":630,"url":"https:\/\/csma.es\/wp-content\/uploads\/2019\/11\/csma-1200.png","type":"image\/png"}],"twitter_card":"summary_large_image","twitter_site":"@csmaconser","twitter_misc":{"Est. reading time":"2 minutes"},"schema":{"@context":"https:\/\/schema.org","@graph":[{"@type":"WebPage","@id":"https:\/\/csma.es\/en\/csma-percussions\/","url":"https:\/\/csma.es\/en\/csma-percussions\/","name":"CSMA Percussions - CSMA","isPartOf":{"@id":"https:\/\/csma.es\/#website"},"datePublished":"2018-04-29T10:01:13+00:00","dateModified":"2024-04-25T10:31:42+00:00","breadcrumb":{"@id":"https:\/\/csma.es\/en\/csma-percussions\/#breadcrumb"},"inLanguage":"en-US","potentialAction":[{"@type":"ReadAction","target":["https:\/\/csma.es\/en\/csma-percussions\/"]}]},{"@type":"BreadcrumbList","@id":"https:\/\/csma.es\/en\/csma-percussions\/#breadcrumb","itemListElement":[{"@type":"ListItem","position":1,"name":"Portada","item":"https:\/\/csma.es\/en\/"},{"@type":"ListItem","position":2,"name":"CSMA Percussions"}]},{"@type":"WebSite","@id":"https:\/\/csma.es\/#website","url":"https:\/\/csma.es\/","name":"CSMA","description":"Conservatorio Superior de M\u00fasica de Arag\u00f3n","publisher":{"@id":"https:\/\/csma.es\/#organization"},"potentialAction":[{"@type":"SearchAction","target":{"@type":"EntryPoint","urlTemplate":"https:\/\/csma.es\/?s={search_term_string}"},"query-input":{"@type":"PropertyValueSpecification","valueRequired":true,"valueName":"search_term_string"}}],"inLanguage":"en-US"},{"@type":"Organization","@id":"https:\/\/csma.es\/#organization","name":"Conservatorio Superior de M\u00fasica de Arag\u00f3n","url":"https:\/\/csma.es\/","logo":{"@type":"ImageObject","inLanguage":"en-US","@id":"https:\/\/csma.es\/#\/schema\/logo\/image\/","url":"https:\/\/csma.es\/wp-content\/uploads\/2025\/04\/cropped-logo-csma-40anos-vertical-sintexto-positivo.png","contentUrl":"https:\/\/csma.es\/wp-content\/uploads\/2025\/04\/cropped-logo-csma-40anos-vertical-sintexto-positivo.png","width":512,"height":512,"caption":"Conservatorio Superior de M\u00fasica de Arag\u00f3n"},"image":{"@id":"https:\/\/csma.es\/#\/schema\/logo\/image\/"},"sameAs":["https:\/\/www.facebook.com\/CSMAragon\/","https:\/\/x.com\/csmaconser","https:\/\/www.instagram.com\/csmaragon\/","https:\/\/www.youtube.com\/channel\/UCcsLLtgZJUhz11-3Aj1sv3w"]}]}},"publishpress_future_action":{"enabled":false,"date":"2026-04-11 21:16:39","action":"change-status","newStatus":"draft","terms":[],"taxonomy":"","extraData":[]},"publishpress_future_workflow_manual_trigger":{"enabledWorkflows":[]},"_links":{"self":[{"href":"https:\/\/csma.es\/en\/wp-json\/wp\/v2\/pages\/20972","targetHints":{"allow":["GET"]}}],"collection":[{"href":"https:\/\/csma.es\/en\/wp-json\/wp\/v2\/pages"}],"about":[{"href":"https:\/\/csma.es\/en\/wp-json\/wp\/v2\/types\/page"}],"author":[{"embeddable":true,"href":"https:\/\/csma.es\/en\/wp-json\/wp\/v2\/users\/3"}],"replies":[{"embeddable":true,"href":"https:\/\/csma.es\/en\/wp-json\/wp\/v2\/comments?post=20972"}],"version-history":[{"count":0,"href":"https:\/\/csma.es\/en\/wp-json\/wp\/v2\/pages\/20972\/revisions"}],"wp:attachment":[{"href":"https:\/\/csma.es\/en\/wp-json\/wp\/v2\/media?parent=20972"}],"curies":[{"name":"wp","href":"https:\/\/api.w.org\/{rel}","templated":true}]}}