{"id":20581,"date":"2021-04-07T18:35:42","date_gmt":"2021-04-07T16:35:42","guid":{"rendered":"https:\/\/csma.es\/?page_id=20581"},"modified":"2024-05-09T10:50:46","modified_gmt":"2024-05-09T08:50:46","slug":"work-at-the-csma-2023-2024","status":"publish","type":"page","link":"https:\/\/csma.es\/en\/work-at-the-csma-2023-2024\/","title":{"rendered":"Work At The CSMA"},"content":{"rendered":"[vc_row css_animation=&#8221;&#8221; row_type=&#8221;row&#8221; use_row_as_full_screen_section=&#8221;no&#8221; type=&#8221;full_width&#8221; angled_section=&#8221;no&#8221; text_align=&#8221;left&#8221; background_image_as_pattern=&#8221;without_pattern&#8221;][vc_column][vc_separator type=&#8221;transparent&#8221;]<div class=\"qode-news-holder qode-layout2 qode-news-columns-1 qode-nl-normal-space\"  data-post-status=publish data-category-name=profesorado-especialista, comisiones, profesorado-interino data-ignore-sticky-posts=1 data-orderby=date data-posts-per-page=6 data-sort=latest data-paged=1 data-max-num-pages=7 data-next-page=2 data-title-tag=h5 data-image-size=thumbnail data-display-categories=no data-display-excerpt=no data-excerpt-length=10 data-display-date=yes data-display-author=no data-display-share=no data-display-hot-trending-icons=no data-layout=qode_layout2><div class=\"qode-news-list-inner-holder\" data-number-of-items=\"1\"><div class=\"qode-news-item qode-layout2-item\">\n\t<div class=\"qode-news-item-inner\">\n\t\t<div class=\"qode-news-item-image-holder\">\n\t\t\t<div class=\"qode-news-item-image-holder-inner\">\n\t\t\t\t\t<div class=\"qode-post-image\">\n\t    <a itemprop=\"url\" href=\"https:\/\/csma.es\/en\/noticias\/convocatoria-profesor-especialista-contrabajo\/\" title=\"CONVOCATORIA PROFESOR ESPECIALISTA CONTRABAJO\">\n                        <img loading=\"lazy\" decoding=\"async\" width=\"150\" height=\"150\" src=\"https:\/\/csma.es\/wp-content\/uploads\/2024\/10\/CONVOCATORIA-ESPECIALISTA-CONTRABAJO-150x150.jpg\" class=\"attachment-thumbnail size-thumbnail wp-post-image\" alt=\"\" srcset=\"https:\/\/csma.es\/wp-content\/uploads\/2024\/10\/CONVOCATORIA-ESPECIALISTA-CONTRABAJO-150x150.jpg 150w, https:\/\/csma.es\/wp-content\/uploads\/2024\/10\/CONVOCATORIA-ESPECIALISTA-CONTRABAJO-500x500.jpg 500w\" sizes=\"auto, (max-width: 150px) 100vw, 150px\" \/>            \t    <\/a>\n\t<\/div>\n                <div class=\"qode-news-image-info-holder-left\">\n\t\t\t\t\t                <\/div>\n                <div class=\"qode-news-image-info-holder-right\">\n\t\t\t\t\t\t\t\t\t<\/div>\n\n\t\t\t<\/div>\n\t\t<\/div>\n\t\t<div class=\"qode-ni-content\">\n            \t\t\t\n<h5 itemprop=\"name\" class=\"entry-title qode-post-title\">\n    <a itemprop=\"url\" href=\"https:\/\/csma.es\/en\/noticias\/convocatoria-profesor-especialista-contrabajo\/\" title=\"CONVOCATORIA PROFESOR ESPECIALISTA CONTRABAJO\">\n        CONVOCATORIA PROFESOR ESPECIALISTA CONTRABAJO    <\/a>\n<\/h5>\t\t\t\t<div itemprop=\"dateCreated\" class=\"qode-post-info-date entry-date published updated\">\n\t    \t        <a itemprop=\"url\" href=\"https:\/\/csma.es\/en\/2024\/10\/\">\n\t            <i class=\"dripicons-alarm\"><\/i>\n    \tOctober 1, 2024        <\/a>\n\t    <meta itemprop=\"interactionCount\" content=\"UserComments: 0\"\/>\n\t<\/div>\n\t\t\t\t\t\t\t\t<\/div>\n\t<\/div>\n<\/div><div class=\"qode-news-item qode-layout2-item\">\n\t<div class=\"qode-news-item-inner\">\n\t\t<div class=\"qode-news-item-image-holder\">\n\t\t\t<div class=\"qode-news-item-image-holder-inner\">\n\t\t\t\t\t<div class=\"qode-post-image\">\n\t    <a itemprop=\"url\" href=\"https:\/\/csma.es\/en\/profesorado-interino\/apertura-lsitas-catedraticos-musica-de-camara\/\" title=\"APERTURA LISTAS CATEDR\u00c1TICOS M\u00daSICA DE C\u00c1MARA\">\n                        <img loading=\"lazy\" decoding=\"async\" width=\"150\" height=\"150\" src=\"https:\/\/csma.es\/wp-content\/uploads\/2023\/09\/csma-principal-positivo-150x150.jpg\" class=\"attachment-thumbnail size-thumbnail wp-post-image\" alt=\"\" srcset=\"https:\/\/csma.es\/wp-content\/uploads\/2023\/09\/csma-principal-positivo-150x150.jpg 150w, https:\/\/csma.es\/wp-content\/uploads\/2023\/09\/csma-principal-positivo-300x300.jpg 300w, https:\/\/csma.es\/wp-content\/uploads\/2023\/09\/csma-principal-positivo-1024x1024.jpg 1024w, https:\/\/csma.es\/wp-content\/uploads\/2023\/09\/csma-principal-positivo-768x768.jpg 768w, https:\/\/csma.es\/wp-content\/uploads\/2023\/09\/csma-principal-positivo-1536x1536.jpg 1536w, https:\/\/csma.es\/wp-content\/uploads\/2023\/09\/csma-principal-positivo-2048x2048.jpg 2048w, https:\/\/csma.es\/wp-content\/uploads\/2023\/09\/csma-principal-positivo-1200x1200.jpg 1200w, https:\/\/csma.es\/wp-content\/uploads\/2023\/09\/csma-principal-positivo-570x570.jpg 570w, https:\/\/csma.es\/wp-content\/uploads\/2023\/09\/csma-principal-positivo-500x500.jpg 500w, https:\/\/csma.es\/wp-content\/uploads\/2023\/09\/csma-principal-positivo-1000x1000.jpg 1000w, https:\/\/csma.es\/wp-content\/uploads\/2023\/09\/csma-principal-positivo-700x700.jpg 700w, https:\/\/csma.es\/wp-content\/uploads\/2023\/09\/csma-principal-positivo-1320x1320.jpg 1320w\" sizes=\"auto, (max-width: 150px) 100vw, 150px\" \/>            \t    <\/a>\n\t<\/div>\n                <div class=\"qode-news-image-info-holder-left\">\n\t\t\t\t\t                <\/div>\n                <div class=\"qode-news-image-info-holder-right\">\n\t\t\t\t\t\t\t\t\t<\/div>\n\n\t\t\t<\/div>\n\t\t<\/div>\n\t\t<div class=\"qode-ni-content\">\n            \t\t\t\n<h5 itemprop=\"name\" class=\"entry-title qode-post-title\">\n    <a itemprop=\"url\" href=\"https:\/\/csma.es\/en\/profesorado-interino\/apertura-lsitas-catedraticos-musica-de-camara\/\" title=\"APERTURA LISTAS CATEDR\u00c1TICOS M\u00daSICA DE C\u00c1MARA\">\n        APERTURA LISTAS CATEDR\u00c1TICOS M\u00daSICA DE C\u00c1MARA    <\/a>\n<\/h5>\t\t\t\t<div itemprop=\"dateCreated\" class=\"qode-post-info-date entry-date published updated\">\n\t    \t        <a itemprop=\"url\" href=\"https:\/\/csma.es\/en\/2024\/02\/\">\n\t            <i class=\"dripicons-alarm\"><\/i>\n    \tFebruary 6, 2024        <\/a>\n\t    <meta itemprop=\"interactionCount\" content=\"UserComments: 0\"\/>\n\t<\/div>\n\t\t\t\t\t\t\t\t<\/div>\n\t<\/div>\n<\/div><div class=\"qode-news-item qode-layout2-item\">\n\t<div class=\"qode-news-item-inner\">\n\t\t<div class=\"qode-news-item-image-holder\">\n\t\t\t<div class=\"qode-news-item-image-holder-inner\">\n\t\t\t\t\t<div class=\"qode-post-image\">\n\t    <a itemprop=\"url\" href=\"https:\/\/csma.es\/en\/profesorado-interino\/apertura-listas-catedratico-de-contrabajo\/\" title=\"APERTURA LISTAS CATEDR\u00c1TICO DE CONTRABAJO\">\n                        <img loading=\"lazy\" decoding=\"async\" width=\"150\" height=\"150\" src=\"https:\/\/csma.es\/wp-content\/uploads\/2023\/09\/csma-principal-positivo-150x150.jpg\" class=\"attachment-thumbnail size-thumbnail wp-post-image\" alt=\"\" srcset=\"https:\/\/csma.es\/wp-content\/uploads\/2023\/09\/csma-principal-positivo-150x150.jpg 150w, https:\/\/csma.es\/wp-content\/uploads\/2023\/09\/csma-principal-positivo-300x300.jpg 300w, https:\/\/csma.es\/wp-content\/uploads\/2023\/09\/csma-principal-positivo-1024x1024.jpg 1024w, https:\/\/csma.es\/wp-content\/uploads\/2023\/09\/csma-principal-positivo-768x768.jpg 768w, https:\/\/csma.es\/wp-content\/uploads\/2023\/09\/csma-principal-positivo-1536x1536.jpg 1536w, https:\/\/csma.es\/wp-content\/uploads\/2023\/09\/csma-principal-positivo-2048x2048.jpg 2048w, https:\/\/csma.es\/wp-content\/uploads\/2023\/09\/csma-principal-positivo-1200x1200.jpg 1200w, https:\/\/csma.es\/wp-content\/uploads\/2023\/09\/csma-principal-positivo-570x570.jpg 570w, https:\/\/csma.es\/wp-content\/uploads\/2023\/09\/csma-principal-positivo-500x500.jpg 500w, https:\/\/csma.es\/wp-content\/uploads\/2023\/09\/csma-principal-positivo-1000x1000.jpg 1000w, https:\/\/csma.es\/wp-content\/uploads\/2023\/09\/csma-principal-positivo-700x700.jpg 700w, https:\/\/csma.es\/wp-content\/uploads\/2023\/09\/csma-principal-positivo-1320x1320.jpg 1320w\" sizes=\"auto, (max-width: 150px) 100vw, 150px\" \/>            \t    <\/a>\n\t<\/div>\n                <div class=\"qode-news-image-info-holder-left\">\n\t\t\t\t\t                <\/div>\n                <div class=\"qode-news-image-info-holder-right\">\n\t\t\t\t\t\t\t\t\t<\/div>\n\n\t\t\t<\/div>\n\t\t<\/div>\n\t\t<div class=\"qode-ni-content\">\n            \t\t\t\n<h5 itemprop=\"name\" class=\"entry-title qode-post-title\">\n    <a itemprop=\"url\" href=\"https:\/\/csma.es\/en\/profesorado-interino\/apertura-listas-catedratico-de-contrabajo\/\" title=\"APERTURA LISTAS CATEDR\u00c1TICO DE CONTRABAJO\">\n        APERTURA LISTAS CATEDR\u00c1TICO DE CONTRABAJO    <\/a>\n<\/h5>\t\t\t\t<div itemprop=\"dateCreated\" class=\"qode-post-info-date entry-date published updated\">\n\t    \t        <a itemprop=\"url\" href=\"https:\/\/csma.es\/en\/2024\/02\/\">\n\t            <i class=\"dripicons-alarm\"><\/i>\n    \tFebruary 6, 2024        <\/a>\n\t    <meta itemprop=\"interactionCount\" content=\"UserComments: 0\"\/>\n\t<\/div>\n\t\t\t\t\t\t\t\t<\/div>\n\t<\/div>\n<\/div><div class=\"qode-news-item qode-layout2-item\">\n\t<div class=\"qode-news-item-inner\">\n\t\t<div class=\"qode-news-item-image-holder\">\n\t\t\t<div class=\"qode-news-item-image-holder-inner\">\n\t\t\t\t\t<div class=\"qode-post-image\">\n\t    <a itemprop=\"url\" href=\"https:\/\/csma.es\/en\/profesorado-interino\/convocatoria-plazas-profesores-especialistas-curso-23-24\/\" title=\"CONVOCATORIA PLAZAS PROFESORES ESPECIALISTAS CURSO 23\/24\">\n                        <img loading=\"lazy\" decoding=\"async\" width=\"150\" height=\"150\" src=\"https:\/\/csma.es\/wp-content\/uploads\/2023\/09\/csma-principal-positivo-150x150.jpg\" class=\"attachment-thumbnail size-thumbnail wp-post-image\" alt=\"\" srcset=\"https:\/\/csma.es\/wp-content\/uploads\/2023\/09\/csma-principal-positivo-150x150.jpg 150w, https:\/\/csma.es\/wp-content\/uploads\/2023\/09\/csma-principal-positivo-300x300.jpg 300w, https:\/\/csma.es\/wp-content\/uploads\/2023\/09\/csma-principal-positivo-1024x1024.jpg 1024w, https:\/\/csma.es\/wp-content\/uploads\/2023\/09\/csma-principal-positivo-768x768.jpg 768w, https:\/\/csma.es\/wp-content\/uploads\/2023\/09\/csma-principal-positivo-1536x1536.jpg 1536w, https:\/\/csma.es\/wp-content\/uploads\/2023\/09\/csma-principal-positivo-2048x2048.jpg 2048w, https:\/\/csma.es\/wp-content\/uploads\/2023\/09\/csma-principal-positivo-1200x1200.jpg 1200w, https:\/\/csma.es\/wp-content\/uploads\/2023\/09\/csma-principal-positivo-570x570.jpg 570w, https:\/\/csma.es\/wp-content\/uploads\/2023\/09\/csma-principal-positivo-500x500.jpg 500w, https:\/\/csma.es\/wp-content\/uploads\/2023\/09\/csma-principal-positivo-1000x1000.jpg 1000w, https:\/\/csma.es\/wp-content\/uploads\/2023\/09\/csma-principal-positivo-700x700.jpg 700w, https:\/\/csma.es\/wp-content\/uploads\/2023\/09\/csma-principal-positivo-1320x1320.jpg 1320w\" sizes=\"auto, (max-width: 150px) 100vw, 150px\" \/>            \t    <\/a>\n\t<\/div>\n                <div class=\"qode-news-image-info-holder-left\">\n\t\t\t\t\t                <\/div>\n                <div class=\"qode-news-image-info-holder-right\">\n\t\t\t\t\t\t\t\t\t<\/div>\n\n\t\t\t<\/div>\n\t\t<\/div>\n\t\t<div class=\"qode-ni-content\">\n            \t\t\t\n<h5 itemprop=\"name\" class=\"entry-title qode-post-title\">\n    <a itemprop=\"url\" href=\"https:\/\/csma.es\/en\/profesorado-interino\/convocatoria-plazas-profesores-especialistas-curso-23-24\/\" title=\"CONVOCATORIA PLAZAS PROFESORES ESPECIALISTAS CURSO 23\/24\">\n        CONVOCATORIA PLAZAS PROFESORES ESPECIALISTAS CURSO 23\/24    <\/a>\n<\/h5>\t\t\t\t<div itemprop=\"dateCreated\" class=\"qode-post-info-date entry-date published updated\">\n\t    \t        <a itemprop=\"url\" href=\"https:\/\/csma.es\/en\/2024\/01\/\">\n\t            <i class=\"dripicons-alarm\"><\/i>\n    \tJanuary 11, 2024        <\/a>\n\t    <meta itemprop=\"interactionCount\" content=\"UserComments: 0\"\/>\n\t<\/div>\n\t\t\t\t\t\t\t\t<\/div>\n\t<\/div>\n<\/div><div class=\"qode-news-item qode-layout2-item\">\n\t<div class=\"qode-news-item-inner\">\n\t\t<div class=\"qode-news-item-image-holder\">\n\t\t\t<div class=\"qode-news-item-image-holder-inner\">\n\t\t\t\t\t<div class=\"qode-post-image\">\n\t    <a itemprop=\"url\" href=\"https:\/\/csma.es\/en\/profesorado-interino\/ampliacion-listas-catedraticos-de-violin\/\" title=\"AMPLIACION LISTAS CATEDR\u00c1TICOS DE VIOL\u00cdN\">\n                        <img loading=\"lazy\" decoding=\"async\" width=\"150\" height=\"150\" src=\"https:\/\/csma.es\/wp-content\/uploads\/2023\/09\/csma-principal-positivo-150x150.jpg\" class=\"attachment-thumbnail size-thumbnail wp-post-image\" alt=\"\" srcset=\"https:\/\/csma.es\/wp-content\/uploads\/2023\/09\/csma-principal-positivo-150x150.jpg 150w, https:\/\/csma.es\/wp-content\/uploads\/2023\/09\/csma-principal-positivo-300x300.jpg 300w, https:\/\/csma.es\/wp-content\/uploads\/2023\/09\/csma-principal-positivo-1024x1024.jpg 1024w, https:\/\/csma.es\/wp-content\/uploads\/2023\/09\/csma-principal-positivo-768x768.jpg 768w, https:\/\/csma.es\/wp-content\/uploads\/2023\/09\/csma-principal-positivo-1536x1536.jpg 1536w, https:\/\/csma.es\/wp-content\/uploads\/2023\/09\/csma-principal-positivo-2048x2048.jpg 2048w, https:\/\/csma.es\/wp-content\/uploads\/2023\/09\/csma-principal-positivo-1200x1200.jpg 1200w, https:\/\/csma.es\/wp-content\/uploads\/2023\/09\/csma-principal-positivo-570x570.jpg 570w, https:\/\/csma.es\/wp-content\/uploads\/2023\/09\/csma-principal-positivo-500x500.jpg 500w, https:\/\/csma.es\/wp-content\/uploads\/2023\/09\/csma-principal-positivo-1000x1000.jpg 1000w, https:\/\/csma.es\/wp-content\/uploads\/2023\/09\/csma-principal-positivo-700x700.jpg 700w, https:\/\/csma.es\/wp-content\/uploads\/2023\/09\/csma-principal-positivo-1320x1320.jpg 1320w\" sizes=\"auto, (max-width: 150px) 100vw, 150px\" \/>            \t    <\/a>\n\t<\/div>\n                <div class=\"qode-news-image-info-holder-left\">\n\t\t\t\t\t                <\/div>\n                <div class=\"qode-news-image-info-holder-right\">\n\t\t\t\t\t\t\t\t\t<\/div>\n\n\t\t\t<\/div>\n\t\t<\/div>\n\t\t<div class=\"qode-ni-content\">\n            \t\t\t\n<h5 itemprop=\"name\" class=\"entry-title qode-post-title\">\n    <a itemprop=\"url\" href=\"https:\/\/csma.es\/en\/profesorado-interino\/ampliacion-listas-catedraticos-de-violin\/\" title=\"AMPLIACION LISTAS CATEDR\u00c1TICOS DE VIOL\u00cdN\">\n        AMPLIACION LISTAS CATEDR\u00c1TICOS DE VIOL\u00cdN    <\/a>\n<\/h5>\t\t\t\t<div itemprop=\"dateCreated\" class=\"qode-post-info-date entry-date published updated\">\n\t    \t        <a itemprop=\"url\" href=\"https:\/\/csma.es\/en\/2023\/11\/\">\n\t            <i class=\"dripicons-alarm\"><\/i>\n    \tNovember 20, 2023        <\/a>\n\t    <meta itemprop=\"interactionCount\" content=\"UserComments: 0\"\/>\n\t<\/div>\n\t\t\t\t\t\t\t\t<\/div>\n\t<\/div>\n<\/div><div class=\"qode-news-item qode-layout2-item\">\n\t<div class=\"qode-news-item-inner\">\n\t\t<div class=\"qode-news-item-image-holder\">\n\t\t\t<div class=\"qode-news-item-image-holder-inner\">\n\t\t\t\t\t<div class=\"qode-post-image\">\n\t    <a itemprop=\"url\" href=\"https:\/\/csma.es\/en\/profesorado-interino\/publicada-listas-de-admitidos-y-excluidos-profesores-especialistas\/\" title=\"PUBLICADAS LISTAS DE ADMITIDOS Y EXCLU\u00cdDOS PROFESORES ESPECIALISTAS\">\n                        <img loading=\"lazy\" decoding=\"async\" width=\"150\" height=\"150\" src=\"https:\/\/csma.es\/wp-content\/uploads\/2018\/09\/logocsmaprovisional-150x150.png\" class=\"attachment-thumbnail size-thumbnail wp-post-image\" alt=\"\" \/>            \t    <\/a>\n\t<\/div>\n                <div class=\"qode-news-image-info-holder-left\">\n\t\t\t\t\t                <\/div>\n                <div class=\"qode-news-image-info-holder-right\">\n\t\t\t\t\t\t\t\t\t<\/div>\n\n\t\t\t<\/div>\n\t\t<\/div>\n\t\t<div class=\"qode-ni-content\">\n            \t\t\t\n<h5 itemprop=\"name\" class=\"entry-title qode-post-title\">\n    <a itemprop=\"url\" href=\"https:\/\/csma.es\/en\/profesorado-interino\/publicada-listas-de-admitidos-y-excluidos-profesores-especialistas\/\" title=\"PUBLICADAS LISTAS DE ADMITIDOS Y EXCLU\u00cdDOS PROFESORES ESPECIALISTAS\">\n        PUBLICADAS LISTAS DE ADMITIDOS Y EXCLU\u00cdDOS PROFESORES ESPECIALISTAS    <\/a>\n<\/h5>\t\t\t\t<div itemprop=\"dateCreated\" class=\"qode-post-info-date entry-date published updated\">\n\t    \t        <a itemprop=\"url\" href=\"https:\/\/csma.es\/en\/2023\/11\/\">\n\t            <i class=\"dripicons-alarm\"><\/i>\n    \tNovember 8, 2023        <\/a>\n\t    <meta itemprop=\"interactionCount\" content=\"UserComments: 0\"\/>\n\t<\/div>\n\t\t\t\t\t\t\t\t<\/div>\n\t<\/div>\n<\/div><\/div><\/div>[vc_separator type=&#8221;transparent&#8221;][vc_separator type=&#8221;transparent&#8221;]<div class=\"call_to_action normal\" style=\"background-color: #999999;\"><div class=\"container_inner\"><div class=\"two_columns_75_25 clearfix\"><div class=\"text_wrapper column1\"><div class=\"call_to_action_text \" style=\"\">CONSULTA TODAS LAS CONVOCATORIAS EN WWW.EDUCARAGON.ORG<\/div><\/div><div class=\"button_wrapper column2\"><a itemprop=\"url\" href=\"http:\/\/www.educaragon.org\/GestionPersonal\/personal.asp\" class=\"qbutton white \" target=\"\" style=\"\">IR AL SITIO<\/a><\/div><\/div><\/div><\/div>[vc_separator type=&#8221;transparent&#8221;][vc_separator type=&#8221;transparent&#8221;][vc_separator type=&#8221;transparent&#8221;][vc_separator type=&#8221;transparent&#8221;][\/vc_column][\/vc_row]\n","protected":false},"excerpt":{"rendered":"<p>[vc_row css_animation=&#8221;&#8221; row_type=&#8221;row&#8221; use_row_as_full_screen_section=&#8221;no&#8221; type=&#8221;full_width&#8221; angled_section=&#8221;no&#8221; text_align=&#8221;left&#8221; background_image_as_pattern=&#8221;without_pattern&#8221;][vc_column][vc_separator type=&#8221;transparent&#8221;][vc_separator type=&#8221;transparent&#8221;][vc_separator type=&#8221;transparent&#8221;][vc_separator type=&#8221;transparent&#8221;][vc_separator type=&#8221;transparent&#8221;][vc_separator type=&#8221;transparent&#8221;][vc_separator type=&#8221;transparent&#8221;][\/vc_column][\/vc_row]<\/p>\n","protected":false},"author":3,"featured_media":0,"parent":0,"menu_order":0,"comment_status":"closed","ping_status":"closed","template":"","meta":{"_acf_changed":false,"footnotes":""},"class_list":["post-20581","page","type-page","status-publish","hentry"],"acf":[],"yoast_head":"<!-- This site is optimized with the Yoast SEO plugin v27.3 - https:\/\/yoast.com\/product\/yoast-seo-wordpress\/ -->\n<title>Work At The CSMA - CSMA<\/title>\n<meta name=\"robots\" content=\"index, follow, max-snippet:-1, max-image-preview:large, max-video-preview:-1\" \/>\n<link rel=\"canonical\" href=\"https:\/\/csma.es\/en\/work-at-the-csma-2023-2024\/\" \/>\n<meta property=\"og:locale\" content=\"en_US\" \/>\n<meta property=\"og:type\" content=\"article\" \/>\n<meta property=\"og:title\" content=\"Work At The CSMA - CSMA\" \/>\n<meta property=\"og:description\" content=\"[vc_row css_animation=&#8221;&#8221; row_type=&#8221;row&#8221; use_row_as_full_screen_section=&#8221;no&#8221; type=&#8221;full_width&#8221; angled_section=&#8221;no&#8221; text_align=&#8221;left&#8221; background_image_as_pattern=&#8221;without_pattern&#8221;][vc_column][vc_separator type=&#8221;transparent&#8221;][vc_separator type=&#8221;transparent&#8221;][vc_separator type=&#8221;transparent&#8221;][vc_separator type=&#8221;transparent&#8221;][vc_separator type=&#8221;transparent&#8221;][vc_separator type=&#8221;transparent&#8221;][vc_separator type=&#8221;transparent&#8221;][\/vc_column][\/vc_row]\" \/>\n<meta property=\"og:url\" content=\"https:\/\/csma.es\/en\/work-at-the-csma-2023-2024\/\" \/>\n<meta property=\"og:site_name\" content=\"CSMA\" \/>\n<meta property=\"article:publisher\" content=\"https:\/\/www.facebook.com\/CSMAragon\/\" \/>\n<meta property=\"article:modified_time\" content=\"2024-05-09T08:50:46+00:00\" \/>\n<meta property=\"og:image\" content=\"https:\/\/csma.es\/wp-content\/uploads\/2019\/11\/csma-1200.png\" \/>\n\t<meta property=\"og:image:width\" content=\"1200\" \/>\n\t<meta property=\"og:image:height\" content=\"630\" \/>\n\t<meta property=\"og:image:type\" content=\"image\/png\" \/>\n<meta name=\"twitter:card\" content=\"summary_large_image\" \/>\n<meta name=\"twitter:site\" content=\"@csmaconser\" \/>\n<meta name=\"twitter:label1\" content=\"Est. reading time\" \/>\n\t<meta name=\"twitter:data1\" content=\"1 minute\" \/>\n<script type=\"application\/ld+json\" class=\"yoast-schema-graph\">{\"@context\":\"https:\\\/\\\/schema.org\",\"@graph\":[{\"@type\":\"WebPage\",\"@id\":\"https:\\\/\\\/csma.es\\\/en\\\/work-at-the-csma-2023-2024\\\/\",\"url\":\"https:\\\/\\\/csma.es\\\/en\\\/work-at-the-csma-2023-2024\\\/\",\"name\":\"Work At The CSMA - CSMA\",\"isPartOf\":{\"@id\":\"https:\\\/\\\/csma.es\\\/#website\"},\"datePublished\":\"2021-04-07T16:35:42+00:00\",\"dateModified\":\"2024-05-09T08:50:46+00:00\",\"breadcrumb\":{\"@id\":\"https:\\\/\\\/csma.es\\\/en\\\/work-at-the-csma-2023-2024\\\/#breadcrumb\"},\"inLanguage\":\"en-US\",\"potentialAction\":[{\"@type\":\"ReadAction\",\"target\":[\"https:\\\/\\\/csma.es\\\/en\\\/work-at-the-csma-2023-2024\\\/\"]}]},{\"@type\":\"BreadcrumbList\",\"@id\":\"https:\\\/\\\/csma.es\\\/en\\\/work-at-the-csma-2023-2024\\\/#breadcrumb\",\"itemListElement\":[{\"@type\":\"ListItem\",\"position\":1,\"name\":\"Portada\",\"item\":\"https:\\\/\\\/csma.es\\\/en\\\/\"},{\"@type\":\"ListItem\",\"position\":2,\"name\":\"Work At The CSMA\"}]},{\"@type\":\"WebSite\",\"@id\":\"https:\\\/\\\/csma.es\\\/#website\",\"url\":\"https:\\\/\\\/csma.es\\\/\",\"name\":\"CSMA\",\"description\":\"Conservatorio Superior de M\u00fasica de Arag\u00f3n\",\"publisher\":{\"@id\":\"https:\\\/\\\/csma.es\\\/#organization\"},\"potentialAction\":[{\"@type\":\"SearchAction\",\"target\":{\"@type\":\"EntryPoint\",\"urlTemplate\":\"https:\\\/\\\/csma.es\\\/?s={search_term_string}\"},\"query-input\":{\"@type\":\"PropertyValueSpecification\",\"valueRequired\":true,\"valueName\":\"search_term_string\"}}],\"inLanguage\":\"en-US\"},{\"@type\":\"Organization\",\"@id\":\"https:\\\/\\\/csma.es\\\/#organization\",\"name\":\"Conservatorio Superior de M\u00fasica de Arag\u00f3n\",\"url\":\"https:\\\/\\\/csma.es\\\/\",\"logo\":{\"@type\":\"ImageObject\",\"inLanguage\":\"en-US\",\"@id\":\"https:\\\/\\\/csma.es\\\/#\\\/schema\\\/logo\\\/image\\\/\",\"url\":\"https:\\\/\\\/csma.es\\\/wp-content\\\/uploads\\\/2025\\\/04\\\/cropped-logo-csma-40anos-vertical-sintexto-positivo.png\",\"contentUrl\":\"https:\\\/\\\/csma.es\\\/wp-content\\\/uploads\\\/2025\\\/04\\\/cropped-logo-csma-40anos-vertical-sintexto-positivo.png\",\"width\":512,\"height\":512,\"caption\":\"Conservatorio Superior de M\u00fasica de Arag\u00f3n\"},\"image\":{\"@id\":\"https:\\\/\\\/csma.es\\\/#\\\/schema\\\/logo\\\/image\\\/\"},\"sameAs\":[\"https:\\\/\\\/www.facebook.com\\\/CSMAragon\\\/\",\"https:\\\/\\\/x.com\\\/csmaconser\",\"https:\\\/\\\/www.instagram.com\\\/csmaragon\\\/\",\"https:\\\/\\\/www.youtube.com\\\/channel\\\/UCcsLLtgZJUhz11-3Aj1sv3w\"]}]}<\/script>\n<!-- \/ Yoast SEO plugin. -->","yoast_head_json":{"title":"Work At The CSMA - CSMA","robots":{"index":"index","follow":"follow","max-snippet":"max-snippet:-1","max-image-preview":"max-image-preview:large","max-video-preview":"max-video-preview:-1"},"canonical":"https:\/\/csma.es\/en\/work-at-the-csma-2023-2024\/","og_locale":"en_US","og_type":"article","og_title":"Work At The CSMA - CSMA","og_description":"[vc_row css_animation=&#8221;&#8221; row_type=&#8221;row&#8221; use_row_as_full_screen_section=&#8221;no&#8221; type=&#8221;full_width&#8221; angled_section=&#8221;no&#8221; text_align=&#8221;left&#8221; background_image_as_pattern=&#8221;without_pattern&#8221;][vc_column][vc_separator type=&#8221;transparent&#8221;][vc_separator type=&#8221;transparent&#8221;][vc_separator type=&#8221;transparent&#8221;][vc_separator type=&#8221;transparent&#8221;][vc_separator type=&#8221;transparent&#8221;][vc_separator type=&#8221;transparent&#8221;][vc_separator type=&#8221;transparent&#8221;][\/vc_column][\/vc_row]","og_url":"https:\/\/csma.es\/en\/work-at-the-csma-2023-2024\/","og_site_name":"CSMA","article_publisher":"https:\/\/www.facebook.com\/CSMAragon\/","article_modified_time":"2024-05-09T08:50:46+00:00","og_image":[{"width":1200,"height":630,"url":"https:\/\/csma.es\/wp-content\/uploads\/2019\/11\/csma-1200.png","type":"image\/png"}],"twitter_card":"summary_large_image","twitter_site":"@csmaconser","twitter_misc":{"Est. reading time":"1 minute"},"schema":{"@context":"https:\/\/schema.org","@graph":[{"@type":"WebPage","@id":"https:\/\/csma.es\/en\/work-at-the-csma-2023-2024\/","url":"https:\/\/csma.es\/en\/work-at-the-csma-2023-2024\/","name":"Work At The CSMA - CSMA","isPartOf":{"@id":"https:\/\/csma.es\/#website"},"datePublished":"2021-04-07T16:35:42+00:00","dateModified":"2024-05-09T08:50:46+00:00","breadcrumb":{"@id":"https:\/\/csma.es\/en\/work-at-the-csma-2023-2024\/#breadcrumb"},"inLanguage":"en-US","potentialAction":[{"@type":"ReadAction","target":["https:\/\/csma.es\/en\/work-at-the-csma-2023-2024\/"]}]},{"@type":"BreadcrumbList","@id":"https:\/\/csma.es\/en\/work-at-the-csma-2023-2024\/#breadcrumb","itemListElement":[{"@type":"ListItem","position":1,"name":"Portada","item":"https:\/\/csma.es\/en\/"},{"@type":"ListItem","position":2,"name":"Work At The CSMA"}]},{"@type":"WebSite","@id":"https:\/\/csma.es\/#website","url":"https:\/\/csma.es\/","name":"CSMA","description":"Conservatorio Superior de M\u00fasica de Arag\u00f3n","publisher":{"@id":"https:\/\/csma.es\/#organization"},"potentialAction":[{"@type":"SearchAction","target":{"@type":"EntryPoint","urlTemplate":"https:\/\/csma.es\/?s={search_term_string}"},"query-input":{"@type":"PropertyValueSpecification","valueRequired":true,"valueName":"search_term_string"}}],"inLanguage":"en-US"},{"@type":"Organization","@id":"https:\/\/csma.es\/#organization","name":"Conservatorio Superior de M\u00fasica de Arag\u00f3n","url":"https:\/\/csma.es\/","logo":{"@type":"ImageObject","inLanguage":"en-US","@id":"https:\/\/csma.es\/#\/schema\/logo\/image\/","url":"https:\/\/csma.es\/wp-content\/uploads\/2025\/04\/cropped-logo-csma-40anos-vertical-sintexto-positivo.png","contentUrl":"https:\/\/csma.es\/wp-content\/uploads\/2025\/04\/cropped-logo-csma-40anos-vertical-sintexto-positivo.png","width":512,"height":512,"caption":"Conservatorio Superior de M\u00fasica de Arag\u00f3n"},"image":{"@id":"https:\/\/csma.es\/#\/schema\/logo\/image\/"},"sameAs":["https:\/\/www.facebook.com\/CSMAragon\/","https:\/\/x.com\/csmaconser","https:\/\/www.instagram.com\/csmaragon\/","https:\/\/www.youtube.com\/channel\/UCcsLLtgZJUhz11-3Aj1sv3w"]}]}},"publishpress_future_action":{"enabled":false,"date":"2026-04-16 10:45:23","action":"change-status","newStatus":"draft","terms":[],"taxonomy":"","extraData":[]},"publishpress_future_workflow_manual_trigger":{"enabledWorkflows":[]},"_links":{"self":[{"href":"https:\/\/csma.es\/en\/wp-json\/wp\/v2\/pages\/20581","targetHints":{"allow":["GET"]}}],"collection":[{"href":"https:\/\/csma.es\/en\/wp-json\/wp\/v2\/pages"}],"about":[{"href":"https:\/\/csma.es\/en\/wp-json\/wp\/v2\/types\/page"}],"author":[{"embeddable":true,"href":"https:\/\/csma.es\/en\/wp-json\/wp\/v2\/users\/3"}],"replies":[{"embeddable":true,"href":"https:\/\/csma.es\/en\/wp-json\/wp\/v2\/comments?post=20581"}],"version-history":[{"count":0,"href":"https:\/\/csma.es\/en\/wp-json\/wp\/v2\/pages\/20581\/revisions"}],"wp:attachment":[{"href":"https:\/\/csma.es\/en\/wp-json\/wp\/v2\/media?parent=20581"}],"curies":[{"name":"wp","href":"https:\/\/api.w.org\/{rel}","templated":true}]}}