{"id":20564,"date":"2021-04-07T17:55:53","date_gmt":"2021-04-07T15:55:53","guid":{"rendered":"https:\/\/csma.es\/?page_id=20564"},"modified":"2024-06-11T09:30:58","modified_gmt":"2024-06-11T07:30:58","slug":"vocals-and-accordion","status":"publish","type":"page","link":"https:\/\/csma.es\/en\/vocals-and-accordion\/","title":{"rendered":"Vocals And Accordion"},"content":{"rendered":"[vc_row css_animation=&#8221;&#8221; row_type=&#8221;row&#8221; use_row_as_full_screen_section=&#8221;no&#8221; type=&#8221;full_width&#8221; angled_section=&#8221;no&#8221; text_align=&#8221;left&#8221; background_image_as_pattern=&#8221;without_pattern&#8221;][vc_column][vc_separator type=&#8221;transparent&#8221;][\/vc_column][\/vc_row][vc_row css_animation=&#8221;&#8221; row_type=&#8221;row&#8221; use_row_as_full_screen_section=&#8221;no&#8221; type=&#8221;full_width&#8221; angled_section=&#8221;no&#8221; text_align=&#8221;left&#8221; background_image_as_pattern=&#8221;without_pattern&#8221;][vc_column width=&#8221;2\/3&#8243;][vc_column_text]\n<h3 style=\"text-align: justify;\">HEAD OF DEPARTMENT<\/h3>\n<p>&nbsp;<\/p>\n<table style=\"width: 100%;\">\n<tbody>\n<tr>\n<td style=\"text-align: justify; width: 33%;\">ESCART\u00cdN ARA, ENRIQUE<\/td>\n<td style=\"text-align: justify;\">Contact: <a href=\"mailto:dpto.cantoyacordeon@csmaragon.es\">dpto.cantoyacordeon@csmaragon.es<\/a><\/td>\n<\/tr>\n<\/tbody>\n<\/table>\n<p>&nbsp;<\/p>\n<p>&nbsp;<\/p>\n<h3 style=\"text-align: justify;\">STAFF<\/h3>\n<p>&nbsp;<\/p>\n<table style=\"width: 100%; height: 263px;\">\n<tbody>\n<tr style=\"height: 24px;\">\n<td style=\"text-align: justify; width: 40.993%;\"><a href=\"https:\/\/csma.es\/profesorado\/enrique-escartin\/\" target=\"_blank\" rel=\"noopener\">ESCARTIN ARA, ENRIQUE<\/a><\/td>\n<td style=\"text-align: justify; width: 58.6478%;\">Repertoire with piano, Singing accompaniment, Correpetition-concertation<\/td>\n<\/tr>\n<tr style=\"height: 24px;\">\n<td style=\"text-align: justify; width: 40.993%;\">ESTOPI\u00d1\u00c1N DOM\u00cdNGUEZ, CARLOS<\/td>\n<td style=\"text-align: justify; width: 58.6478%;\">English phonetics and French phonetics<\/td>\n<\/tr>\n<tr style=\"height: 24px;\">\n<td style=\"text-align: justify; width: 40.993%; height: 24px;\">GIMENO L\u00d3PEZ, BEATRIZ<\/td>\n<td style=\"text-align: justify; height: 24px; width: 58.6478%;\">Singing, Vocal Repertoire, Chamber Music, History and Technique of Singing<\/td>\n<\/tr>\n<tr style=\"height: 24px;\">\n<td style=\"text-align: justify; height: 24px; width: 40.993%;\">LATORRE TORRES, MIREIA<\/td>\n<td style=\"text-align: justify; height: 24px; width: 58.6478%;\">English phonetics, Italian phonetics applied to singing<\/td>\n<\/tr>\n<tr style=\"height: 24px;\">\n<td style=\"text-align: justify; width: 40.993%; height: 24px;\">MAGRI\u00d1\u00c1 MART\u00cdNEZ, INGRID<\/td>\n<td style=\"text-align: justify; height: 24px; width: 58.6478%;\">Movement and Dance<\/td>\n<\/tr>\n<tr style=\"height: 24px;\">\n<td style=\"text-align: justify; width: 40.993%;\">MART\u00cdNEZ DE RADA, MAR\u00cdA<\/td>\n<td style=\"text-align: justify; width: 58.6478%;\">Scene and Interpretation<\/td>\n<\/tr>\n<tr style=\"height: 24px;\">\n<td style=\"text-align: justify; width: 40.993%; height: 24px;\">POLO SAVICENTE, C\u00c9SAR<\/td>\n<td style=\"text-align: justify; height: 24px; width: 58.6478%;\">Singing, Vocal Repertoire, Anatomy of the Phonatory Apparatus, PFG<\/td>\n<\/tr>\n<tr style=\"height: 24px;\">\n<td style=\"text-align: justify; height: 24px; width: 40.993%;\"><a href=\"https:\/\/csma.es\/profesorado\/ander-telleria\/\" target=\"_blank\" rel=\"noopener\">TELLER\u00cdA L\u00c1ZARO, ANDER<\/a><\/td>\n<td style=\"text-align: justify; height: 24px; width: 58.6478%;\">Accordion, Tango Orchestra<\/td>\n<\/tr>\n<\/tbody>\n<\/table>\n<p style=\"text-align: justify;\"><span style=\"color: #ffffff;\">.<\/span><\/p>\n[\/vc_column_text][\/vc_column][vc_column width=&#8221;1\/3&#8243;]<div class=\"qode-news-holder qode-post-carousel1 qode-nl-normal-space\"  data-post-status=publish data-category-name=dpto-canto data-ignore-sticky-posts=1 data-paged=1 data-max-num-pages=0 data-next-page=2 data-title-tag=h4 data-image-size=full data-display-categories=yes data-display-excerpt=no data-display-date=no data-display-author=no data-display-share=no data-display-hot-trending-icons=no data-layout=qode_post_carousel1>Sorry, no posts matched your criteria.<\/div>[\/vc_column][\/vc_row][vc_row css_animation=&#8221;&#8221; row_type=&#8221;row&#8221; use_row_as_full_screen_section=&#8221;no&#8221; type=&#8221;full_width&#8221; angled_section=&#8221;no&#8221; text_align=&#8221;left&#8221; background_image_as_pattern=&#8221;without_pattern&#8221;][vc_column][vc_separator type=&#8221;transparent&#8221;][vc_separator type=&#8221;transparent&#8221;][vc_separator type=&#8221;transparent&#8221;][\/vc_column][\/vc_row][vc_row css_animation=&#8221;&#8221; row_type=&#8221;row&#8221; use_row_as_full_screen_section=&#8221;no&#8221; type=&#8221;full_width&#8221; angled_section=&#8221;no&#8221; text_align=&#8221;left&#8221; background_image_as_pattern=&#8221;without_pattern&#8221;][vc_column][vc_separator type=&#8221;transparent&#8221;][vc_separator type=&#8221;transparent&#8221;][vc_separator type=&#8221;transparent&#8221;][vc_separator type=&#8221;transparent&#8221;][vc_separator type=&#8221;transparent&#8221;][vc_separator type=&#8221;transparent&#8221;][vc_separator type=&#8221;transparent&#8221;][\/vc_column][\/vc_row]\n","protected":false},"excerpt":{"rendered":"<p>[vc_row css_animation=&#8221;&#8221; row_type=&#8221;row&#8221; use_row_as_full_screen_section=&#8221;no&#8221; type=&#8221;full_width&#8221; angled_section=&#8221;no&#8221; text_align=&#8221;left&#8221; background_image_as_pattern=&#8221;without_pattern&#8221;][vc_column][vc_separator type=&#8221;transparent&#8221;][\/vc_column][\/vc_row][vc_row css_animation=&#8221;&#8221; row_type=&#8221;row&#8221; use_row_as_full_screen_section=&#8221;no&#8221; type=&#8221;full_width&#8221; angled_section=&#8221;no&#8221; text_align=&#8221;left&#8221; background_image_as_pattern=&#8221;without_pattern&#8221;][vc_column width=&#8221;2\/3&#8243;][vc_column_text] HEAD OF DEPARTMENT &nbsp; ESCART\u00cdN ARA, ENRIQUE Contact:&#8230;<\/p>\n","protected":false},"author":3,"featured_media":0,"parent":0,"menu_order":0,"comment_status":"closed","ping_status":"closed","template":"","meta":{"_acf_changed":false,"footnotes":""},"class_list":["post-20564","page","type-page","status-publish","hentry"],"acf":[],"yoast_head":"<!-- This site is optimized with the Yoast SEO plugin v27.4 - https:\/\/yoast.com\/product\/yoast-seo-wordpress\/ -->\n<title>Vocals And Accordion - CSMA<\/title>\n<meta name=\"robots\" content=\"index, follow, max-snippet:-1, max-image-preview:large, max-video-preview:-1\" \/>\n<link rel=\"canonical\" href=\"https:\/\/csma.es\/en\/vocals-and-accordion\/\" \/>\n<meta property=\"og:locale\" content=\"en_US\" \/>\n<meta property=\"og:type\" content=\"article\" \/>\n<meta property=\"og:title\" content=\"Vocals And Accordion - CSMA\" \/>\n<meta property=\"og:description\" content=\"[vc_row css_animation=&#8221;&#8221; row_type=&#8221;row&#8221; use_row_as_full_screen_section=&#8221;no&#8221; type=&#8221;full_width&#8221; angled_section=&#8221;no&#8221; text_align=&#8221;left&#8221; background_image_as_pattern=&#8221;without_pattern&#8221;][vc_column][vc_separator type=&#8221;transparent&#8221;][\/vc_column][\/vc_row][vc_row css_animation=&#8221;&#8221; row_type=&#8221;row&#8221; use_row_as_full_screen_section=&#8221;no&#8221; type=&#8221;full_width&#8221; angled_section=&#8221;no&#8221; text_align=&#8221;left&#8221; background_image_as_pattern=&#8221;without_pattern&#8221;][vc_column width=&#8221;2\/3&#8243;][vc_column_text] HEAD OF DEPARTMENT &nbsp; ESCART\u00cdN ARA, ENRIQUE Contact:...\" \/>\n<meta property=\"og:url\" content=\"https:\/\/csma.es\/en\/vocals-and-accordion\/\" \/>\n<meta property=\"og:site_name\" content=\"CSMA\" \/>\n<meta property=\"article:publisher\" content=\"https:\/\/www.facebook.com\/CSMAragon\/\" \/>\n<meta property=\"article:modified_time\" content=\"2024-06-11T07:30:58+00:00\" \/>\n<meta property=\"og:image\" content=\"https:\/\/csma.es\/wp-content\/uploads\/2019\/11\/csma-1200.png\" \/>\n\t<meta property=\"og:image:width\" content=\"1200\" \/>\n\t<meta property=\"og:image:height\" content=\"630\" \/>\n\t<meta property=\"og:image:type\" content=\"image\/png\" \/>\n<meta name=\"twitter:card\" content=\"summary_large_image\" \/>\n<meta name=\"twitter:site\" content=\"@csmaconser\" \/>\n<meta name=\"twitter:label1\" content=\"Est. reading time\" \/>\n\t<meta name=\"twitter:data1\" content=\"1 minute\" \/>\n<script type=\"application\/ld+json\" class=\"yoast-schema-graph\">{\"@context\":\"https:\\\/\\\/schema.org\",\"@graph\":[{\"@type\":\"WebPage\",\"@id\":\"https:\\\/\\\/csma.es\\\/en\\\/vocals-and-accordion\\\/\",\"url\":\"https:\\\/\\\/csma.es\\\/en\\\/vocals-and-accordion\\\/\",\"name\":\"Vocals And Accordion - CSMA\",\"isPartOf\":{\"@id\":\"https:\\\/\\\/csma.es\\\/#website\"},\"datePublished\":\"2021-04-07T15:55:53+00:00\",\"dateModified\":\"2024-06-11T07:30:58+00:00\",\"breadcrumb\":{\"@id\":\"https:\\\/\\\/csma.es\\\/en\\\/vocals-and-accordion\\\/#breadcrumb\"},\"inLanguage\":\"en-US\",\"potentialAction\":[{\"@type\":\"ReadAction\",\"target\":[\"https:\\\/\\\/csma.es\\\/en\\\/vocals-and-accordion\\\/\"]}]},{\"@type\":\"BreadcrumbList\",\"@id\":\"https:\\\/\\\/csma.es\\\/en\\\/vocals-and-accordion\\\/#breadcrumb\",\"itemListElement\":[{\"@type\":\"ListItem\",\"position\":1,\"name\":\"Portada\",\"item\":\"https:\\\/\\\/csma.es\\\/en\\\/\"},{\"@type\":\"ListItem\",\"position\":2,\"name\":\"Vocals And Accordion\"}]},{\"@type\":\"WebSite\",\"@id\":\"https:\\\/\\\/csma.es\\\/#website\",\"url\":\"https:\\\/\\\/csma.es\\\/\",\"name\":\"CSMA\",\"description\":\"Conservatorio Superior de M\u00fasica de Arag\u00f3n\",\"publisher\":{\"@id\":\"https:\\\/\\\/csma.es\\\/#organization\"},\"potentialAction\":[{\"@type\":\"SearchAction\",\"target\":{\"@type\":\"EntryPoint\",\"urlTemplate\":\"https:\\\/\\\/csma.es\\\/?s={search_term_string}\"},\"query-input\":{\"@type\":\"PropertyValueSpecification\",\"valueRequired\":true,\"valueName\":\"search_term_string\"}}],\"inLanguage\":\"en-US\"},{\"@type\":\"Organization\",\"@id\":\"https:\\\/\\\/csma.es\\\/#organization\",\"name\":\"Conservatorio Superior de M\u00fasica de Arag\u00f3n\",\"url\":\"https:\\\/\\\/csma.es\\\/\",\"logo\":{\"@type\":\"ImageObject\",\"inLanguage\":\"en-US\",\"@id\":\"https:\\\/\\\/csma.es\\\/#\\\/schema\\\/logo\\\/image\\\/\",\"url\":\"https:\\\/\\\/csma.es\\\/wp-content\\\/uploads\\\/2025\\\/04\\\/cropped-logo-csma-40anos-vertical-sintexto-positivo.png\",\"contentUrl\":\"https:\\\/\\\/csma.es\\\/wp-content\\\/uploads\\\/2025\\\/04\\\/cropped-logo-csma-40anos-vertical-sintexto-positivo.png\",\"width\":512,\"height\":512,\"caption\":\"Conservatorio Superior de M\u00fasica de Arag\u00f3n\"},\"image\":{\"@id\":\"https:\\\/\\\/csma.es\\\/#\\\/schema\\\/logo\\\/image\\\/\"},\"sameAs\":[\"https:\\\/\\\/www.facebook.com\\\/CSMAragon\\\/\",\"https:\\\/\\\/x.com\\\/csmaconser\",\"https:\\\/\\\/www.instagram.com\\\/csmaragon\\\/\",\"https:\\\/\\\/www.youtube.com\\\/channel\\\/UCcsLLtgZJUhz11-3Aj1sv3w\"]}]}<\/script>\n<!-- \/ Yoast SEO plugin. -->","yoast_head_json":{"title":"Vocals And Accordion - CSMA","robots":{"index":"index","follow":"follow","max-snippet":"max-snippet:-1","max-image-preview":"max-image-preview:large","max-video-preview":"max-video-preview:-1"},"canonical":"https:\/\/csma.es\/en\/vocals-and-accordion\/","og_locale":"en_US","og_type":"article","og_title":"Vocals And Accordion - CSMA","og_description":"[vc_row css_animation=&#8221;&#8221; row_type=&#8221;row&#8221; use_row_as_full_screen_section=&#8221;no&#8221; type=&#8221;full_width&#8221; angled_section=&#8221;no&#8221; text_align=&#8221;left&#8221; background_image_as_pattern=&#8221;without_pattern&#8221;][vc_column][vc_separator type=&#8221;transparent&#8221;][\/vc_column][\/vc_row][vc_row css_animation=&#8221;&#8221; row_type=&#8221;row&#8221; use_row_as_full_screen_section=&#8221;no&#8221; type=&#8221;full_width&#8221; angled_section=&#8221;no&#8221; text_align=&#8221;left&#8221; background_image_as_pattern=&#8221;without_pattern&#8221;][vc_column width=&#8221;2\/3&#8243;][vc_column_text] HEAD OF DEPARTMENT &nbsp; ESCART\u00cdN ARA, ENRIQUE Contact:...","og_url":"https:\/\/csma.es\/en\/vocals-and-accordion\/","og_site_name":"CSMA","article_publisher":"https:\/\/www.facebook.com\/CSMAragon\/","article_modified_time":"2024-06-11T07:30:58+00:00","og_image":[{"width":1200,"height":630,"url":"https:\/\/csma.es\/wp-content\/uploads\/2019\/11\/csma-1200.png","type":"image\/png"}],"twitter_card":"summary_large_image","twitter_site":"@csmaconser","twitter_misc":{"Est. reading time":"1 minute"},"schema":{"@context":"https:\/\/schema.org","@graph":[{"@type":"WebPage","@id":"https:\/\/csma.es\/en\/vocals-and-accordion\/","url":"https:\/\/csma.es\/en\/vocals-and-accordion\/","name":"Vocals And Accordion - CSMA","isPartOf":{"@id":"https:\/\/csma.es\/#website"},"datePublished":"2021-04-07T15:55:53+00:00","dateModified":"2024-06-11T07:30:58+00:00","breadcrumb":{"@id":"https:\/\/csma.es\/en\/vocals-and-accordion\/#breadcrumb"},"inLanguage":"en-US","potentialAction":[{"@type":"ReadAction","target":["https:\/\/csma.es\/en\/vocals-and-accordion\/"]}]},{"@type":"BreadcrumbList","@id":"https:\/\/csma.es\/en\/vocals-and-accordion\/#breadcrumb","itemListElement":[{"@type":"ListItem","position":1,"name":"Portada","item":"https:\/\/csma.es\/en\/"},{"@type":"ListItem","position":2,"name":"Vocals And Accordion"}]},{"@type":"WebSite","@id":"https:\/\/csma.es\/#website","url":"https:\/\/csma.es\/","name":"CSMA","description":"Conservatorio Superior de M\u00fasica de Arag\u00f3n","publisher":{"@id":"https:\/\/csma.es\/#organization"},"potentialAction":[{"@type":"SearchAction","target":{"@type":"EntryPoint","urlTemplate":"https:\/\/csma.es\/?s={search_term_string}"},"query-input":{"@type":"PropertyValueSpecification","valueRequired":true,"valueName":"search_term_string"}}],"inLanguage":"en-US"},{"@type":"Organization","@id":"https:\/\/csma.es\/#organization","name":"Conservatorio Superior de M\u00fasica de Arag\u00f3n","url":"https:\/\/csma.es\/","logo":{"@type":"ImageObject","inLanguage":"en-US","@id":"https:\/\/csma.es\/#\/schema\/logo\/image\/","url":"https:\/\/csma.es\/wp-content\/uploads\/2025\/04\/cropped-logo-csma-40anos-vertical-sintexto-positivo.png","contentUrl":"https:\/\/csma.es\/wp-content\/uploads\/2025\/04\/cropped-logo-csma-40anos-vertical-sintexto-positivo.png","width":512,"height":512,"caption":"Conservatorio Superior de M\u00fasica de Arag\u00f3n"},"image":{"@id":"https:\/\/csma.es\/#\/schema\/logo\/image\/"},"sameAs":["https:\/\/www.facebook.com\/CSMAragon\/","https:\/\/x.com\/csmaconser","https:\/\/www.instagram.com\/csmaragon\/","https:\/\/www.youtube.com\/channel\/UCcsLLtgZJUhz11-3Aj1sv3w"]}]}},"publishpress_future_action":{"enabled":false,"date":"2026-04-25 14:12:58","action":"change-status","newStatus":"draft","terms":[],"taxonomy":"","extraData":[]},"publishpress_future_workflow_manual_trigger":{"enabledWorkflows":[]},"_links":{"self":[{"href":"https:\/\/csma.es\/en\/wp-json\/wp\/v2\/pages\/20564","targetHints":{"allow":["GET"]}}],"collection":[{"href":"https:\/\/csma.es\/en\/wp-json\/wp\/v2\/pages"}],"about":[{"href":"https:\/\/csma.es\/en\/wp-json\/wp\/v2\/types\/page"}],"author":[{"embeddable":true,"href":"https:\/\/csma.es\/en\/wp-json\/wp\/v2\/users\/3"}],"replies":[{"embeddable":true,"href":"https:\/\/csma.es\/en\/wp-json\/wp\/v2\/comments?post=20564"}],"version-history":[{"count":0,"href":"https:\/\/csma.es\/en\/wp-json\/wp\/v2\/pages\/20564\/revisions"}],"wp:attachment":[{"href":"https:\/\/csma.es\/en\/wp-json\/wp\/v2\/media?parent=20564"}],"curies":[{"name":"wp","href":"https:\/\/api.w.org\/{rel}","templated":true}]}}