{"id":18991,"date":"2020-08-26T10:27:00","date_gmt":"2020-08-26T08:27:00","guid":{"rendered":"https:\/\/csma.es\/?page_id=18991"},"modified":"2020-09-01T11:14:38","modified_gmt":"2020-09-01T09:14:38","slug":"secretaria","status":"publish","type":"page","link":"https:\/\/csma.es\/en\/secretaria\/","title":{"rendered":"Secretar\u00eda"},"content":{"rendered":"<p><span style=\"color: #ffffff;\">.<\/span><\/p>\n<p>&nbsp;<\/p>\n<p><strong>CONSERVATORIO SUPERIOR DE M\u00daSICA DE ARAG\u00d3N<\/strong><\/p>\n<p style=\"text-align: justify;\">V\u00eda Hispanidad, 22<\/p>\n<p style=\"text-align: justify;\">50009 Zaragoza<\/p>\n<p style=\"text-align: justify;\">Tel\u00e9fono: +34 976 71 69 80<\/p>\n<p>&nbsp;<\/p>\n<p style=\"text-align: justify;\">Jefa de secretar\u00eda: D\u00f1a. Mari Sol Galindo<\/p>\n<p>&nbsp;<\/p>\n<p>Correo informaci\u00f3n secretar\u00eda: <a href=\"mailto:informacion@csma.es\">informacion@csma.es<\/a><\/p>\n<p>&nbsp;<\/p>\n<p><strong>CITA PREVIA<\/strong>: Se podr\u00e1 solicitar cita previa a trav\u00e9s del correo <a href=\"mailto:informacion@csma.es\">informacion@csma.es<\/a>. Para ello se deber\u00e1 incluir los datos personales, tel\u00e9fono de contacto y breve descripci\u00f3n del tr\u00e1mite administrativo para el que se solicita la cita.<\/p>\n<p>&nbsp;<\/p>\n<p><strong>HORARIO ATENCI\u00d3N AL P\u00daBLICO<\/strong>:<br \/>\nDe lunes a viernes de 9:00 a 14:00 h.<\/p>\n<p>&nbsp;<\/p>\n<p>&nbsp;<\/p>\n<p>&nbsp;<\/p>\n<p>&nbsp;<\/p>\n","protected":false},"excerpt":{"rendered":"<p>. &nbsp; CONSERVATORIO SUPERIOR DE M\u00daSICA DE ARAG\u00d3N V\u00eda Hispanidad, 22 50009 Zaragoza Tel\u00e9fono: +34 976 71 69 80 &nbsp; Jefa de secretar\u00eda: D\u00f1a. Mari&#8230;<\/p>\n","protected":false},"author":3,"featured_media":15423,"parent":0,"menu_order":0,"comment_status":"closed","ping_status":"closed","template":"","meta":{"_acf_changed":false,"footnotes":""},"class_list":["post-18991","page","type-page","status-publish","has-post-thumbnail","hentry"],"acf":[],"yoast_head":"<!-- This site is optimized with the Yoast SEO plugin v27.4 - https:\/\/yoast.com\/product\/yoast-seo-wordpress\/ -->\n<title>Secretar\u00eda - CSMA<\/title>\n<meta name=\"robots\" content=\"index, follow, max-snippet:-1, max-image-preview:large, max-video-preview:-1\" \/>\n<link rel=\"canonical\" href=\"https:\/\/csma.es\/secretaria\/\" \/>\n<meta property=\"og:locale\" content=\"en_US\" \/>\n<meta property=\"og:type\" content=\"article\" \/>\n<meta property=\"og:title\" content=\"Secretar\u00eda - CSMA\" \/>\n<meta property=\"og:description\" content=\". &nbsp; CONSERVATORIO SUPERIOR DE M\u00daSICA DE ARAG\u00d3N V\u00eda Hispanidad, 22 50009 Zaragoza Tel\u00e9fono: +34 976 71 69 80 &nbsp; Jefa de secretar\u00eda: D\u00f1a. Mari...\" \/>\n<meta property=\"og:url\" content=\"https:\/\/csma.es\/secretaria\/\" \/>\n<meta property=\"og:site_name\" content=\"CSMA\" \/>\n<meta property=\"article:publisher\" content=\"https:\/\/www.facebook.com\/CSMAragon\/\" \/>\n<meta property=\"article:modified_time\" content=\"2020-09-01T09:14:38+00:00\" \/>\n<meta property=\"og:image\" content=\"https:\/\/csma.es\/wp-content\/uploads\/2018\/04\/HEADERMATRICULA.jpg\" \/>\n\t<meta property=\"og:image:width\" content=\"1920\" \/>\n\t<meta property=\"og:image:height\" content=\"500\" \/>\n\t<meta property=\"og:image:type\" content=\"image\/jpeg\" \/>\n<meta name=\"twitter:card\" content=\"summary_large_image\" \/>\n<meta name=\"twitter:site\" content=\"@csmaconser\" \/>\n<script type=\"application\/ld+json\" class=\"yoast-schema-graph\">{\"@context\":\"https:\\\/\\\/schema.org\",\"@graph\":[{\"@type\":\"WebPage\",\"@id\":\"https:\\\/\\\/csma.es\\\/secretaria\\\/\",\"url\":\"https:\\\/\\\/csma.es\\\/secretaria\\\/\",\"name\":\"Secretar\u00eda - CSMA\",\"isPartOf\":{\"@id\":\"https:\\\/\\\/csma.es\\\/#website\"},\"primaryImageOfPage\":{\"@id\":\"https:\\\/\\\/csma.es\\\/secretaria\\\/#primaryimage\"},\"image\":{\"@id\":\"https:\\\/\\\/csma.es\\\/secretaria\\\/#primaryimage\"},\"thumbnailUrl\":\"https:\\\/\\\/csma.es\\\/wp-content\\\/uploads\\\/2018\\\/04\\\/HEADERMATRICULA.jpg\",\"datePublished\":\"2020-08-26T08:27:00+00:00\",\"dateModified\":\"2020-09-01T09:14:38+00:00\",\"breadcrumb\":{\"@id\":\"https:\\\/\\\/csma.es\\\/secretaria\\\/#breadcrumb\"},\"inLanguage\":\"en-US\",\"potentialAction\":[{\"@type\":\"ReadAction\",\"target\":[\"https:\\\/\\\/csma.es\\\/secretaria\\\/\"]}]},{\"@type\":\"ImageObject\",\"inLanguage\":\"en-US\",\"@id\":\"https:\\\/\\\/csma.es\\\/secretaria\\\/#primaryimage\",\"url\":\"https:\\\/\\\/csma.es\\\/wp-content\\\/uploads\\\/2018\\\/04\\\/HEADERMATRICULA.jpg\",\"contentUrl\":\"https:\\\/\\\/csma.es\\\/wp-content\\\/uploads\\\/2018\\\/04\\\/HEADERMATRICULA.jpg\",\"width\":1920,\"height\":500},{\"@type\":\"BreadcrumbList\",\"@id\":\"https:\\\/\\\/csma.es\\\/secretaria\\\/#breadcrumb\",\"itemListElement\":[{\"@type\":\"ListItem\",\"position\":1,\"name\":\"Portada\",\"item\":\"https:\\\/\\\/csma.es\\\/en\\\/\"},{\"@type\":\"ListItem\",\"position\":2,\"name\":\"Secretar\u00eda\"}]},{\"@type\":\"WebSite\",\"@id\":\"https:\\\/\\\/csma.es\\\/#website\",\"url\":\"https:\\\/\\\/csma.es\\\/\",\"name\":\"CSMA\",\"description\":\"Conservatorio Superior de M\u00fasica de Arag\u00f3n\",\"publisher\":{\"@id\":\"https:\\\/\\\/csma.es\\\/#organization\"},\"potentialAction\":[{\"@type\":\"SearchAction\",\"target\":{\"@type\":\"EntryPoint\",\"urlTemplate\":\"https:\\\/\\\/csma.es\\\/?s={search_term_string}\"},\"query-input\":{\"@type\":\"PropertyValueSpecification\",\"valueRequired\":true,\"valueName\":\"search_term_string\"}}],\"inLanguage\":\"en-US\"},{\"@type\":\"Organization\",\"@id\":\"https:\\\/\\\/csma.es\\\/#organization\",\"name\":\"Conservatorio Superior de M\u00fasica de Arag\u00f3n\",\"url\":\"https:\\\/\\\/csma.es\\\/\",\"logo\":{\"@type\":\"ImageObject\",\"inLanguage\":\"en-US\",\"@id\":\"https:\\\/\\\/csma.es\\\/#\\\/schema\\\/logo\\\/image\\\/\",\"url\":\"https:\\\/\\\/csma.es\\\/wp-content\\\/uploads\\\/2025\\\/04\\\/cropped-logo-csma-40anos-vertical-sintexto-positivo.png\",\"contentUrl\":\"https:\\\/\\\/csma.es\\\/wp-content\\\/uploads\\\/2025\\\/04\\\/cropped-logo-csma-40anos-vertical-sintexto-positivo.png\",\"width\":512,\"height\":512,\"caption\":\"Conservatorio Superior de M\u00fasica de Arag\u00f3n\"},\"image\":{\"@id\":\"https:\\\/\\\/csma.es\\\/#\\\/schema\\\/logo\\\/image\\\/\"},\"sameAs\":[\"https:\\\/\\\/www.facebook.com\\\/CSMAragon\\\/\",\"https:\\\/\\\/x.com\\\/csmaconser\",\"https:\\\/\\\/www.instagram.com\\\/csmaragon\\\/\",\"https:\\\/\\\/www.youtube.com\\\/channel\\\/UCcsLLtgZJUhz11-3Aj1sv3w\"]}]}<\/script>\n<!-- \/ Yoast SEO plugin. -->","yoast_head_json":{"title":"Secretar\u00eda - CSMA","robots":{"index":"index","follow":"follow","max-snippet":"max-snippet:-1","max-image-preview":"max-image-preview:large","max-video-preview":"max-video-preview:-1"},"canonical":"https:\/\/csma.es\/secretaria\/","og_locale":"en_US","og_type":"article","og_title":"Secretar\u00eda - CSMA","og_description":". &nbsp; CONSERVATORIO SUPERIOR DE M\u00daSICA DE ARAG\u00d3N V\u00eda Hispanidad, 22 50009 Zaragoza Tel\u00e9fono: +34 976 71 69 80 &nbsp; Jefa de secretar\u00eda: D\u00f1a. Mari...","og_url":"https:\/\/csma.es\/secretaria\/","og_site_name":"CSMA","article_publisher":"https:\/\/www.facebook.com\/CSMAragon\/","article_modified_time":"2020-09-01T09:14:38+00:00","og_image":[{"width":1920,"height":500,"url":"https:\/\/csma.es\/wp-content\/uploads\/2018\/04\/HEADERMATRICULA.jpg","type":"image\/jpeg"}],"twitter_card":"summary_large_image","twitter_site":"@csmaconser","schema":{"@context":"https:\/\/schema.org","@graph":[{"@type":"WebPage","@id":"https:\/\/csma.es\/secretaria\/","url":"https:\/\/csma.es\/secretaria\/","name":"Secretar\u00eda - CSMA","isPartOf":{"@id":"https:\/\/csma.es\/#website"},"primaryImageOfPage":{"@id":"https:\/\/csma.es\/secretaria\/#primaryimage"},"image":{"@id":"https:\/\/csma.es\/secretaria\/#primaryimage"},"thumbnailUrl":"https:\/\/csma.es\/wp-content\/uploads\/2018\/04\/HEADERMATRICULA.jpg","datePublished":"2020-08-26T08:27:00+00:00","dateModified":"2020-09-01T09:14:38+00:00","breadcrumb":{"@id":"https:\/\/csma.es\/secretaria\/#breadcrumb"},"inLanguage":"en-US","potentialAction":[{"@type":"ReadAction","target":["https:\/\/csma.es\/secretaria\/"]}]},{"@type":"ImageObject","inLanguage":"en-US","@id":"https:\/\/csma.es\/secretaria\/#primaryimage","url":"https:\/\/csma.es\/wp-content\/uploads\/2018\/04\/HEADERMATRICULA.jpg","contentUrl":"https:\/\/csma.es\/wp-content\/uploads\/2018\/04\/HEADERMATRICULA.jpg","width":1920,"height":500},{"@type":"BreadcrumbList","@id":"https:\/\/csma.es\/secretaria\/#breadcrumb","itemListElement":[{"@type":"ListItem","position":1,"name":"Portada","item":"https:\/\/csma.es\/en\/"},{"@type":"ListItem","position":2,"name":"Secretar\u00eda"}]},{"@type":"WebSite","@id":"https:\/\/csma.es\/#website","url":"https:\/\/csma.es\/","name":"CSMA","description":"Conservatorio Superior de M\u00fasica de Arag\u00f3n","publisher":{"@id":"https:\/\/csma.es\/#organization"},"potentialAction":[{"@type":"SearchAction","target":{"@type":"EntryPoint","urlTemplate":"https:\/\/csma.es\/?s={search_term_string}"},"query-input":{"@type":"PropertyValueSpecification","valueRequired":true,"valueName":"search_term_string"}}],"inLanguage":"en-US"},{"@type":"Organization","@id":"https:\/\/csma.es\/#organization","name":"Conservatorio Superior de M\u00fasica de Arag\u00f3n","url":"https:\/\/csma.es\/","logo":{"@type":"ImageObject","inLanguage":"en-US","@id":"https:\/\/csma.es\/#\/schema\/logo\/image\/","url":"https:\/\/csma.es\/wp-content\/uploads\/2025\/04\/cropped-logo-csma-40anos-vertical-sintexto-positivo.png","contentUrl":"https:\/\/csma.es\/wp-content\/uploads\/2025\/04\/cropped-logo-csma-40anos-vertical-sintexto-positivo.png","width":512,"height":512,"caption":"Conservatorio Superior de M\u00fasica de Arag\u00f3n"},"image":{"@id":"https:\/\/csma.es\/#\/schema\/logo\/image\/"},"sameAs":["https:\/\/www.facebook.com\/CSMAragon\/","https:\/\/x.com\/csmaconser","https:\/\/www.instagram.com\/csmaragon\/","https:\/\/www.youtube.com\/channel\/UCcsLLtgZJUhz11-3Aj1sv3w"]}]}},"publishpress_future_action":{"enabled":false,"date":"2026-04-25 19:59:31","action":"change-status","newStatus":"draft","terms":[],"taxonomy":"","extraData":[]},"publishpress_future_workflow_manual_trigger":{"enabledWorkflows":[]},"_links":{"self":[{"href":"https:\/\/csma.es\/en\/wp-json\/wp\/v2\/pages\/18991","targetHints":{"allow":["GET"]}}],"collection":[{"href":"https:\/\/csma.es\/en\/wp-json\/wp\/v2\/pages"}],"about":[{"href":"https:\/\/csma.es\/en\/wp-json\/wp\/v2\/types\/page"}],"author":[{"embeddable":true,"href":"https:\/\/csma.es\/en\/wp-json\/wp\/v2\/users\/3"}],"replies":[{"embeddable":true,"href":"https:\/\/csma.es\/en\/wp-json\/wp\/v2\/comments?post=18991"}],"version-history":[{"count":0,"href":"https:\/\/csma.es\/en\/wp-json\/wp\/v2\/pages\/18991\/revisions"}],"wp:featuredmedia":[{"embeddable":true,"href":"https:\/\/csma.es\/en\/wp-json\/wp\/v2\/media\/15423"}],"wp:attachment":[{"href":"https:\/\/csma.es\/en\/wp-json\/wp\/v2\/media?parent=18991"}],"curies":[{"name":"wp","href":"https:\/\/api.w.org\/{rel}","templated":true}]}}