{"id":16220,"date":"2018-09-24T11:39:47","date_gmt":"2018-09-24T11:39:47","guid":{"rendered":"https:\/\/csma.es\/?page_id=16220"},"modified":"2018-09-25T11:32:41","modified_gmt":"2018-09-25T11:32:41","slug":"inscripcion-master-en-ensenanzas-artisticas","status":"publish","type":"page","link":"https:\/\/csma.es\/en\/inscripcion-master-en-ensenanzas-artisticas\/","title":{"rendered":"Inscripci\u00f3n m\u00e1ster en ense\u00f1anzas art\u00edsticas"},"content":{"rendered":"<p>\t\t\t<img decoding=\"async\" src=\"https:\/\/csma.es\/wp-content\/uploads\/2018\/09\/movil_banner-master-csma.jpg\" alt=\"\" \/>\t\t\t<\/p>\n<h1><strong>&gt;<\/strong> M\u00fasica Contempor\u00e1nea<\/h1>\n<p><h1><strong>&gt;<\/strong> M\u00fasica de Conjunto<\/h1>\n<ul>\n<li><strong>Modalidad<\/strong>: Presencial<\/li>\n<li><strong>Lugar<\/strong>: V\u00eda Hispanidad 22, 50009 Zaragoza<\/li>\n<li><strong>Duraci\u00f3n<\/strong>: un curso acad\u00e9mico<\/li>\n<li><strong>N\u00ba de Cr\u00e9ditos<\/strong>: 60 ECTS<\/li>\n<\/ul>\n<p><strong>Impartici\u00f3n del M\u00e1ster<\/strong>:<\/p>\n<ul>\n<li>Viernes de 16h a 21,30h<\/li>\n<li>S\u00e1bado de 9h a 21,30h<\/li>\n<li>Domingo de 9h a 15h<\/li>\n<\/ul>\n<p>&nbsp;<\/p>\n<h3>\n\t\tEstructura del M\u00e1ster<br \/>\n\t<\/h3>\n<p>\u2022 N\u00famero de cr\u00e9ditos del t\u00edtulo: 60 ECTS<br \/>\n\u2022 Materias obligatorias: 42 ECTS<br \/>\n\u2022 Materias optativas: 6 ECTS<br \/>\n\u2022 Trabajo Fin de M\u00e1ster: 12 ECTS<\/p>\n<h3>\n\t\tImporte<br \/>\n\t<\/h3>\n<p>\u2022 50\u20ac solicitud de participaci\u00f3n<br \/>\n\u2022 100\u20ac apertura de expediente<br \/>\n\u2022 La matr\u00edcula var\u00eda seg\u00fan selecci\u00f3n de optativas,\u00a0entre\u00a02.385\u20ac y 2.415\u20ac.<\/p>\n<h3>\n\t\tAcceso<br \/>\n\t<\/h3>\n<p>Tener en posesi\u00f3n:<\/p>\n<p>\u2022 T\u00edtulo Superior de Ense\u00f1anzas Art\u00edsticas en la especialidad de Composici\u00f3n<br \/>\n\u2022 o el de la especialidad instrumental <\/p>\n<h3>\n\t\tPrueba de Acceso<br \/>\n\t<\/h3>\n<p>\u2022 PRIMERA FASE: grabaci\u00f3n de 3 obras del \u00e1mbito del t\u00edtulo<br \/>\n\u2022 SEGUNDA FASE: presentar 3 obras escritas del \u00e1mbito contempor\u00e1neo<\/p>\n<h3>\n\t\tContenidos<br \/>\n\t<\/h3>\n<ul>\n<li>Materias comunes al m\u00e1ster<\/li>\n<li>Materias espec\u00edficas de la especialidad<\/li>\n<li>Materias optativas<\/li>\n<li>Proyecto Fin de M\u00e1ster<\/li>\n<\/ul>\n<h3>\n\t\tInscripci\u00f3n y matr\u00edcula<br \/>\n\t<\/h3>\n<ul>\n<li>Solicitudes: 10 al 30 de septiembre<\/li>\n<li>Selecci\u00f3n: 1 al 5 de octubre<\/li>\n<li>Listado de admitidos: 6 de octubre<\/li>\n<li>Matr\u00edcula: 7 al 15 de octubre<\/li>\n<\/ul>\n<p>Para inscribirse, hay que rellenar el FORMULARIO DE INSCRIPCI\u00d3N, hacer efectiva la tasa de inscripci\u00f3n (50\u20ac) y enviar la documentaci\u00f3n y material audiovisual a master.csma@csma.es. Para m\u00e1s informaci\u00f3n, podemos resolver todas sus dudas:<\/p>\n<p>\t\t\t<a href=\"tel:976716980\" target=\"_self\" role=\"button\"><br \/>\n\t\t\t\t\t\t\t<strong>976 716 980<\/strong><br \/>\n\t\t\t\t\t<\/a><br \/>\n\t\t\t<a href=\"mailto:master.csma@csma.es\" target=\"_self\" role=\"button\"><br \/>\n\t\t\t\t\t\t\t<strong>master.csma@csma.es<\/strong><br \/>\n\t\t\t\t\t<\/a><\/p>\n<p>Para m\u00e1s informaci\u00f3n, puede descargar la informaci\u00f3n del M\u00e1ster:<\/p>\n<p>\t\t\t<a href=\"https:\/\/csma.es\/info-master-csma.pdf\" target=\"_blank\" role=\"button\" rel=\"noopener\" ><br \/>\n\t\t\t\t\t\t\t<strong>Descargar informaci\u00f3n<\/strong><br \/>\n\t\t\t\t\t<\/a><\/p>\n","protected":false},"excerpt":{"rendered":"<p>&gt; M\u00fasica Contempor\u00e1nea &gt; M\u00fasica de Conjunto Modalidad: Presencial Lugar: V\u00eda Hispanidad 22, 50009 Zaragoza Duraci\u00f3n: un curso acad\u00e9mico N\u00ba de Cr\u00e9ditos: 60 ECTS Impartici\u00f3n&#8230;<\/p>\n","protected":false},"author":2,"featured_media":0,"parent":0,"menu_order":0,"comment_status":"closed","ping_status":"closed","template":"landing_page.php","meta":{"footnotes":""},"class_list":["post-16220","page","type-page","status-publish","hentry"],"yoast_head":"<!-- This site is optimized with the Yoast SEO plugin v27.5 - https:\/\/yoast.com\/product\/yoast-seo-wordpress\/ -->\n<title>Inscripci\u00f3n m\u00e1ster en ense\u00f1anzas art\u00edsticas - CSMA<\/title>\n<meta name=\"robots\" content=\"index, follow, max-snippet:-1, max-image-preview:large, max-video-preview:-1\" \/>\n<link rel=\"canonical\" href=\"https:\/\/csma.es\/inscripcion-master-en-ensenanzas-artisticas\/\" \/>\n<meta property=\"og:locale\" content=\"en_US\" \/>\n<meta property=\"og:type\" content=\"article\" \/>\n<meta property=\"og:title\" content=\"Inscripci\u00f3n m\u00e1ster en ense\u00f1anzas art\u00edsticas - CSMA\" \/>\n<meta property=\"og:description\" content=\"&gt; M\u00fasica Contempor\u00e1nea &gt; M\u00fasica de Conjunto Modalidad: Presencial Lugar: V\u00eda Hispanidad 22, 50009 Zaragoza Duraci\u00f3n: un curso acad\u00e9mico N\u00ba de Cr\u00e9ditos: 60 ECTS Impartici\u00f3n...\" \/>\n<meta property=\"og:url\" content=\"https:\/\/csma.es\/inscripcion-master-en-ensenanzas-artisticas\/\" \/>\n<meta property=\"og:site_name\" content=\"CSMA\" \/>\n<meta property=\"article:publisher\" content=\"https:\/\/www.facebook.com\/CSMAragon\/\" \/>\n<meta property=\"article:modified_time\" content=\"2018-09-25T11:32:41+00:00\" \/>\n<meta property=\"og:image\" content=\"https:\/\/csma.es\/wp-content\/uploads\/2018\/09\/movil_banner-master-csma.jpg\" \/>\n<meta name=\"twitter:card\" content=\"summary_large_image\" \/>\n<meta name=\"twitter:site\" content=\"@csmaconser\" \/>\n<meta name=\"twitter:label1\" content=\"Est. reading time\" \/>\n\t<meta name=\"twitter:data1\" content=\"1 minute\" \/>\n<script type=\"application\/ld+json\" class=\"yoast-schema-graph\">{\"@context\":\"https:\\\/\\\/schema.org\",\"@graph\":[{\"@type\":\"WebPage\",\"@id\":\"https:\\\/\\\/csma.es\\\/inscripcion-master-en-ensenanzas-artisticas\\\/\",\"url\":\"https:\\\/\\\/csma.es\\\/inscripcion-master-en-ensenanzas-artisticas\\\/\",\"name\":\"Inscripci\u00f3n m\u00e1ster en ense\u00f1anzas art\u00edsticas - CSMA\",\"isPartOf\":{\"@id\":\"https:\\\/\\\/csma.es\\\/#website\"},\"primaryImageOfPage\":{\"@id\":\"https:\\\/\\\/csma.es\\\/inscripcion-master-en-ensenanzas-artisticas\\\/#primaryimage\"},\"image\":{\"@id\":\"https:\\\/\\\/csma.es\\\/inscripcion-master-en-ensenanzas-artisticas\\\/#primaryimage\"},\"thumbnailUrl\":\"https:\\\/\\\/csma.es\\\/wp-content\\\/uploads\\\/2018\\\/09\\\/movil_banner-master-csma.jpg\",\"datePublished\":\"2018-09-24T11:39:47+00:00\",\"dateModified\":\"2018-09-25T11:32:41+00:00\",\"breadcrumb\":{\"@id\":\"https:\\\/\\\/csma.es\\\/inscripcion-master-en-ensenanzas-artisticas\\\/#breadcrumb\"},\"inLanguage\":\"en-US\",\"potentialAction\":[{\"@type\":\"ReadAction\",\"target\":[\"https:\\\/\\\/csma.es\\\/inscripcion-master-en-ensenanzas-artisticas\\\/\"]}]},{\"@type\":\"ImageObject\",\"inLanguage\":\"en-US\",\"@id\":\"https:\\\/\\\/csma.es\\\/inscripcion-master-en-ensenanzas-artisticas\\\/#primaryimage\",\"url\":\"https:\\\/\\\/csma.es\\\/wp-content\\\/uploads\\\/2018\\\/09\\\/movil_banner-master-csma.jpg\",\"contentUrl\":\"https:\\\/\\\/csma.es\\\/wp-content\\\/uploads\\\/2018\\\/09\\\/movil_banner-master-csma.jpg\"},{\"@type\":\"BreadcrumbList\",\"@id\":\"https:\\\/\\\/csma.es\\\/inscripcion-master-en-ensenanzas-artisticas\\\/#breadcrumb\",\"itemListElement\":[{\"@type\":\"ListItem\",\"position\":1,\"name\":\"Portada\",\"item\":\"https:\\\/\\\/csma.es\\\/en\\\/\"},{\"@type\":\"ListItem\",\"position\":2,\"name\":\"Inscripci\u00f3n m\u00e1ster en ense\u00f1anzas art\u00edsticas\"}]},{\"@type\":\"WebSite\",\"@id\":\"https:\\\/\\\/csma.es\\\/#website\",\"url\":\"https:\\\/\\\/csma.es\\\/\",\"name\":\"CSMA\",\"description\":\"Conservatorio Superior de M\u00fasica de Arag\u00f3n\",\"publisher\":{\"@id\":\"https:\\\/\\\/csma.es\\\/#organization\"},\"potentialAction\":[{\"@type\":\"SearchAction\",\"target\":{\"@type\":\"EntryPoint\",\"urlTemplate\":\"https:\\\/\\\/csma.es\\\/?s={search_term_string}\"},\"query-input\":{\"@type\":\"PropertyValueSpecification\",\"valueRequired\":true,\"valueName\":\"search_term_string\"}}],\"inLanguage\":\"en-US\"},{\"@type\":\"Organization\",\"@id\":\"https:\\\/\\\/csma.es\\\/#organization\",\"name\":\"Conservatorio Superior de M\u00fasica de Arag\u00f3n\",\"url\":\"https:\\\/\\\/csma.es\\\/\",\"logo\":{\"@type\":\"ImageObject\",\"inLanguage\":\"en-US\",\"@id\":\"https:\\\/\\\/csma.es\\\/#\\\/schema\\\/logo\\\/image\\\/\",\"url\":\"https:\\\/\\\/csma.es\\\/wp-content\\\/uploads\\\/2025\\\/04\\\/cropped-logo-csma-40anos-vertical-sintexto-positivo.png\",\"contentUrl\":\"https:\\\/\\\/csma.es\\\/wp-content\\\/uploads\\\/2025\\\/04\\\/cropped-logo-csma-40anos-vertical-sintexto-positivo.png\",\"width\":512,\"height\":512,\"caption\":\"Conservatorio Superior de M\u00fasica de Arag\u00f3n\"},\"image\":{\"@id\":\"https:\\\/\\\/csma.es\\\/#\\\/schema\\\/logo\\\/image\\\/\"},\"sameAs\":[\"https:\\\/\\\/www.facebook.com\\\/CSMAragon\\\/\",\"https:\\\/\\\/x.com\\\/csmaconser\",\"https:\\\/\\\/www.instagram.com\\\/csmaragon\\\/\",\"https:\\\/\\\/www.youtube.com\\\/channel\\\/UCcsLLtgZJUhz11-3Aj1sv3w\"]}]}<\/script>\n<!-- \/ Yoast SEO plugin. -->","yoast_head_json":{"title":"Inscripci\u00f3n m\u00e1ster en ense\u00f1anzas art\u00edsticas - CSMA","robots":{"index":"index","follow":"follow","max-snippet":"max-snippet:-1","max-image-preview":"max-image-preview:large","max-video-preview":"max-video-preview:-1"},"canonical":"https:\/\/csma.es\/inscripcion-master-en-ensenanzas-artisticas\/","og_locale":"en_US","og_type":"article","og_title":"Inscripci\u00f3n m\u00e1ster en ense\u00f1anzas art\u00edsticas - CSMA","og_description":"&gt; M\u00fasica Contempor\u00e1nea &gt; M\u00fasica de Conjunto Modalidad: Presencial Lugar: V\u00eda Hispanidad 22, 50009 Zaragoza Duraci\u00f3n: un curso acad\u00e9mico N\u00ba de Cr\u00e9ditos: 60 ECTS Impartici\u00f3n...","og_url":"https:\/\/csma.es\/inscripcion-master-en-ensenanzas-artisticas\/","og_site_name":"CSMA","article_publisher":"https:\/\/www.facebook.com\/CSMAragon\/","article_modified_time":"2018-09-25T11:32:41+00:00","og_image":[{"url":"https:\/\/csma.es\/wp-content\/uploads\/2018\/09\/movil_banner-master-csma.jpg","type":"","width":"","height":""}],"twitter_card":"summary_large_image","twitter_site":"@csmaconser","twitter_misc":{"Est. reading time":"1 minute"},"schema":{"@context":"https:\/\/schema.org","@graph":[{"@type":"WebPage","@id":"https:\/\/csma.es\/inscripcion-master-en-ensenanzas-artisticas\/","url":"https:\/\/csma.es\/inscripcion-master-en-ensenanzas-artisticas\/","name":"Inscripci\u00f3n m\u00e1ster en ense\u00f1anzas art\u00edsticas - CSMA","isPartOf":{"@id":"https:\/\/csma.es\/#website"},"primaryImageOfPage":{"@id":"https:\/\/csma.es\/inscripcion-master-en-ensenanzas-artisticas\/#primaryimage"},"image":{"@id":"https:\/\/csma.es\/inscripcion-master-en-ensenanzas-artisticas\/#primaryimage"},"thumbnailUrl":"https:\/\/csma.es\/wp-content\/uploads\/2018\/09\/movil_banner-master-csma.jpg","datePublished":"2018-09-24T11:39:47+00:00","dateModified":"2018-09-25T11:32:41+00:00","breadcrumb":{"@id":"https:\/\/csma.es\/inscripcion-master-en-ensenanzas-artisticas\/#breadcrumb"},"inLanguage":"en-US","potentialAction":[{"@type":"ReadAction","target":["https:\/\/csma.es\/inscripcion-master-en-ensenanzas-artisticas\/"]}]},{"@type":"ImageObject","inLanguage":"en-US","@id":"https:\/\/csma.es\/inscripcion-master-en-ensenanzas-artisticas\/#primaryimage","url":"https:\/\/csma.es\/wp-content\/uploads\/2018\/09\/movil_banner-master-csma.jpg","contentUrl":"https:\/\/csma.es\/wp-content\/uploads\/2018\/09\/movil_banner-master-csma.jpg"},{"@type":"BreadcrumbList","@id":"https:\/\/csma.es\/inscripcion-master-en-ensenanzas-artisticas\/#breadcrumb","itemListElement":[{"@type":"ListItem","position":1,"name":"Portada","item":"https:\/\/csma.es\/en\/"},{"@type":"ListItem","position":2,"name":"Inscripci\u00f3n m\u00e1ster en ense\u00f1anzas art\u00edsticas"}]},{"@type":"WebSite","@id":"https:\/\/csma.es\/#website","url":"https:\/\/csma.es\/","name":"CSMA","description":"Conservatorio Superior de M\u00fasica de Arag\u00f3n","publisher":{"@id":"https:\/\/csma.es\/#organization"},"potentialAction":[{"@type":"SearchAction","target":{"@type":"EntryPoint","urlTemplate":"https:\/\/csma.es\/?s={search_term_string}"},"query-input":{"@type":"PropertyValueSpecification","valueRequired":true,"valueName":"search_term_string"}}],"inLanguage":"en-US"},{"@type":"Organization","@id":"https:\/\/csma.es\/#organization","name":"Conservatorio Superior de M\u00fasica de Arag\u00f3n","url":"https:\/\/csma.es\/","logo":{"@type":"ImageObject","inLanguage":"en-US","@id":"https:\/\/csma.es\/#\/schema\/logo\/image\/","url":"https:\/\/csma.es\/wp-content\/uploads\/2025\/04\/cropped-logo-csma-40anos-vertical-sintexto-positivo.png","contentUrl":"https:\/\/csma.es\/wp-content\/uploads\/2025\/04\/cropped-logo-csma-40anos-vertical-sintexto-positivo.png","width":512,"height":512,"caption":"Conservatorio Superior de M\u00fasica de Arag\u00f3n"},"image":{"@id":"https:\/\/csma.es\/#\/schema\/logo\/image\/"},"sameAs":["https:\/\/www.facebook.com\/CSMAragon\/","https:\/\/x.com\/csmaconser","https:\/\/www.instagram.com\/csmaragon\/","https:\/\/www.youtube.com\/channel\/UCcsLLtgZJUhz11-3Aj1sv3w"]}]}},"publishpress_future_action":{"enabled":false,"date":"2026-05-07 08:44:32","action":"change-status","newStatus":"draft","terms":[],"taxonomy":"","extraData":[]},"publishpress_future_workflow_manual_trigger":{"enabledWorkflows":[]},"_links":{"self":[{"href":"https:\/\/csma.es\/en\/wp-json\/wp\/v2\/pages\/16220","targetHints":{"allow":["GET"]}}],"collection":[{"href":"https:\/\/csma.es\/en\/wp-json\/wp\/v2\/pages"}],"about":[{"href":"https:\/\/csma.es\/en\/wp-json\/wp\/v2\/types\/page"}],"author":[{"embeddable":true,"href":"https:\/\/csma.es\/en\/wp-json\/wp\/v2\/users\/2"}],"replies":[{"embeddable":true,"href":"https:\/\/csma.es\/en\/wp-json\/wp\/v2\/comments?post=16220"}],"version-history":[{"count":0,"href":"https:\/\/csma.es\/en\/wp-json\/wp\/v2\/pages\/16220\/revisions"}],"wp:attachment":[{"href":"https:\/\/csma.es\/en\/wp-json\/wp\/v2\/media?parent=16220"}],"curies":[{"name":"wp","href":"https:\/\/api.w.org\/{rel}","templated":true}]}}