{"id":15364,"date":"2018-04-28T11:57:05","date_gmt":"2018-04-28T11:57:05","guid":{"rendered":"https:\/\/csma.es\/?page_id=15364"},"modified":"2019-09-30T09:25:17","modified_gmt":"2019-09-30T09:25:17","slug":"estudios-de-nivel-master","status":"publish","type":"page","link":"https:\/\/csma.es\/en\/estudios-de-nivel-master\/","title":{"rendered":"Nivel m\u00e1ster"},"content":{"rendered":"[vc_row css_animation=&#8221;&#8221; row_type=&#8221;row&#8221; use_row_as_full_screen_section=&#8221;no&#8221; type=&#8221;full_width&#8221; angled_section=&#8221;no&#8221; text_align=&#8221;left&#8221; background_image_as_pattern=&#8221;without_pattern&#8221;][vc_column width=&#8221;2\/3&#8243;][vc_separator type=&#8221;transparent&#8221;][vc_separator type=&#8221;transparent&#8221;][vc_separator type=&#8221;transparent&#8221;][vc_separator type=&#8221;transparent&#8221;]<div class='q_message ' style=''><div class='q_message_inner'><a href='#' class='close'><i class='fa fa-times' style=''><\/i><\/a><div class='message_text_holder'><div class='message_text'><div class='message_text_inner'>\n<h3><a href=\"https:\/\/csma.es\/wp-content\/uploads\/2019\/09\/PLAZAS-OFERTADAS-PARA-ESTUDIOS-DE-MASTER2019.pdf\">PLAZAS OFERTADAS PARA ESTUDIOS DE MASTER 2019\/2020<\/a><\/h3>\n<\/div><\/div><\/div><\/div><\/div>[vc_separator type=&#8221;transparent&#8221;][vc_separator type=&#8221;transparent&#8221;][vc_separator type=&#8221;transparent&#8221;][vc_separator type=&#8221;transparent&#8221;][vc_column_text]\n<h1>M\u00c1STER EN ENSE\u00d1ANZAS ART\u00cdSTICAS EN M\u00daSICA CONTEMPOR\u00c1NEA<\/h1>\n[\/vc_column_text][vc_separator type=&#8221;transparent&#8221;][vc_accordion active_tab=&#8221;false&#8221; collapsible=&#8221;yes&#8221; style=&#8221;accordion&#8221;][vc_accordion_tab title=&#8221;PLAN DE ESTUDIOS&#8221;][vc_column_text]PLAN DE ESTUDIOS M\u00c1STER EN M\u00daSICA CONTEMPOR\u00c1NEA<\/p>\n<p><span style=\"color: #ffffff;\">.<\/span><\/p>\n<p><a href=\"https:\/\/csma.es\/wp-content\/uploads\/2018\/09\/MODULOS-MASTER-CONTEMPORANEA.pdf\">Descarga aqu\u00ed el plan de estudios<\/a>[\/vc_column_text][\/vc_accordion_tab][vc_accordion_tab title=&#8221;COMPETENCIAS&#8221;][vc_column_text]COMPETENCIAS M\u00c1STER EN M\u00daSICA CONTEMPOR\u00c1NEA<\/p>\n<p><span style=\"color: #ffffff;\">.<\/span><\/p>\n<p><a href=\"https:\/\/csma.es\/wp-content\/uploads\/2018\/09\/COMPETENCIAS-MASTER-CSMA.pdf\">Descarga aqu\u00ed las competencias<\/a>.<\/p>\n<p><span style=\"color: #ffffff;\">.<\/span>[\/vc_column_text][\/vc_accordion_tab][vc_accordion_tab title=&#8221;CALENDARIO GENERAL&#8221;][vc_column_text]<a href=\"https:\/\/csma.es\/wp-content\/uploads\/2019\/09\/HORARIOSMASTERCONTEMPORANEA2019-2020.xlsxGrupo.pdf\">DESCARGA EL CALENDARIO GENERAL DEL MASTER 2019\/2020:<\/a><\/p>\n<p><span style=\"color: #ffffff;\">.<\/span><\/p>\n<p>El Master se distribuye de la siguiente manera:<\/p>\n<p>&#8211; 8 fines de semana de viernes a domingo para las clases obligatorias y optativas.<\/p>\n<p>&#8211; 2 fines de semana de viernes a domingo para los encuentros con profesorado internacional<\/p>\n<p>&#8211; Las fechas obligatorias para la realizaci\u00f3n de las siguientes actividades: encuentros orquestales, proyectos contempor\u00e1neos y\/o conciertos. Estas actividades se podr\u00e1n desarrollar\u00a0un m\u00e1ximo de dos fechas diversas\u00a0 que se marcar\u00e1n antes del inicio del Master.<\/p>\n<p><span style=\"color: #ffffff;\">.<\/span>[\/vc_column_text][\/vc_accordion_tab][vc_accordion_tab title=&#8221;HORARIOS&#8221;][vc_column_text]HORARIOS ASIGNATURAS M\u00c1STER EN M\u00daSICA CONTEMPOR\u00c1NEA (Actualizado 11\/09\/19)<\/p>\n<p><span style=\"color: #ffffff;\">.<\/span><\/p>\n<p><a href=\"https:\/\/csma.es\/wp-content\/uploads\/2019\/09\/HORARIOSMASTERCONTEMPORANEA2019-2020.xlsxGrupo.pdf\">Descarga aqu\u00ed los horarios provisionales para el curso 2019\/2020<\/a><\/p>\n<p>&nbsp;<\/p>\n[\/vc_column_text][\/vc_accordion_tab][vc_accordion_tab title=&#8221;FECHAS Y TRIBUNALES DE LOS TFM CURSO 2018\/2019&#8243;][vc_column_text]<a href=\"https:\/\/csma.es\/wp-content\/uploads\/2019\/07\/Defensas-TFM_Septiembre_curso-2018-2019.pdf\">Fechas convocatoria SEPTIEMBRE<\/a>[\/vc_column_text][\/vc_accordion_tab][vc_accordion_tab title=&#8221;ACTA DE ALUMNOS ADMITIDOS CURSO 2019\/2020&#8243;][vc_column_text]<a href=\"https:\/\/csma.es\/wp-content\/uploads\/2019\/07\/ACTA_ADMITIDOS_CONTEMPORANEA.pdf\">Descarga aqu\u00ed el acta de alumnos admitidos para el curso 2019\/2020<\/a>[\/vc_column_text][\/vc_accordion_tab][vc_accordion_tab title=&#8221;ACTA DE ALUMNOS ADMITIDOS CURSO 2019\/2020 (SEPTIEMBRE)&#8221;][vc_column_text]<a href=\"https:\/\/csma.es\/wp-content\/uploads\/2019\/09\/ACTA-DE-ADMISION-MASTER-CONTEMPORANEA-SEPTIEMBRE-2019.pdf\">Descarga aqu\u00ed el acta de alumnos admitidos para el curso 2019\/2020 (septiembre)<\/a>[\/vc_column_text][\/vc_accordion_tab][\/vc_accordion][vc_separator type=&#8221;transparent&#8221;][vc_separator type=&#8221;transparent&#8221;][vc_column_text]\n<h1>M\u00c1STER EN ENSE\u00d1ANZAS ART\u00cdSTICAS EN M\u00daSICA DE CONJUNTO<\/h1>\n[\/vc_column_text][vc_separator type=&#8221;transparent&#8221;][vc_accordion active_tab=&#8221;false&#8221; collapsible=&#8221;yes&#8221; style=&#8221;accordion&#8221;][vc_accordion_tab title=&#8221;PLAN DE ESTUDIOS&#8221;][vc_column_text]PLAN DE ESTUDIOS M\u00c1STER EN M\u00daSICA DE CONJUNTO.<\/p>\n<p><span style=\"color: #ffffff;\">.<\/span><\/p>\n<p><a href=\"https:\/\/csma.es\/wp-content\/uploads\/2018\/09\/MODULOS-MASTER-CONJUNTO.pdf\">Descarga aqu\u00ed el plan de estudios.<\/a><\/p>\n<p><span style=\"color: #ffffff;\">.<\/span><\/p>\n[\/vc_column_text][\/vc_accordion_tab][vc_accordion_tab title=&#8221;COMPETENCIAS&#8221;][vc_column_text]COMPETENCIAS M\u00c1STER EN M\u00daSICA DE CONJUNTO<\/p>\n<p><span style=\"color: #ffffff;\">.<\/span><\/p>\n<p><a href=\"https:\/\/csma.es\/wp-content\/uploads\/2018\/09\/COMPETENCIAS-MASTER-CSMA.pdf\">Descarga aqu\u00ed las competencias.<\/a><\/p>\n<p><span style=\"color: #ffffff;\">.<\/span><\/p>\n[\/vc_column_text][\/vc_accordion_tab][vc_accordion_tab title=&#8221;CALENDARIO GENERAL&#8221;][vc_column_text]<a href=\"https:\/\/csma.es\/wp-content\/uploads\/2019\/09\/HORARIOSMASTERCONJUNTO2019-2020.xlsxGrupo-1.pdf\">DESCARGA EL CALENDARIO GENERAL DEL MASTER 2019\/2020<\/a><\/p>\n<p><span style=\"color: #ffffff;\">.<\/span><\/p>\n<p>El Master se distribuye de la siguiente manera:<\/p>\n<p>&#8211; 8 fines de semana de viernes a domingo para las clases obligatorias y optativas.<\/p>\n<p>&#8211; 2 fines de semana de viernes a domingo para los encuentros con profesorado internacional<\/p>\n<p>&#8211; Las fechas obligatorias para la realizaci\u00f3n de las siguientes actividades: encuentros orquestales, proyectos contempor\u00e1neos y\/o conciertos. Estas actividades se podr\u00e1n desarrollar\u00a0un m\u00e1ximo de dos fechas diversas\u00a0 que se marcar\u00e1n antes del inicio del Master.<\/p>\n<p><span style=\"color: #ffffff;\">.<\/span>[\/vc_column_text][\/vc_accordion_tab][vc_accordion_tab title=&#8221;HORARIOS&#8221;][vc_column_text]HORARIOS M\u00c1STER EN M\u00daSICA DE CONJUNTO (Actualizado 30\/09\/19)<\/p>\n<p><span style=\"color: #ffffff;\">.<\/span><\/p>\n<p><a href=\"https:\/\/csma.es\/wp-content\/uploads\/2019\/09\/HORARIOSMASTERCONJUNTO2019-2020.xlsxGrupo-1-1.pdf\">Descarga aqu\u00ed los horarios\u00a0provisionales para el curso 2019\/2020<\/a><\/p>\n<p><span style=\"color: #ffffff;\">.<\/span><\/p>\n<p><span style=\"color: #ffffff;\">.<\/span><\/p>\n<p>&nbsp;<\/p>\n<p><span style=\"color: #ffffff;\"><a style=\"color: #ffffff;\" href=\"https:\/\/csma.es\/wp-content\/uploads\/2018\/11\/HORARIOS-MASTER-CAMARA.pdf\">.<\/a><\/span><\/p>\n<p>&nbsp;<\/p>\n<p>&nbsp;<\/p>\n<p><span style=\"color: #ffffff;\">.<\/span>[\/vc_column_text][\/vc_accordion_tab][vc_accordion_tab title=&#8221;FECHAS Y TRIBUNALES DE LOS TFM CURSO 2018\/2019&#8243;][vc_column_text]<a href=\"https:\/\/csma.es\/wp-content\/uploads\/2019\/07\/Defensas-TFM_Septiembre_curso-2018-2019.pdf\">Fechas convocatoria SEPTIEMBRE<\/a>[\/vc_column_text][\/vc_accordion_tab][vc_accordion_tab title=&#8221;ACTA DE ALUMNOS ADMITIDOS CURSO 2019\/2020&#8243;][vc_column_text]<a href=\"https:\/\/csma.es\/wp-content\/uploads\/2019\/07\/ACTA-CONJUNTO.pdf\">Descarga aqu\u00ed el acta de alumnos admitidos para el curso 2019\/2020<\/a>[\/vc_column_text][\/vc_accordion_tab][vc_accordion_tab title=&#8221;ACTA DE ALUMNOS ADMITIDOS CURSO 2019\/2020 (SEPTIEMBRE)&#8221;][vc_column_text]<a href=\"https:\/\/csma.es\/wp-content\/uploads\/2019\/09\/ACTA-DE-ADMISION-MASTER-CONJUNTO-SEPTIEMBRE-2019.pdf\">Descarga aqu\u00ed el acta de alumnos admitidos para el curso 2019\/2020 (Septiembre)<\/a>[\/vc_column_text][\/vc_accordion_tab][\/vc_accordion][vc_separator type=&#8221;transparent&#8221;][vc_separator type=&#8221;transparent&#8221;][vc_separator type=&#8221;transparent&#8221;][vc_column_text]\n<h3>HOMOLOGACI\u00d3N DEL T\u00cdTULO DE M\u00c1STER EN ENSE\u00d1ANZAS ART\u00cdSTICAS EN M\u00daSICA CONTEMPOR\u00c1NEA Y EL M\u00c1STER EN ENSE\u00d1ANZAS ART\u00cdSTICAS EN M\u00daSICA DE CONJUNTO<\/h3>\n<p><span style=\"color: #ffffff;\">.<\/span><\/p>\n<div class=\"Apple-Mail-URLShareUserContentTopClass\" style=\"text-align: left;\"><a href=\"https:\/\/www.boe.es\/diario_boe\/txt.php?id=BOE-A-2017-7087\">Homologaci\u00f3n del T\u00edtulo de Master en M\u00fasica Contempor\u00e1nea<\/a><\/div>\n<p style=\"text-align: left;\"><a href=\"https:\/\/www.boe.es\/diario_boe\/txt.php?id=BOE-A-2017-7089\">Homologaci\u00f3n del T\u00edtulo de Master en M\u00fasica de Conjunto<\/a><\/p>\n[\/vc_column_text][vc_separator type=&#8221;transparent&#8221;][vc_separator type=&#8221;transparent&#8221;][vc_separator type=&#8221;transparent&#8221;][vc_column_text]\n<h3>INFORMACI\u00d3N SOBRE EL M\u00c1STER EN ENSE\u00d1ANZAS ART\u00cdSTICAS EN M\u00daSICA CONTEMPOR\u00c1NEA Y EL M\u00c1STER EN ENSE\u00d1ANZAS ART\u00cdSTICAS EN M\u00daSICA DE CONJUNTO<\/h3>\n<p><span style=\"color: #ffffff;\">.<\/span><\/p>\n<p><a href=\"https:\/\/csma.es\/wp-content\/uploads\/2019\/05\/INFOMASTER.pdf\">Informaci\u00f3n sobre plazos de inscripci\u00f3n, matr\u00edcula, profesorado y calendario<\/a><\/p>\n<p><a href=\"http:\/\/www.mecd.gob.es\/educacion\/mc\/becas-generales\/2018-2019\/estudios-universitarios.html\">Informaci\u00f3n sobre becas de estudios universitarios del MECD<\/a><\/p>\n<p><a href=\"http:\/\/www.boa.aragon.es\/cgi-bin\/EBOA\/BRSCGI?CMD=VEROBJ&amp;MLKOB=944248643434\">Informaci\u00f3n sobre bonificaciones en la matr\u00edcula<\/a>[\/vc_column_text][vc_separator type=&#8221;transparent&#8221;][vc_separator type=&#8221;transparent&#8221;][\/vc_column][vc_column width=&#8221;1\/3&#8243;][vc_separator type=&#8221;transparent&#8221;][vc_separator type=&#8221;transparent&#8221;][vc_separator type=&#8221;transparent&#8221;]<div class=\"call_to_action normal\" style=\"\"><div class=\"container_inner\"><div class=\"two_columns_75_25 clearfix\"><div class=\"text_wrapper column1\"><div class=\"call_to_action_text \" style=\"\">ENLACE A LA PREINSCRIPCI\u00d3N (hasta el 20.09.19)<\/div><\/div><div class=\"button_wrapper column2\"><a itemprop=\"url\" href=\"https:\/\/www.codex.pro\/codexpro\/open\/ingress.do?centreId=78&amp;id=590&amp;ingressType=inscription&amp;schoolYearId=279 \" class=\"qbutton white \" target=\"\" style=\"\">IR<\/a><\/div><\/div><\/div><\/div>[vc_separator type=&#8221;transparent&#8221;][vc_separator type=&#8221;transparent&#8221;][vc_separator type=&#8221;transparent&#8221;][vc_separator type=&#8221;transparent&#8221;]<div class=\"call_to_action normal\" style=\"\"><div class=\"container_inner\"><div class=\"two_columns_75_25 clearfix\"><div class=\"text_wrapper column1\"><div class=\"call_to_action_text \" style=\"\">ENLACE A LA MATR\u00cdCULA (del 21.09.19 al 3.10.19)<\/div><\/div><div class=\"button_wrapper column2\"><a itemprop=\"url\" href=\"https:\/\/www.codex.pro\/codexpro\/open\/ingress.do?centreId=78&amp;id=589&amp;ingressType=enroll&amp;schoolYearId=279\" class=\"qbutton white \" target=\"\" style=\"\">IR<\/a><\/div><\/div><\/div><\/div>[vc_separator type=&#8221;transparent&#8221;][vc_separator type=&#8221;transparent&#8221;][vc_separator type=&#8221;transparent&#8221;][vc_separator type=&#8221;transparent&#8221;]<div class=\"call_to_action normal\" style=\"\"><div class=\"container_inner\"><div class=\"two_columns_75_25 clearfix\"><div class=\"text_wrapper column1\"><div class=\"call_to_action_text \" style=\"\">DESCARGA EL FOLLETO INFORMATIVO<\/div><\/div><div class=\"button_wrapper column2\"><a itemprop=\"url\" href=\"https:\/\/csma.es\/wp-content\/uploads\/2019\/09\/info-master-2019.pdf\" class=\"qbutton white \" target=\"\" style=\"\">IR<\/a><\/div><\/div><\/div><\/div>[vc_separator type=&#8221;transparent&#8221;][vc_separator type=&#8221;transparent&#8221;][vc_separator type=&#8221;transparent&#8221;][vc_separator type=&#8221;transparent&#8221;]<div class=\"call_to_action normal\" style=\"\"><div class=\"container_inner\"><div class=\"two_columns_75_25 clearfix\"><div class=\"text_wrapper column1\"><div class=\"call_to_action_text \" style=\"\">MORE INFO (ENGLISH)<\/div><\/div><div class=\"button_wrapper column2\"><a itemprop=\"url\" href=\"https:\/\/csma.es\/wp-content\/uploads\/2019\/09\/info-master2019english.pdf\" class=\"qbutton white \" target=\"\" style=\"\">IR<\/a><\/div><\/div><\/div><\/div>[vc_separator type=&#8221;transparent&#8221;][vc_separator type=&#8221;transparent&#8221;][vc_separator type=&#8221;transparent&#8221;][vc_separator type=&#8221;transparent&#8221;]<div class=\"call_to_action normal\" style=\"\"><div class=\"container_inner\"><div class=\"two_columns_75_25 clearfix\"><div class=\"text_wrapper column1\"><div class=\"call_to_action_text \" style=\"\">BECAS FUGA-CSMA PARA EL CURSO 2019\/2020<\/div><\/div><div class=\"button_wrapper column2\"><a itemprop=\"url\" href=\"https:\/\/csma.es\/wp-content\/uploads\/2019\/05\/CONVOCATORIA-DE-BECAS-FUGA-CSMA-1.pdf\" class=\"qbutton white \" target=\"\" style=\"\">IR<\/a><\/div><\/div><\/div><\/div>[\/vc_column][\/vc_row]\n","protected":false},"excerpt":{"rendered":"<p>[vc_row css_animation=&#8221;&#8221; row_type=&#8221;row&#8221; use_row_as_full_screen_section=&#8221;no&#8221; type=&#8221;full_width&#8221; angled_section=&#8221;no&#8221; text_align=&#8221;left&#8221; background_image_as_pattern=&#8221;without_pattern&#8221;][vc_column width=&#8221;2\/3&#8243;][vc_separator type=&#8221;transparent&#8221;][vc_separator type=&#8221;transparent&#8221;][vc_separator type=&#8221;transparent&#8221;][vc_separator type=&#8221;transparent&#8221;][vc_separator type=&#8221;transparent&#8221;][vc_separator type=&#8221;transparent&#8221;][vc_separator type=&#8221;transparent&#8221;][vc_separator type=&#8221;transparent&#8221;][vc_column_text] M\u00c1STER EN ENSE\u00d1ANZAS ART\u00cdSTICAS EN M\u00daSICA CONTEMPOR\u00c1NEA [\/vc_column_text][vc_separator&#8230;<\/p>\n","protected":false},"author":3,"featured_media":0,"parent":0,"menu_order":0,"comment_status":"closed","ping_status":"closed","template":"","meta":{"footnotes":""},"class_list":["post-15364","page","type-page","status-publish","hentry"],"yoast_head":"<!-- This site is optimized with the Yoast SEO plugin v27.5 - https:\/\/yoast.com\/product\/yoast-seo-wordpress\/ -->\n<title>Nivel m\u00e1ster - CSMA<\/title>\n<meta name=\"robots\" content=\"index, follow, max-snippet:-1, max-image-preview:large, max-video-preview:-1\" \/>\n<link rel=\"canonical\" href=\"https:\/\/csma.es\/estudios-de-nivel-master\/\" \/>\n<meta property=\"og:locale\" content=\"en_US\" \/>\n<meta property=\"og:type\" content=\"article\" \/>\n<meta property=\"og:title\" content=\"Nivel m\u00e1ster - CSMA\" \/>\n<meta property=\"og:description\" content=\"[vc_row css_animation=&#8221;&#8221; row_type=&#8221;row&#8221; use_row_as_full_screen_section=&#8221;no&#8221; type=&#8221;full_width&#8221; angled_section=&#8221;no&#8221; text_align=&#8221;left&#8221; background_image_as_pattern=&#8221;without_pattern&#8221;][vc_column width=&#8221;2\/3&#8243;][vc_separator type=&#8221;transparent&#8221;][vc_separator type=&#8221;transparent&#8221;][vc_separator type=&#8221;transparent&#8221;][vc_separator type=&#8221;transparent&#8221;][vc_separator type=&#8221;transparent&#8221;][vc_separator type=&#8221;transparent&#8221;][vc_separator type=&#8221;transparent&#8221;][vc_separator type=&#8221;transparent&#8221;][vc_column_text] M\u00c1STER EN ENSE\u00d1ANZAS ART\u00cdSTICAS EN M\u00daSICA CONTEMPOR\u00c1NEA [\/vc_column_text][vc_separator...\" \/>\n<meta property=\"og:url\" content=\"https:\/\/csma.es\/estudios-de-nivel-master\/\" \/>\n<meta property=\"og:site_name\" content=\"CSMA\" \/>\n<meta property=\"article:publisher\" content=\"https:\/\/www.facebook.com\/CSMAragon\/\" \/>\n<meta property=\"article:modified_time\" content=\"2019-09-30T09:25:17+00:00\" \/>\n<meta property=\"og:image\" content=\"https:\/\/csma.es\/wp-content\/uploads\/2019\/11\/csma-1200.png\" \/>\n\t<meta property=\"og:image:width\" content=\"1200\" \/>\n\t<meta property=\"og:image:height\" content=\"630\" \/>\n\t<meta property=\"og:image:type\" content=\"image\/png\" \/>\n<meta name=\"twitter:card\" content=\"summary_large_image\" \/>\n<meta name=\"twitter:site\" content=\"@csmaconser\" \/>\n<meta name=\"twitter:label1\" content=\"Est. reading time\" \/>\n\t<meta name=\"twitter:data1\" content=\"6 minutes\" \/>\n<script type=\"application\/ld+json\" class=\"yoast-schema-graph\">{\"@context\":\"https:\\\/\\\/schema.org\",\"@graph\":[{\"@type\":\"WebPage\",\"@id\":\"https:\\\/\\\/csma.es\\\/estudios-de-nivel-master\\\/\",\"url\":\"https:\\\/\\\/csma.es\\\/estudios-de-nivel-master\\\/\",\"name\":\"Nivel m\u00e1ster - CSMA\",\"isPartOf\":{\"@id\":\"https:\\\/\\\/csma.es\\\/#website\"},\"datePublished\":\"2018-04-28T11:57:05+00:00\",\"dateModified\":\"2019-09-30T09:25:17+00:00\",\"breadcrumb\":{\"@id\":\"https:\\\/\\\/csma.es\\\/estudios-de-nivel-master\\\/#breadcrumb\"},\"inLanguage\":\"en-US\",\"potentialAction\":[{\"@type\":\"ReadAction\",\"target\":[\"https:\\\/\\\/csma.es\\\/estudios-de-nivel-master\\\/\"]}]},{\"@type\":\"BreadcrumbList\",\"@id\":\"https:\\\/\\\/csma.es\\\/estudios-de-nivel-master\\\/#breadcrumb\",\"itemListElement\":[{\"@type\":\"ListItem\",\"position\":1,\"name\":\"Portada\",\"item\":\"https:\\\/\\\/csma.es\\\/en\\\/\"},{\"@type\":\"ListItem\",\"position\":2,\"name\":\"Nivel m\u00e1ster\"}]},{\"@type\":\"WebSite\",\"@id\":\"https:\\\/\\\/csma.es\\\/#website\",\"url\":\"https:\\\/\\\/csma.es\\\/\",\"name\":\"CSMA\",\"description\":\"Conservatorio Superior de M\u00fasica de Arag\u00f3n\",\"publisher\":{\"@id\":\"https:\\\/\\\/csma.es\\\/#organization\"},\"potentialAction\":[{\"@type\":\"SearchAction\",\"target\":{\"@type\":\"EntryPoint\",\"urlTemplate\":\"https:\\\/\\\/csma.es\\\/?s={search_term_string}\"},\"query-input\":{\"@type\":\"PropertyValueSpecification\",\"valueRequired\":true,\"valueName\":\"search_term_string\"}}],\"inLanguage\":\"en-US\"},{\"@type\":\"Organization\",\"@id\":\"https:\\\/\\\/csma.es\\\/#organization\",\"name\":\"Conservatorio Superior de M\u00fasica de Arag\u00f3n\",\"url\":\"https:\\\/\\\/csma.es\\\/\",\"logo\":{\"@type\":\"ImageObject\",\"inLanguage\":\"en-US\",\"@id\":\"https:\\\/\\\/csma.es\\\/#\\\/schema\\\/logo\\\/image\\\/\",\"url\":\"https:\\\/\\\/csma.es\\\/wp-content\\\/uploads\\\/2025\\\/04\\\/cropped-logo-csma-40anos-vertical-sintexto-positivo.png\",\"contentUrl\":\"https:\\\/\\\/csma.es\\\/wp-content\\\/uploads\\\/2025\\\/04\\\/cropped-logo-csma-40anos-vertical-sintexto-positivo.png\",\"width\":512,\"height\":512,\"caption\":\"Conservatorio Superior de M\u00fasica de Arag\u00f3n\"},\"image\":{\"@id\":\"https:\\\/\\\/csma.es\\\/#\\\/schema\\\/logo\\\/image\\\/\"},\"sameAs\":[\"https:\\\/\\\/www.facebook.com\\\/CSMAragon\\\/\",\"https:\\\/\\\/x.com\\\/csmaconser\",\"https:\\\/\\\/www.instagram.com\\\/csmaragon\\\/\",\"https:\\\/\\\/www.youtube.com\\\/channel\\\/UCcsLLtgZJUhz11-3Aj1sv3w\"]}]}<\/script>\n<!-- \/ Yoast SEO plugin. -->","yoast_head_json":{"title":"Nivel m\u00e1ster - CSMA","robots":{"index":"index","follow":"follow","max-snippet":"max-snippet:-1","max-image-preview":"max-image-preview:large","max-video-preview":"max-video-preview:-1"},"canonical":"https:\/\/csma.es\/estudios-de-nivel-master\/","og_locale":"en_US","og_type":"article","og_title":"Nivel m\u00e1ster - CSMA","og_description":"[vc_row css_animation=&#8221;&#8221; row_type=&#8221;row&#8221; use_row_as_full_screen_section=&#8221;no&#8221; type=&#8221;full_width&#8221; angled_section=&#8221;no&#8221; text_align=&#8221;left&#8221; background_image_as_pattern=&#8221;without_pattern&#8221;][vc_column width=&#8221;2\/3&#8243;][vc_separator type=&#8221;transparent&#8221;][vc_separator type=&#8221;transparent&#8221;][vc_separator type=&#8221;transparent&#8221;][vc_separator type=&#8221;transparent&#8221;][vc_separator type=&#8221;transparent&#8221;][vc_separator type=&#8221;transparent&#8221;][vc_separator type=&#8221;transparent&#8221;][vc_separator type=&#8221;transparent&#8221;][vc_column_text] M\u00c1STER EN ENSE\u00d1ANZAS ART\u00cdSTICAS EN M\u00daSICA CONTEMPOR\u00c1NEA [\/vc_column_text][vc_separator...","og_url":"https:\/\/csma.es\/estudios-de-nivel-master\/","og_site_name":"CSMA","article_publisher":"https:\/\/www.facebook.com\/CSMAragon\/","article_modified_time":"2019-09-30T09:25:17+00:00","og_image":[{"width":1200,"height":630,"url":"https:\/\/csma.es\/wp-content\/uploads\/2019\/11\/csma-1200.png","type":"image\/png"}],"twitter_card":"summary_large_image","twitter_site":"@csmaconser","twitter_misc":{"Est. reading time":"6 minutes"},"schema":{"@context":"https:\/\/schema.org","@graph":[{"@type":"WebPage","@id":"https:\/\/csma.es\/estudios-de-nivel-master\/","url":"https:\/\/csma.es\/estudios-de-nivel-master\/","name":"Nivel m\u00e1ster - CSMA","isPartOf":{"@id":"https:\/\/csma.es\/#website"},"datePublished":"2018-04-28T11:57:05+00:00","dateModified":"2019-09-30T09:25:17+00:00","breadcrumb":{"@id":"https:\/\/csma.es\/estudios-de-nivel-master\/#breadcrumb"},"inLanguage":"en-US","potentialAction":[{"@type":"ReadAction","target":["https:\/\/csma.es\/estudios-de-nivel-master\/"]}]},{"@type":"BreadcrumbList","@id":"https:\/\/csma.es\/estudios-de-nivel-master\/#breadcrumb","itemListElement":[{"@type":"ListItem","position":1,"name":"Portada","item":"https:\/\/csma.es\/en\/"},{"@type":"ListItem","position":2,"name":"Nivel m\u00e1ster"}]},{"@type":"WebSite","@id":"https:\/\/csma.es\/#website","url":"https:\/\/csma.es\/","name":"CSMA","description":"Conservatorio Superior de M\u00fasica de Arag\u00f3n","publisher":{"@id":"https:\/\/csma.es\/#organization"},"potentialAction":[{"@type":"SearchAction","target":{"@type":"EntryPoint","urlTemplate":"https:\/\/csma.es\/?s={search_term_string}"},"query-input":{"@type":"PropertyValueSpecification","valueRequired":true,"valueName":"search_term_string"}}],"inLanguage":"en-US"},{"@type":"Organization","@id":"https:\/\/csma.es\/#organization","name":"Conservatorio Superior de M\u00fasica de Arag\u00f3n","url":"https:\/\/csma.es\/","logo":{"@type":"ImageObject","inLanguage":"en-US","@id":"https:\/\/csma.es\/#\/schema\/logo\/image\/","url":"https:\/\/csma.es\/wp-content\/uploads\/2025\/04\/cropped-logo-csma-40anos-vertical-sintexto-positivo.png","contentUrl":"https:\/\/csma.es\/wp-content\/uploads\/2025\/04\/cropped-logo-csma-40anos-vertical-sintexto-positivo.png","width":512,"height":512,"caption":"Conservatorio Superior de M\u00fasica de Arag\u00f3n"},"image":{"@id":"https:\/\/csma.es\/#\/schema\/logo\/image\/"},"sameAs":["https:\/\/www.facebook.com\/CSMAragon\/","https:\/\/x.com\/csmaconser","https:\/\/www.instagram.com\/csmaragon\/","https:\/\/www.youtube.com\/channel\/UCcsLLtgZJUhz11-3Aj1sv3w"]}]}},"publishpress_future_action":{"enabled":false,"date":"2026-05-10 10:12:48","action":"change-status","newStatus":"draft","terms":[],"taxonomy":"","extraData":[]},"publishpress_future_workflow_manual_trigger":{"enabledWorkflows":[]},"_links":{"self":[{"href":"https:\/\/csma.es\/en\/wp-json\/wp\/v2\/pages\/15364","targetHints":{"allow":["GET"]}}],"collection":[{"href":"https:\/\/csma.es\/en\/wp-json\/wp\/v2\/pages"}],"about":[{"href":"https:\/\/csma.es\/en\/wp-json\/wp\/v2\/types\/page"}],"author":[{"embeddable":true,"href":"https:\/\/csma.es\/en\/wp-json\/wp\/v2\/users\/3"}],"replies":[{"embeddable":true,"href":"https:\/\/csma.es\/en\/wp-json\/wp\/v2\/comments?post=15364"}],"version-history":[{"count":0,"href":"https:\/\/csma.es\/en\/wp-json\/wp\/v2\/pages\/15364\/revisions"}],"wp:attachment":[{"href":"https:\/\/csma.es\/en\/wp-json\/wp\/v2\/media?parent=15364"}],"curies":[{"name":"wp","href":"https:\/\/api.w.org\/{rel}","templated":true}]}}